{"id":9635,"date":"2021-06-15T07:26:59","date_gmt":"2021-06-15T06:26:59","guid":{"rendered":"https:\/\/www.varprovence-cruise.com\/fr\/petanque-challenge-provencal-game"},"modified":"2022-05-04T12:01:53","modified_gmt":"2022-05-04T10:01:53","slug":"petanque-challenge-provencal-game","status":"publish","type":"page","link":"https:\/\/www.varprovence-cruise.com\/fr\/experience-var-provence\/idees-dexcursions\/petanque-challenge-provencal-game\/","title":{"rendered":"Tournoi de p\u00e9tanque, jeu proven\u00e7al"},"content":{"rendered":"<h2>D\u00e9fiez vos amis au Jeu Proven\u00e7al avec les tournoi de P\u00e9tanque, dans les majestueuses Ar\u00e8nes Romaines !<\/h2>\n<p>La p\u00e9tanque est la tradition et le jeu le plus populaire du sud de la France qui vous fera vous sentir comme un local. Ce jeu est au m\u00eame titre que les Joutes Proven\u00e7ales, un vieux sport traditionnel en Europe. Plaisir et sourire garantis !<\/p>\n<h3>Organisation du tournoi :<\/h3>\n<p><strong>Partie 1:<\/strong><\/p>\n<p>Initiation sous forme de 3 ateliers de 20 minutes : le point, le coup et le milieu<\/p>\n<p><strong>Partie 2:<\/strong><\/p>\n<p>D\u00e9fi entre \u00e9quipes. Les terrains sont \u00e9quip\u00e9s et le pr\u00eat de balles est inclus (un minimum de 12 personnes permet l&rsquo;organisation des mini tournois).<\/p>\n<p><strong>Inclus:<\/strong><\/p>\n<ul>\n<li><strong>Lot<\/strong> : 1 but grav\u00e9 de la date du jour offert<\/li>\n<li><strong>S\u00e9ance photo avec les champions en titre<\/strong> (Champions de France, d&rsquo;Europe et du monde)<\/li>\n<li><strong>Reportage photo<\/strong><\/li>\n<\/ul>\n<p><em>Interpr\u00e8te anglais pour expliquer les r\u00e8gles du jeu.<\/em><\/p>\n","protected":false},"excerpt":{"rendered":"<p>D\u00e9fiez vos amis au Jeu Proven\u00e7al avec les tournoi de P\u00e9tanque, dans les majestueuses Ar\u00e8nes Romaines ! La p\u00e9tanque est la tradition et le jeu le plus populaire du sud de la France qui vous fera vous sentir comme un local. Ce jeu est au m\u00eame titre que les Joutes Proven\u00e7ales, un vieux sport traditionnel [&hellip;]<\/p>\n","protected":false},"author":1,"featured_media":3234,"parent":147,"menu_order":0,"comment_status":"closed","ping_status":"closed","template":"","meta":[],"_links":{"self":[{"href":"https:\/\/www.varprovence-cruise.com\/fr\/wp-json\/wp\/v2\/pages\/9635"}],"collection":[{"href":"https:\/\/www.varprovence-cruise.com\/fr\/wp-json\/wp\/v2\/pages"}],"about":[{"href":"https:\/\/www.varprovence-cruise.com\/fr\/wp-json\/wp\/v2\/types\/page"}],"author":[{"embeddable":true,"href":"https:\/\/www.varprovence-cruise.com\/fr\/wp-json\/wp\/v2\/users\/1"}],"replies":[{"embeddable":true,"href":"https:\/\/www.varprovence-cruise.com\/fr\/wp-json\/wp\/v2\/comments?post=9635"}],"version-history":[{"count":6,"href":"https:\/\/www.varprovence-cruise.com\/fr\/wp-json\/wp\/v2\/pages\/9635\/revisions"}],"predecessor-version":[{"id":17764,"href":"https:\/\/www.varprovence-cruise.com\/fr\/wp-json\/wp\/v2\/pages\/9635\/revisions\/17764"}],"up":[{"embeddable":true,"href":"https:\/\/www.varprovence-cruise.com\/fr\/wp-json\/wp\/v2\/pages\/147"}],"wp:featuredmedia":[{"embeddable":true,"href":"https:\/\/www.varprovence-cruise.com\/fr\/wp-json\/wp\/v2\/media\/3234"}],"wp:attachment":[{"href":"https:\/\/www.varprovence-cruise.com\/fr\/wp-json\/wp\/v2\/media?parent=9635"}],"curies":[{"name":"wp","href":"https:\/\/api.w.org\/{rel}","templated":true}]}}