{"id":9627,"date":"2021-06-15T07:26:59","date_gmt":"2021-06-15T06:26:59","guid":{"rendered":"https:\/\/www.varprovence-cruise.com\/fr\/discover-the-provencal-pompeii"},"modified":"2022-08-01T21:46:46","modified_gmt":"2022-08-01T19:46:46","slug":"decouvrez-la-pompei-provencale","status":"publish","type":"page","link":"https:\/\/www.varprovence-cruise.com\/fr\/experience-var-provence\/idees-dexcursions\/decouvrez-la-pompei-provencale\/","title":{"rendered":"D\u00e9couvrez la Pomp\u00e9i proven\u00e7ale"},"content":{"rendered":"<h2><strong>D\u00e9couvrez l&rsquo;esprit romain de Fr\u00e9jus<br \/>\n<\/strong><\/h2>\n<p>Commencez par une <strong>visite guid\u00e9e des monuments romains<\/strong> (environ 3 heures) : Th\u00e9\u00e2tre, Amphith\u00e9\u00e2tre, Porte des Gaules, Porte de Rome, Aqueduc et Remparts. Ensuite, parcourez la <strong>derni\u00e8re d\u00e9couverte arch\u00e9ologique<\/strong> : la <strong>Crypte du vivier romain<\/strong> (12 pers max). Vous p\u00e9n\u00e9trerez au c\u0153ur d&rsquo;un vivier romain o\u00fa vous d\u00e9couvrirez le syst\u00e8me d&rsquo;approvisionnement en eau, les arches d&rsquo;un aqueduc ainsi qu\u2019un grand bassin. Terminez votre visite par le <strong>mus\u00e9e arch\u00e9ologique<\/strong> qui vous pr\u00e9sentera les d\u00e9couvertes arch\u00e9ologiques ainsi que le concept du \u00abPomp\u00e9i proven\u00e7al \u00bb avec une maquette du port romain, la \u00abMosa\u00efque du l\u00e9opard \u00bb et d&rsquo;autres merveilleux tr\u00e9sors antiques.<\/p>\n","protected":false},"excerpt":{"rendered":"<p>D\u00e9couvrez l&rsquo;esprit romain de Fr\u00e9jus Commencez par une visite guid\u00e9e des monuments romains (environ 3 heures) : Th\u00e9\u00e2tre, Amphith\u00e9\u00e2tre, Porte des Gaules, Porte de Rome, Aqueduc et Remparts. Ensuite, parcourez la derni\u00e8re d\u00e9couverte arch\u00e9ologique : la Crypte du vivier romain (12 pers max). Vous p\u00e9n\u00e9trerez au c\u0153ur d&rsquo;un vivier romain o\u00fa vous d\u00e9couvrirez le syst\u00e8me [&hellip;]<\/p>\n","protected":false},"author":1,"featured_media":3227,"parent":147,"menu_order":0,"comment_status":"closed","ping_status":"closed","template":"","meta":[],"_links":{"self":[{"href":"https:\/\/www.varprovence-cruise.com\/fr\/wp-json\/wp\/v2\/pages\/9627"}],"collection":[{"href":"https:\/\/www.varprovence-cruise.com\/fr\/wp-json\/wp\/v2\/pages"}],"about":[{"href":"https:\/\/www.varprovence-cruise.com\/fr\/wp-json\/wp\/v2\/types\/page"}],"author":[{"embeddable":true,"href":"https:\/\/www.varprovence-cruise.com\/fr\/wp-json\/wp\/v2\/users\/1"}],"replies":[{"embeddable":true,"href":"https:\/\/www.varprovence-cruise.com\/fr\/wp-json\/wp\/v2\/comments?post=9627"}],"version-history":[{"count":7,"href":"https:\/\/www.varprovence-cruise.com\/fr\/wp-json\/wp\/v2\/pages\/9627\/revisions"}],"predecessor-version":[{"id":18510,"href":"https:\/\/www.varprovence-cruise.com\/fr\/wp-json\/wp\/v2\/pages\/9627\/revisions\/18510"}],"up":[{"embeddable":true,"href":"https:\/\/www.varprovence-cruise.com\/fr\/wp-json\/wp\/v2\/pages\/147"}],"wp:featuredmedia":[{"embeddable":true,"href":"https:\/\/www.varprovence-cruise.com\/fr\/wp-json\/wp\/v2\/media\/3227"}],"wp:attachment":[{"href":"https:\/\/www.varprovence-cruise.com\/fr\/wp-json\/wp\/v2\/media?parent=9627"}],"curies":[{"name":"wp","href":"https:\/\/api.w.org\/{rel}","templated":true}]}}