{"id":9613,"date":"2021-06-15T07:26:59","date_gmt":"2021-06-15T06:26:59","guid":{"rendered":"https:\/\/www.varprovence-cruise.com\/fr\/the-roman-legion-spirit-tour"},"modified":"2022-05-02T00:42:02","modified_gmt":"2022-05-01T22:42:02","slug":"lesprit-de-la-legion-romaine","status":"publish","type":"page","link":"https:\/\/www.varprovence-cruise.com\/fr\/experience-var-provence\/idees-dexcursions\/lesprit-de-la-legion-romaine\/","title":{"rendered":"L&rsquo;esprit de la L\u00e9gion romaine"},"content":{"rendered":"<h2><strong>Sur les traces des l\u00e9gionnaires romains<\/strong><\/h2>\n<p><strong>Visite accompagn\u00e9e de la L\u00e9gion VII Octavia<\/strong><\/p>\n<p>Destin\u00e9e aux petits comme aux grands, cette visite hors du commun est pour les plus curieux, comment\u00e9e par un guide conf\u00e9rencier.Elle est \u00e9galement <strong>anim\u00e9e par des L\u00e9gionnaires romains<\/strong> plus vrais que nature, avec d\u00e9monstration de <strong>man\u0153uvres militaires et combats pour les amateurs de sensations fortes.<\/strong><\/p>\n<p>Parcours in\u00e9dit du c\u0153ur historique, le circuit emm\u00e8ne les spectateurs \u00e0 la rencontre des monuments de spectacles romains, leur garantissant un v\u00e9ritable voyage dans le temps. Vous pourrez <strong>essayer les armures<\/strong> et <strong>d\u00e9couvrir les man\u0153uvres et les gestes des l\u00e9gionnaires romains<\/strong> !<\/p>\n<p><strong>Une visite immersive :<br \/>\n<\/strong><\/p>\n<p>Au fil de la visite, les <strong>l\u00e9gionnaires romains<\/strong> accompagn\u00e9s du <strong>guide conf\u00e9rencier en costume romain<\/strong> vous emm\u00e8nent<strong> \u00e0 travers l&rsquo;histoire de la ville \u00e0 l&rsquo;\u00e9poque romaine<\/strong> : th\u00e9\u00e2tre, centre historique, statue du g\u00e9n\u00e9ral Agricola pour finir dans les ar\u00e8nes avec des d\u00e9monstrations et la d\u00e9couverte de l&rsquo;\u00e9quipement des l\u00e9gionnaires.<\/p>\n","protected":false},"excerpt":{"rendered":"<p>Sur les traces des l\u00e9gionnaires romains Visite accompagn\u00e9e de la L\u00e9gion VII Octavia Destin\u00e9e aux petits comme aux grands, cette visite hors du commun est pour les plus curieux, comment\u00e9e par un guide conf\u00e9rencier.Elle est \u00e9galement anim\u00e9e par des L\u00e9gionnaires romains plus vrais que nature, avec d\u00e9monstration de man\u0153uvres militaires et combats pour les amateurs [&hellip;]<\/p>\n","protected":false},"author":1,"featured_media":9760,"parent":147,"menu_order":0,"comment_status":"closed","ping_status":"closed","template":"","meta":[],"_links":{"self":[{"href":"https:\/\/www.varprovence-cruise.com\/fr\/wp-json\/wp\/v2\/pages\/9613"}],"collection":[{"href":"https:\/\/www.varprovence-cruise.com\/fr\/wp-json\/wp\/v2\/pages"}],"about":[{"href":"https:\/\/www.varprovence-cruise.com\/fr\/wp-json\/wp\/v2\/types\/page"}],"author":[{"embeddable":true,"href":"https:\/\/www.varprovence-cruise.com\/fr\/wp-json\/wp\/v2\/users\/1"}],"replies":[{"embeddable":true,"href":"https:\/\/www.varprovence-cruise.com\/fr\/wp-json\/wp\/v2\/comments?post=9613"}],"version-history":[{"count":3,"href":"https:\/\/www.varprovence-cruise.com\/fr\/wp-json\/wp\/v2\/pages\/9613\/revisions"}],"predecessor-version":[{"id":17424,"href":"https:\/\/www.varprovence-cruise.com\/fr\/wp-json\/wp\/v2\/pages\/9613\/revisions\/17424"}],"up":[{"embeddable":true,"href":"https:\/\/www.varprovence-cruise.com\/fr\/wp-json\/wp\/v2\/pages\/147"}],"wp:featuredmedia":[{"embeddable":true,"href":"https:\/\/www.varprovence-cruise.com\/fr\/wp-json\/wp\/v2\/media\/9760"}],"wp:attachment":[{"href":"https:\/\/www.varprovence-cruise.com\/fr\/wp-json\/wp\/v2\/media?parent=9613"}],"curies":[{"name":"wp","href":"https:\/\/api.w.org\/{rel}","templated":true}]}}