{"id":9599,"date":"2021-06-15T07:26:59","date_gmt":"2021-06-15T06:26:59","guid":{"rendered":"https:\/\/www.varprovence-cruise.com\/fr\/from-romantism-to-the-belle-epoque"},"modified":"2022-05-04T11:25:51","modified_gmt":"2022-05-04T09:25:51","slug":"du-romantisme-a-la-belle-epoque","status":"publish","type":"page","link":"https:\/\/www.varprovence-cruise.com\/fr\/experience-var-provence\/idees-dexcursions\/du-romantisme-a-la-belle-epoque\/","title":{"rendered":"Du Romantisme \u00e0 la Belle \u00c9poque"},"content":{"rendered":"<h2>De la Rome antique au romantisme, il n&rsquo;y a qu&rsquo;un pas \u00e0 Fr\u00e9jus.<\/h2>\n<p><em>Le Romantisme : un art, une philosophie. C&rsquo;est en pensant \u00e0 la nature que le romantisme exprime sa sensibilit\u00e9, d\u00e9couverte \u00e0 travers les pens\u00e9es et les r\u00eaves.<\/em><\/p>\n<h3>\u00a0Un voyage romantique :<\/h3>\n<ul>\n<li>Ne manquez pas la <strong>Villa Aur\u00e9lienne<\/strong> ! Cette belle demeure palladienne de 1889 invite \u00e0 la <strong>contemplation et \u00e0 la m\u00e9ditation<\/strong>. Son<strong> parc de 24 hectares<\/strong> caract\u00e9ris\u00e9 par sa flore m\u00e9diterran\u00e9enne abrite les magnifiques vestiges de l&rsquo;aqueduc romain, vous faisant voyager \u00e0 travers diff\u00e9rentes \u00e9poques et styles de po\u00e9sie.<\/li>\n<li>Continuez ce voyage romantique avec une visite de la<strong> chapelle Notre Dame de J\u00e9rusalem aussi appel\u00e9e chapelle Cocteau<\/strong>. Nich\u00e9 au c\u0153ur d&rsquo;une pin\u00e8de, la beaut\u00e9 de ce monument con\u00e7u par Jean Cocteau r\u00e9side dans ses couleurs pastel chatoyantes, apportant \u00e0 ce lieu un sentiment de paix et de tranquillit\u00e9.<\/li>\n<\/ul>\n<h3>Quartier Belle \u00c9poque \u00e0 Saint-Aygulf :<\/h3>\n<ul>\n<li>Ce <strong>quartier de Fr\u00e9jus cr\u00e9\u00e9 en 1888<\/strong> et introduit par <strong>Guy de Maupassant dans son roman \u00ab Sur l&rsquo;Eau \u00bb<\/strong>, incite encore aujourd&rsquo;hui les visiteurs \u00e0 d\u00e9couvrir les belles villas dans leur \u00e9crin de verdure avec une vue imprenable sur la mer M\u00e9diterran\u00e9e. Carolus Duran y a \u00e9lu domicile. <strong>Peintre remarquable du XIXe si\u00e8cle<\/strong>, une grande partie de ses oeuvres sont expos\u00e9es dans la chapelle Saint-Aygulf.<\/li>\n<\/ul>\n","protected":false},"excerpt":{"rendered":"<p>De la Rome antique au romantisme, il n&rsquo;y a qu&rsquo;un pas \u00e0 Fr\u00e9jus. Le Romantisme : un art, une philosophie. C&rsquo;est en pensant \u00e0 la nature que le romantisme exprime sa sensibilit\u00e9, d\u00e9couverte \u00e0 travers les pens\u00e9es et les r\u00eaves. \u00a0Un voyage romantique : Ne manquez pas la Villa Aur\u00e9lienne ! Cette belle demeure palladienne [&hellip;]<\/p>\n","protected":false},"author":1,"featured_media":9772,"parent":147,"menu_order":0,"comment_status":"closed","ping_status":"closed","template":"","meta":[],"_links":{"self":[{"href":"https:\/\/www.varprovence-cruise.com\/fr\/wp-json\/wp\/v2\/pages\/9599"}],"collection":[{"href":"https:\/\/www.varprovence-cruise.com\/fr\/wp-json\/wp\/v2\/pages"}],"about":[{"href":"https:\/\/www.varprovence-cruise.com\/fr\/wp-json\/wp\/v2\/types\/page"}],"author":[{"embeddable":true,"href":"https:\/\/www.varprovence-cruise.com\/fr\/wp-json\/wp\/v2\/users\/1"}],"replies":[{"embeddable":true,"href":"https:\/\/www.varprovence-cruise.com\/fr\/wp-json\/wp\/v2\/comments?post=9599"}],"version-history":[{"count":6,"href":"https:\/\/www.varprovence-cruise.com\/fr\/wp-json\/wp\/v2\/pages\/9599\/revisions"}],"predecessor-version":[{"id":17741,"href":"https:\/\/www.varprovence-cruise.com\/fr\/wp-json\/wp\/v2\/pages\/9599\/revisions\/17741"}],"up":[{"embeddable":true,"href":"https:\/\/www.varprovence-cruise.com\/fr\/wp-json\/wp\/v2\/pages\/147"}],"wp:featuredmedia":[{"embeddable":true,"href":"https:\/\/www.varprovence-cruise.com\/fr\/wp-json\/wp\/v2\/media\/9772"}],"wp:attachment":[{"href":"https:\/\/www.varprovence-cruise.com\/fr\/wp-json\/wp\/v2\/media?parent=9599"}],"curies":[{"name":"wp","href":"https:\/\/api.w.org\/{rel}","templated":true}]}}