{"id":9542,"date":"2021-06-15T07:26:59","date_gmt":"2021-06-15T06:26:59","guid":{"rendered":"https:\/\/www.varprovence-cruise.com\/fr\/frejus-colonial-military-heritage-tour"},"modified":"2022-05-04T11:36:03","modified_gmt":"2022-05-04T09:36:03","slug":"frejus-circuit-patrimonial-colonial-militaire","status":"publish","type":"page","link":"https:\/\/www.varprovence-cruise.com\/fr\/experience-var-provence\/idees-dexcursions\/frejus-circuit-patrimonial-colonial-militaire\/","title":{"rendered":"Fr\u00e9jus : Circuit patrimonial colonial &#038; militaire"},"content":{"rendered":"<h2><strong>Un riche h\u00e9ritage de diff\u00e9rentes cultures<\/strong><\/h2>\n<h3>Le circuit du patrimoine colonial et militaire :<\/h3>\n<p>L&rsquo;histoire militaire a \u00e9t\u00e9 une partie importante du pass\u00e9 de Fr\u00e9jus de l&rsquo;\u00e9poque de l&#8217;empereur Jules C\u00e9sar \u00e0 nos jours. Fr\u00e9jus fut une terre d&rsquo;acclimatation des troupes coloniales pendant la Grande Guerre et reste une terre de m\u00e9moire, comm\u00e9morant ces arm\u00e9es et leurs origines. Ce circuit offre une <strong>vision globale du riche patrimoine militaire \u00e0 travers de magnifiques collections de l&rsquo;\u00e9poque coloniale.<\/strong><\/p>\n<ul>\n<li>Commencez la visite par La <strong>Pagode de Hong-Hien<\/strong>, unique dans le Var. Il s&rsquo;agit du plus ancien temple bouddhiste de France construit en 1917 par les fantassins indochinois.<\/li>\n<li>Continuez vers le <strong>M\u00e9morial de la guerre d&rsquo;Indochine<\/strong> et la N\u00e9cropole nationale qui pr\u00e9sente l&rsquo;histoire de l&rsquo;Indochine fran\u00e7aise.<\/li>\n<li>Ensuite, d\u00e9couvrez le <strong>M\u00e9morial de l&rsquo;Arm\u00e9e Noire<\/strong>, qui pr\u00e9sente une magnifique sculpture.<\/li>\n<li>Pour compl\u00e9ter la visite, d\u00e9couvrez la <strong>mosqu\u00e9e du Missouri<\/strong>, situ\u00e9e dans le camp militaire de Ca\u00efs, sur le mod\u00e8le de la Grande Mosqu\u00e9e de Djenn\u00e9 au Mali. Cet \u00e9difice est class\u00e9 monument historique.<\/li>\n<li>Terminez par la visite du <strong>Mus\u00e9e des Troupes de la Marine<\/strong>, labellis\u00e9 Mus\u00e9e de France.<\/li>\n<\/ul>\n","protected":false},"excerpt":{"rendered":"<p>Un riche h\u00e9ritage de diff\u00e9rentes cultures Le circuit du patrimoine colonial et militaire : L&rsquo;histoire militaire a \u00e9t\u00e9 une partie importante du pass\u00e9 de Fr\u00e9jus de l&rsquo;\u00e9poque de l&#8217;empereur Jules C\u00e9sar \u00e0 nos jours. Fr\u00e9jus fut une terre d&rsquo;acclimatation des troupes coloniales pendant la Grande Guerre et reste une terre de m\u00e9moire, comm\u00e9morant ces arm\u00e9es [&hellip;]<\/p>\n","protected":false},"author":1,"featured_media":9511,"parent":147,"menu_order":0,"comment_status":"closed","ping_status":"closed","template":"","meta":[],"_links":{"self":[{"href":"https:\/\/www.varprovence-cruise.com\/fr\/wp-json\/wp\/v2\/pages\/9542"}],"collection":[{"href":"https:\/\/www.varprovence-cruise.com\/fr\/wp-json\/wp\/v2\/pages"}],"about":[{"href":"https:\/\/www.varprovence-cruise.com\/fr\/wp-json\/wp\/v2\/types\/page"}],"author":[{"embeddable":true,"href":"https:\/\/www.varprovence-cruise.com\/fr\/wp-json\/wp\/v2\/users\/1"}],"replies":[{"embeddable":true,"href":"https:\/\/www.varprovence-cruise.com\/fr\/wp-json\/wp\/v2\/comments?post=9542"}],"version-history":[{"count":6,"href":"https:\/\/www.varprovence-cruise.com\/fr\/wp-json\/wp\/v2\/pages\/9542\/revisions"}],"predecessor-version":[{"id":17223,"href":"https:\/\/www.varprovence-cruise.com\/fr\/wp-json\/wp\/v2\/pages\/9542\/revisions\/17223"}],"up":[{"embeddable":true,"href":"https:\/\/www.varprovence-cruise.com\/fr\/wp-json\/wp\/v2\/pages\/147"}],"wp:featuredmedia":[{"embeddable":true,"href":"https:\/\/www.varprovence-cruise.com\/fr\/wp-json\/wp\/v2\/media\/9511"}],"wp:attachment":[{"href":"https:\/\/www.varprovence-cruise.com\/fr\/wp-json\/wp\/v2\/media?parent=9542"}],"curies":[{"name":"wp","href":"https:\/\/api.w.org\/{rel}","templated":true}]}}