{"id":9502,"date":"2021-06-15T07:26:59","date_gmt":"2021-06-15T06:26:59","guid":{"rendered":"https:\/\/www.varprovence-cruise.com\/fr\/frejus-the-incredible-heritage-tour"},"modified":"2022-05-02T20:40:56","modified_gmt":"2022-05-02T18:40:56","slug":"frejus-et-son-incroyable-circuit-patrimonial","status":"publish","type":"page","link":"https:\/\/www.varprovence-cruise.com\/fr\/experience-var-provence\/idees-dexcursions\/frejus-et-son-incroyable-circuit-patrimonial\/","title":{"rendered":"Fr\u00e9jus et son incroyable circuit patrimonial"},"content":{"rendered":"<h3>Voyagez dans le temps gr\u00e2ce \u00e0 un subtil m\u00e9lange de cultures et croyances de diff\u00e9rents continents<\/h3>\n<p><strong>Un tour du monde : Fr\u00e9jus regorge de cultures et de lieux de culte diff\u00e9rents :<\/strong><\/p>\n<p>Commencez par la visite de la <strong>mosqu\u00e9e Missiri<\/strong>, r\u00e9plique d&rsquo;une ancienne fortification ouest-africaine. Continuez ensuite vers la <strong>Pagode Hong-Hien<\/strong>, l&rsquo;une des plus anciennes pagodes de France et toujours un centre de culte bouddhiste. Pour clore ces d\u00e9couvertes religieuses et culturelles, une <strong>visite de la Chapelle Notre Dame de J\u00e9rusalem<\/strong> dite <strong>Chapelle Cocteau<\/strong>, est propos\u00e9e.<\/p>\n<h3>Visite du vivier romain (12 personnes maximum) :<\/h3>\n<p>Vous explorerez le c\u0153ur d&rsquo;un <strong>vivier romain<\/strong> et d\u00e9couvrirez le syst\u00e8me d&rsquo;adduction d&rsquo;eau, les arches d&rsquo;un aqueduc et un grand r\u00e9servoir.<\/p>\n<p>Terminez votre journ\u00e9e par une visite de la<strong> chapelle Saint-Andr\u00e9<\/strong>, nich\u00e9e dans l&rsquo;ancien palais \u00e9piscopal, aujourd&rsquo;hui l&rsquo;h\u00f4tel de ville.<\/p>\n","protected":false},"excerpt":{"rendered":"<p>Voyagez dans le temps gr\u00e2ce \u00e0 un subtil m\u00e9lange de cultures et croyances de diff\u00e9rents continents Un tour du monde : Fr\u00e9jus regorge de cultures et de lieux de culte diff\u00e9rents : Commencez par la visite de la mosqu\u00e9e Missiri, r\u00e9plique d&rsquo;une ancienne fortification ouest-africaine. Continuez ensuite vers la Pagode Hong-Hien, l&rsquo;une des plus anciennes [&hellip;]<\/p>\n","protected":false},"author":1,"featured_media":9512,"parent":147,"menu_order":0,"comment_status":"closed","ping_status":"closed","template":"","meta":[],"_links":{"self":[{"href":"https:\/\/www.varprovence-cruise.com\/fr\/wp-json\/wp\/v2\/pages\/9502"}],"collection":[{"href":"https:\/\/www.varprovence-cruise.com\/fr\/wp-json\/wp\/v2\/pages"}],"about":[{"href":"https:\/\/www.varprovence-cruise.com\/fr\/wp-json\/wp\/v2\/types\/page"}],"author":[{"embeddable":true,"href":"https:\/\/www.varprovence-cruise.com\/fr\/wp-json\/wp\/v2\/users\/1"}],"replies":[{"embeddable":true,"href":"https:\/\/www.varprovence-cruise.com\/fr\/wp-json\/wp\/v2\/comments?post=9502"}],"version-history":[{"count":5,"href":"https:\/\/www.varprovence-cruise.com\/fr\/wp-json\/wp\/v2\/pages\/9502\/revisions"}],"predecessor-version":[{"id":17650,"href":"https:\/\/www.varprovence-cruise.com\/fr\/wp-json\/wp\/v2\/pages\/9502\/revisions\/17650"}],"up":[{"embeddable":true,"href":"https:\/\/www.varprovence-cruise.com\/fr\/wp-json\/wp\/v2\/pages\/147"}],"wp:featuredmedia":[{"embeddable":true,"href":"https:\/\/www.varprovence-cruise.com\/fr\/wp-json\/wp\/v2\/media\/9512"}],"wp:attachment":[{"href":"https:\/\/www.varprovence-cruise.com\/fr\/wp-json\/wp\/v2\/media?parent=9502"}],"curies":[{"name":"wp","href":"https:\/\/api.w.org\/{rel}","templated":true}]}}