{"id":8381,"date":"2021-06-15T07:26:59","date_gmt":"2021-06-15T06:26:59","guid":{"rendered":"https:\/\/www.varprovence-cruise.com\/fr\/agenda-marches-saint-tropez"},"modified":"2022-05-04T09:52:44","modified_gmt":"2022-05-04T07:52:44","slug":"agenda-marches-saint-tropez","status":"publish","type":"page","link":"https:\/\/www.varprovence-cruise.com\/fr\/experience-var-provence\/agenda\/agenda-marches-saint-tropez\/","title":{"rendered":"Agenda &#038; March\u00e9s  Saint-Tropez"},"content":{"rendered":"<p>D\u00e9couvrez ici l&rsquo;Agenda des \u00e9v\u00e9nements &amp; des march\u00e9s de Saint-Tropez qui ravira les croisi\u00e9ristes.<\/p>\n<p>Les <strong>mardis et samedis<\/strong> matins, le march\u00e9 anim\u00e9 de la <strong>Place des Lices<\/strong> propose des produits du terroir comme des herbes de Provence, des fruits et l\u00e9gumes, de la lavande, de l&rsquo;huile d&rsquo;olive, des tissus proven\u00e7aux ou encore des produits artisanaux et des antiquit\u00e9s.<br \/>\n<strong>Tous les jours et durant toute l&rsquo;ann\u00e9e<\/strong>, \u00e0 l&rsquo;entr\u00e9e de la vieille ville, les p\u00eacheurs exposent <strong>la p\u00eache du jour<\/strong> : bar, dorade, poulpe, crabe&#8230; <strong>A voir et \u00e0 d\u00e9guster !<\/strong><\/p>\n","protected":false},"excerpt":{"rendered":"<p>D\u00e9couvrez ici l&rsquo;Agenda des \u00e9v\u00e9nements &amp; des march\u00e9s de Saint-Tropez qui ravira les croisi\u00e9ristes. Les mardis et samedis matins, le march\u00e9 anim\u00e9 de la Place des Lices propose des produits du terroir comme des herbes de Provence, des fruits et l\u00e9gumes, de la lavande, de l&rsquo;huile d&rsquo;olive, des tissus proven\u00e7aux ou encore des produits artisanaux [&hellip;]<\/p>\n","protected":false},"author":1,"featured_media":1774,"parent":5792,"menu_order":0,"comment_status":"closed","ping_status":"closed","template":"sit.php","meta":[],"_links":{"self":[{"href":"https:\/\/www.varprovence-cruise.com\/fr\/wp-json\/wp\/v2\/pages\/8381"}],"collection":[{"href":"https:\/\/www.varprovence-cruise.com\/fr\/wp-json\/wp\/v2\/pages"}],"about":[{"href":"https:\/\/www.varprovence-cruise.com\/fr\/wp-json\/wp\/v2\/types\/page"}],"author":[{"embeddable":true,"href":"https:\/\/www.varprovence-cruise.com\/fr\/wp-json\/wp\/v2\/users\/1"}],"replies":[{"embeddable":true,"href":"https:\/\/www.varprovence-cruise.com\/fr\/wp-json\/wp\/v2\/comments?post=8381"}],"version-history":[{"count":6,"href":"https:\/\/www.varprovence-cruise.com\/fr\/wp-json\/wp\/v2\/pages\/8381\/revisions"}],"predecessor-version":[{"id":17710,"href":"https:\/\/www.varprovence-cruise.com\/fr\/wp-json\/wp\/v2\/pages\/8381\/revisions\/17710"}],"up":[{"embeddable":true,"href":"https:\/\/www.varprovence-cruise.com\/fr\/wp-json\/wp\/v2\/pages\/5792"}],"wp:featuredmedia":[{"embeddable":true,"href":"https:\/\/www.varprovence-cruise.com\/fr\/wp-json\/wp\/v2\/media\/1774"}],"wp:attachment":[{"href":"https:\/\/www.varprovence-cruise.com\/fr\/wp-json\/wp\/v2\/media?parent=8381"}],"curies":[{"name":"wp","href":"https:\/\/api.w.org\/{rel}","templated":true}]}}