{"id":8368,"date":"2021-06-15T07:26:59","date_gmt":"2021-06-15T06:26:59","guid":{"rendered":"https:\/\/www.varprovence-cruise.com\/fr\/agenda-marches-rade-de-toulon"},"modified":"2023-03-15T12:13:18","modified_gmt":"2023-03-15T11:13:18","slug":"agenda-marches-rade-de-toulon","status":"publish","type":"page","link":"https:\/\/www.varprovence-cruise.com\/fr\/experience-var-provence\/agenda\/agenda-marches-rade-de-toulon\/","title":{"rendered":"Agenda &#038; March\u00e9s Rade de Toulon"},"content":{"rendered":"<p>D\u00e9couvrez ici l&rsquo;Agenda des \u00c9v\u00e9nements &amp; des March\u00e9s de la Rade de Toulon (Toulon &amp; La Seyne-sur-Mer) qui raviront les croisi\u00e9ristes.<\/p>\n<p>\u00c0 Toulon :<\/p>\n<p><strong>Tous les jours sauf le lundi<\/strong>, \u00e0 seulement 5 minutes du Terminal Croisi\u00e8re de Toulon, Passagers &amp; Membres d&rsquo;\u00e9quipage auront la chance de faire leurs courses dans le plus <strong>grand March\u00e9 Proven\u00e7al de France<\/strong> !<\/p>\n<p>\u00c0 La Seyne-sur-Mer :<\/p>\n<p>Le march\u00e9 proven\u00e7al du centre-ville propose aux croisi\u00e9ristes un large choix de fruits et l\u00e9gumes frais, fromages, charcuterie, \u00e9pices&#8230; ainsi que des tissus. <strong>A d\u00e9guster absolument : \u00ab\u00a0La Cade\u00a0\u00bb<\/strong>, sp\u00e9cialit\u00e9 proven\u00e7ale \u00e0 base de pois chiche et huile d&rsquo;olive !<br \/>\nLe vendredi, le march\u00e9\u00a0 s&rsquo;\u00e9tend sur la promenade en bord de mer des Sablettes. Cuisine proven\u00e7ale, foraine, textiles et v\u00eatements sont au rendez-vous !<\/p>\n<p><em>\u00a0<\/em><\/p>\n","protected":false},"excerpt":{"rendered":"<p>D\u00e9couvrez ici l&rsquo;Agenda des \u00c9v\u00e9nements &amp; des March\u00e9s de la Rade de Toulon (Toulon &amp; La Seyne-sur-Mer) qui raviront les croisi\u00e9ristes. \u00c0 Toulon : Tous les jours sauf le lundi, \u00e0 seulement 5 minutes du Terminal Croisi\u00e8re de Toulon, Passagers &amp; Membres d&rsquo;\u00e9quipage auront la chance de faire leurs courses dans le plus grand March\u00e9 [&hellip;]<\/p>\n","protected":false},"author":1,"featured_media":5587,"parent":5792,"menu_order":0,"comment_status":"closed","ping_status":"closed","template":"sit.php","meta":[],"_links":{"self":[{"href":"https:\/\/www.varprovence-cruise.com\/fr\/wp-json\/wp\/v2\/pages\/8368"}],"collection":[{"href":"https:\/\/www.varprovence-cruise.com\/fr\/wp-json\/wp\/v2\/pages"}],"about":[{"href":"https:\/\/www.varprovence-cruise.com\/fr\/wp-json\/wp\/v2\/types\/page"}],"author":[{"embeddable":true,"href":"https:\/\/www.varprovence-cruise.com\/fr\/wp-json\/wp\/v2\/users\/1"}],"replies":[{"embeddable":true,"href":"https:\/\/www.varprovence-cruise.com\/fr\/wp-json\/wp\/v2\/comments?post=8368"}],"version-history":[{"count":6,"href":"https:\/\/www.varprovence-cruise.com\/fr\/wp-json\/wp\/v2\/pages\/8368\/revisions"}],"predecessor-version":[{"id":14536,"href":"https:\/\/www.varprovence-cruise.com\/fr\/wp-json\/wp\/v2\/pages\/8368\/revisions\/14536"}],"up":[{"embeddable":true,"href":"https:\/\/www.varprovence-cruise.com\/fr\/wp-json\/wp\/v2\/pages\/5792"}],"wp:featuredmedia":[{"embeddable":true,"href":"https:\/\/www.varprovence-cruise.com\/fr\/wp-json\/wp\/v2\/media\/5587"}],"wp:attachment":[{"href":"https:\/\/www.varprovence-cruise.com\/fr\/wp-json\/wp\/v2\/media?parent=8368"}],"curies":[{"name":"wp","href":"https:\/\/api.w.org\/{rel}","templated":true}]}}