{"id":8360,"date":"2021-06-15T07:26:59","date_gmt":"2021-06-15T06:26:59","guid":{"rendered":"https:\/\/www.varprovence-cruise.com\/fr\/agenda-marches-bandol"},"modified":"2023-02-02T11:07:39","modified_gmt":"2023-02-02T10:07:39","slug":"agenda-marches-bandol","status":"publish","type":"page","link":"https:\/\/www.varprovence-cruise.com\/fr\/experience-var-provence\/agenda\/agenda-marches-bandol\/","title":{"rendered":"Agenda &#038; March\u00e9s Bandol"},"content":{"rendered":"<p>D\u00e9couvrez ici l&rsquo;Agenda des \u00e9v\u00e9nements &amp; des march\u00e9s de Bandol qui ravira les croisi\u00e9ristes.\u00a0 <br \/>\nId\u00e9alement <strong>situ\u00e9 au c\u0153ur du village<\/strong> \u00e0 proximit\u00e9 de l&#8217;embarcad\u00e8re, le <strong>march\u00e9<\/strong> <strong>proven\u00e7al<\/strong> a lieu <strong>tous les matins<\/strong>.<\/p>\n<h2 style=\"text-align: left;\">\n<\/h2>\n<p>&nbsp;<\/p>\n","protected":false},"excerpt":{"rendered":"<p>D\u00e9couvrez ici l&rsquo;Agenda des \u00e9v\u00e9nements &amp; des march\u00e9s de Bandol qui ravira les croisi\u00e9ristes.\u00a0 Id\u00e9alement situ\u00e9 au c\u0153ur du village \u00e0 proximit\u00e9 de l&#8217;embarcad\u00e8re, le march\u00e9 proven\u00e7al a lieu tous les matins. &nbsp;<\/p>\n","protected":false},"author":1,"featured_media":3848,"parent":5792,"menu_order":0,"comment_status":"closed","ping_status":"closed","template":"sit.php","meta":[],"_links":{"self":[{"href":"https:\/\/www.varprovence-cruise.com\/fr\/wp-json\/wp\/v2\/pages\/8360"}],"collection":[{"href":"https:\/\/www.varprovence-cruise.com\/fr\/wp-json\/wp\/v2\/pages"}],"about":[{"href":"https:\/\/www.varprovence-cruise.com\/fr\/wp-json\/wp\/v2\/types\/page"}],"author":[{"embeddable":true,"href":"https:\/\/www.varprovence-cruise.com\/fr\/wp-json\/wp\/v2\/users\/1"}],"replies":[{"embeddable":true,"href":"https:\/\/www.varprovence-cruise.com\/fr\/wp-json\/wp\/v2\/comments?post=8360"}],"version-history":[{"count":9,"href":"https:\/\/www.varprovence-cruise.com\/fr\/wp-json\/wp\/v2\/pages\/8360\/revisions"}],"predecessor-version":[{"id":19606,"href":"https:\/\/www.varprovence-cruise.com\/fr\/wp-json\/wp\/v2\/pages\/8360\/revisions\/19606"}],"up":[{"embeddable":true,"href":"https:\/\/www.varprovence-cruise.com\/fr\/wp-json\/wp\/v2\/pages\/5792"}],"wp:featuredmedia":[{"embeddable":true,"href":"https:\/\/www.varprovence-cruise.com\/fr\/wp-json\/wp\/v2\/media\/3848"}],"wp:attachment":[{"href":"https:\/\/www.varprovence-cruise.com\/fr\/wp-json\/wp\/v2\/media?parent=8360"}],"curies":[{"name":"wp","href":"https:\/\/api.w.org\/{rel}","templated":true}]}}