{"id":8351,"date":"2021-06-15T07:26:59","date_gmt":"2021-06-15T06:26:59","guid":{"rendered":"https:\/\/www.varprovence-cruise.com\/fr\/agenda-marches-saint-cyr-sur-mer"},"modified":"2022-05-04T09:53:20","modified_gmt":"2022-05-04T07:53:20","slug":"agenda-marches-saint-cyr-sur-mer","status":"publish","type":"page","link":"https:\/\/www.varprovence-cruise.com\/fr\/experience-var-provence\/agenda\/agenda-marches-saint-cyr-sur-mer\/","title":{"rendered":"Agenda &#038; March\u00e9s Saint-Cyr-sur-Mer"},"content":{"rendered":"<p>D\u00e9couvrez ici l&rsquo;Agenda des \u00e9v\u00e9nements &amp; des march\u00e9s de Saint-Cyr-sur-Mer qui ravira les croisi\u00e9ristes. <br \/>\n<strong>Bon \u00e0 savoir<\/strong> : si votre escale est pr\u00e9vue un <strong>dimanche<\/strong>, Saint-Cyr-sur-Mer propose <strong>le plus grand March\u00e9 proven\u00e7al de la r\u00e9gion.<\/strong><\/p>\n<p><em>\u00a0<\/em><\/p>\n","protected":false},"excerpt":{"rendered":"<p>D\u00e9couvrez ici l&rsquo;Agenda des \u00e9v\u00e9nements &amp; des march\u00e9s de Saint-Cyr-sur-Mer qui ravira les croisi\u00e9ristes. Bon \u00e0 savoir : si votre escale est pr\u00e9vue un dimanche, Saint-Cyr-sur-Mer propose le plus grand March\u00e9 proven\u00e7al de la r\u00e9gion. \u00a0<\/p>\n","protected":false},"author":1,"featured_media":3800,"parent":5792,"menu_order":0,"comment_status":"closed","ping_status":"closed","template":"sit.php","meta":[],"_links":{"self":[{"href":"https:\/\/www.varprovence-cruise.com\/fr\/wp-json\/wp\/v2\/pages\/8351"}],"collection":[{"href":"https:\/\/www.varprovence-cruise.com\/fr\/wp-json\/wp\/v2\/pages"}],"about":[{"href":"https:\/\/www.varprovence-cruise.com\/fr\/wp-json\/wp\/v2\/types\/page"}],"author":[{"embeddable":true,"href":"https:\/\/www.varprovence-cruise.com\/fr\/wp-json\/wp\/v2\/users\/1"}],"replies":[{"embeddable":true,"href":"https:\/\/www.varprovence-cruise.com\/fr\/wp-json\/wp\/v2\/comments?post=8351"}],"version-history":[{"count":6,"href":"https:\/\/www.varprovence-cruise.com\/fr\/wp-json\/wp\/v2\/pages\/8351\/revisions"}],"predecessor-version":[{"id":17714,"href":"https:\/\/www.varprovence-cruise.com\/fr\/wp-json\/wp\/v2\/pages\/8351\/revisions\/17714"}],"up":[{"embeddable":true,"href":"https:\/\/www.varprovence-cruise.com\/fr\/wp-json\/wp\/v2\/pages\/5792"}],"wp:featuredmedia":[{"embeddable":true,"href":"https:\/\/www.varprovence-cruise.com\/fr\/wp-json\/wp\/v2\/media\/3800"}],"wp:attachment":[{"href":"https:\/\/www.varprovence-cruise.com\/fr\/wp-json\/wp\/v2\/media?parent=8351"}],"curies":[{"name":"wp","href":"https:\/\/api.w.org\/{rel}","templated":true}]}}