{"id":5792,"date":"2021-06-15T07:26:59","date_gmt":"2021-06-15T06:26:59","guid":{"rendered":"https:\/\/www.varprovence-cruise.com\/fr\/agenda"},"modified":"2021-12-22T11:46:29","modified_gmt":"2021-12-22T10:46:29","slug":"agenda","status":"publish","type":"page","link":"https:\/\/www.varprovence-cruise.com\/fr\/experience-var-provence\/agenda\/","title":{"rendered":"Agenda"},"content":{"rendered":"<p><strong>D\u00e9couvrez ici notre rubrique Agenda &amp;\u00a0 March\u00e9s pour que vos croisi\u00e9ristes puissent profiter du meilleur de la Provence varoise ! Ne manquez pas aucun \u00e9v\u00e9nement sp\u00e9cial comme une Foire aux Vins ou une f\u00eate Proven\u00e7ale !<\/strong> <\/p>\n<p>Vous pourrez \u00e9galement retrouver les dates des <strong>March\u00e9s proven\u00e7aux de renom pour chaque escale.<\/strong><br \/>\nAvec Toulon comme plus grand march\u00e9 proven\u00e7al de France, Sanary \u00e9lu Meilleur March\u00e9 de France en 2018, Saint-Cyr r\u00e9put\u00e9 plus grand march\u00e9 proven\u00e7al du dimanche et bien d&rsquo;autres, \u00e0 vous de choisir !<\/p>\n","protected":false},"excerpt":{"rendered":"<p>D\u00e9couvrez ici notre rubrique Agenda &amp;\u00a0 March\u00e9s pour que vos croisi\u00e9ristes puissent profiter du meilleur de la Provence varoise ! Ne manquez pas aucun \u00e9v\u00e9nement sp\u00e9cial comme une Foire aux Vins ou une f\u00eate Proven\u00e7ale ! Vous pourrez \u00e9galement retrouver les dates des March\u00e9s proven\u00e7aux de renom pour chaque escale. Avec Toulon comme plus grand [&hellip;]<\/p>\n","protected":false},"author":1,"featured_media":3576,"parent":145,"menu_order":0,"comment_status":"closed","ping_status":"closed","template":"sit.php","meta":[],"_links":{"self":[{"href":"https:\/\/www.varprovence-cruise.com\/fr\/wp-json\/wp\/v2\/pages\/5792"}],"collection":[{"href":"https:\/\/www.varprovence-cruise.com\/fr\/wp-json\/wp\/v2\/pages"}],"about":[{"href":"https:\/\/www.varprovence-cruise.com\/fr\/wp-json\/wp\/v2\/types\/page"}],"author":[{"embeddable":true,"href":"https:\/\/www.varprovence-cruise.com\/fr\/wp-json\/wp\/v2\/users\/1"}],"replies":[{"embeddable":true,"href":"https:\/\/www.varprovence-cruise.com\/fr\/wp-json\/wp\/v2\/comments?post=5792"}],"version-history":[{"count":2,"href":"https:\/\/www.varprovence-cruise.com\/fr\/wp-json\/wp\/v2\/pages\/5792\/revisions"}],"predecessor-version":[{"id":15020,"href":"https:\/\/www.varprovence-cruise.com\/fr\/wp-json\/wp\/v2\/pages\/5792\/revisions\/15020"}],"up":[{"embeddable":true,"href":"https:\/\/www.varprovence-cruise.com\/fr\/wp-json\/wp\/v2\/pages\/145"}],"wp:featuredmedia":[{"embeddable":true,"href":"https:\/\/www.varprovence-cruise.com\/fr\/wp-json\/wp\/v2\/media\/3576"}],"wp:attachment":[{"href":"https:\/\/www.varprovence-cruise.com\/fr\/wp-json\/wp\/v2\/media?parent=5792"}],"curies":[{"name":"wp","href":"https:\/\/api.w.org\/{rel}","templated":true}]}}