{"id":5504,"date":"2021-06-15T07:26:59","date_gmt":"2021-06-15T06:26:59","guid":{"rendered":"https:\/\/www.varprovence-cruise.com\/fr\/les-incontournables"},"modified":"2022-05-03T10:39:39","modified_gmt":"2022-05-03T08:39:39","slug":"les-incontournables","status":"publish","type":"page","link":"https:\/\/www.varprovence-cruise.com\/fr\/experience-var-provence\/les-incontournables\/","title":{"rendered":"Les Incontournables"},"content":{"rendered":"<p><strong>D\u00e9couvrez ici notre s\u00e9lection de sites \u00ab Incontournables \u00bb de la Provence varoise! <\/strong>C\u00f4t\u00e9 mer ou c\u00f4t\u00e9 terre, laissez-vous surprendre par la vari\u00e9t\u00e9 de sites naturels, la richesse du patrimoine culturel, les villages perch\u00e9s, les mus\u00e9es et l&rsquo;art de vivre \u00e0 la proven\u00e7ale. La Provence varoise regorge de merveilles \u00e0 visiter tout au long de l&rsquo;ann\u00e9e !<\/p>\n","protected":false},"excerpt":{"rendered":"<p>D\u00e9couvrez ici notre s\u00e9lection de sites \u00ab Incontournables \u00bb de la Provence varoise! C\u00f4t\u00e9 mer ou c\u00f4t\u00e9 terre, laissez-vous surprendre par la vari\u00e9t\u00e9 de sites naturels, la richesse du patrimoine culturel, les villages perch\u00e9s, les mus\u00e9es et l&rsquo;art de vivre \u00e0 la proven\u00e7ale. La Provence varoise regorge de merveilles \u00e0 visiter tout au long de [&hellip;]<\/p>\n","protected":false},"author":1,"featured_media":16524,"parent":145,"menu_order":0,"comment_status":"closed","ping_status":"closed","template":"sit.php","meta":[],"_links":{"self":[{"href":"https:\/\/www.varprovence-cruise.com\/fr\/wp-json\/wp\/v2\/pages\/5504"}],"collection":[{"href":"https:\/\/www.varprovence-cruise.com\/fr\/wp-json\/wp\/v2\/pages"}],"about":[{"href":"https:\/\/www.varprovence-cruise.com\/fr\/wp-json\/wp\/v2\/types\/page"}],"author":[{"embeddable":true,"href":"https:\/\/www.varprovence-cruise.com\/fr\/wp-json\/wp\/v2\/users\/1"}],"replies":[{"embeddable":true,"href":"https:\/\/www.varprovence-cruise.com\/fr\/wp-json\/wp\/v2\/comments?post=5504"}],"version-history":[{"count":3,"href":"https:\/\/www.varprovence-cruise.com\/fr\/wp-json\/wp\/v2\/pages\/5504\/revisions"}],"predecessor-version":[{"id":19847,"href":"https:\/\/www.varprovence-cruise.com\/fr\/wp-json\/wp\/v2\/pages\/5504\/revisions\/19847"}],"up":[{"embeddable":true,"href":"https:\/\/www.varprovence-cruise.com\/fr\/wp-json\/wp\/v2\/pages\/145"}],"wp:featuredmedia":[{"embeddable":true,"href":"https:\/\/www.varprovence-cruise.com\/fr\/wp-json\/wp\/v2\/media\/16524"}],"wp:attachment":[{"href":"https:\/\/www.varprovence-cruise.com\/fr\/wp-json\/wp\/v2\/media?parent=5504"}],"curies":[{"name":"wp","href":"https:\/\/api.w.org\/{rel}","templated":true}]}}