{"id":4841,"date":"2021-06-15T07:26:59","date_gmt":"2021-06-15T06:26:59","guid":{"rendered":"https:\/\/www.varprovence-cruise.com\/fr\/le-castellet"},"modified":"2022-05-05T11:12:27","modified_gmt":"2022-05-05T09:12:27","slug":"le-castellet-village-perche-typiquement-provencal","status":"publish","type":"page","link":"https:\/\/www.varprovence-cruise.com\/fr\/experience-var-provence\/idees-dexcursions\/le-castellet-village-perche-typiquement-provencal\/","title":{"rendered":"Le Castellet : Village perch\u00e9 typiquement proven\u00e7al"},"content":{"rendered":"<h2>Le Castellet<\/h2>\n<p>Le village du Castellet est l&rsquo;un des hauts lieux touristiques du Var. Ce superbe petit village f\u00e9odal perch\u00e9 au sommet de son promontoire vous enchantera par ses petites places bord\u00e9es de belles maisons anciennes soigneusement restaur\u00e9es et leurs vieilles pierres mises en valeur avec go\u00fbt. Les premi\u00e8res traces de vie datent de la p\u00e9riode situ\u00e9e entre le V\u1d49 et le VII\u1d49 si\u00e8cle.<\/p>\n<p>Le Circuit Paul Ricard, piste de F1 mondialement connue, est un lieu d&rsquo;exception d\u00e9di\u00e9 aux loisirs et au tourisme, situ\u00e9 \u00e0 13km au nord du village, entre la mer et la montagne Sainte-Baume.<\/p>\n<p><img loading=\"lazy\" class=\"alignnone  wp-image-5538\" src=\"https:\/\/www.varprovence-cruise.com\/fr\/wp-content\/uploads\/sites\/2\/2020\/07\/le-castellet-circuit-cle-castellet-tourisme-2020-11.jpg\" alt=\"\" width=\"994\" height=\"664\" srcset=\"https:\/\/www.varprovence-cruise.com\/fr\/wp-content\/uploads\/sites\/2\/2020\/07\/le-castellet-circuit-cle-castellet-tourisme-2020-11.jpg 612w, https:\/\/www.varprovence-cruise.com\/fr\/wp-content\/uploads\/sites\/2\/2020\/07\/le-castellet-circuit-cle-castellet-tourisme-2020-11-300x200.jpg 300w, https:\/\/www.varprovence-cruise.com\/fr\/wp-content\/uploads\/sites\/2\/2020\/07\/le-castellet-circuit-cle-castellet-tourisme-2020-11-180x120.jpg 180w, https:\/\/www.varprovence-cruise.com\/fr\/wp-content\/uploads\/sites\/2\/2020\/07\/le-castellet-circuit-cle-castellet-tourisme-2020-11-315x211.jpg 315w, https:\/\/www.varprovence-cruise.com\/fr\/wp-content\/uploads\/sites\/2\/2020\/07\/le-castellet-circuit-cle-castellet-tourisme-2020-11-380x254.jpg 380w, https:\/\/www.varprovence-cruise.com\/fr\/wp-content\/uploads\/sites\/2\/2020\/07\/le-castellet-circuit-cle-castellet-tourisme-2020-11-44x29.jpg 44w, https:\/\/www.varprovence-cruise.com\/fr\/wp-content\/uploads\/sites\/2\/2020\/07\/le-castellet-circuit-cle-castellet-tourisme-2020-11-80x53.jpg 80w, https:\/\/www.varprovence-cruise.com\/fr\/wp-content\/uploads\/sites\/2\/2020\/07\/le-castellet-circuit-cle-castellet-tourisme-2020-11-83x55.jpg 83w, https:\/\/www.varprovence-cruise.com\/fr\/wp-content\/uploads\/sites\/2\/2020\/07\/le-castellet-circuit-cle-castellet-tourisme-2020-11-165x110.jpg 165w, https:\/\/www.varprovence-cruise.com\/fr\/wp-content\/uploads\/sites\/2\/2020\/07\/le-castellet-circuit-cle-castellet-tourisme-2020-11-45x30.jpg 45w, https:\/\/www.varprovence-cruise.com\/fr\/wp-content\/uploads\/sites\/2\/2020\/07\/le-castellet-circuit-cle-castellet-tourisme-2020-11-90x60.jpg 90w, https:\/\/www.varprovence-cruise.com\/fr\/wp-content\/uploads\/sites\/2\/2020\/07\/le-castellet-circuit-cle-castellet-tourisme-2020-11-86x57.jpg 86w\" sizes=\"(max-width: 994px) 100vw, 994px\" \/><\/p>\n<h3>Atouts du Castellet<\/h3>\n<p>Aujourd&rsquo;hui, le village m\u00e9di\u00e9val du Castellet est un v\u00e9ritable village proven\u00e7al qui a su conserver son charme et son authenticit\u00e9. Regorgeant de galeries d&rsquo;art, d&rsquo;ateliers et de restaurants locaux, Le Castellet est l&rsquo;endroit o\u00f9 aller\u2026 et rester !<\/p>\n<h3>QUE FAIRE :<\/h3>\n<ul>\n<li>D\u00e9couvrez comment ce magnifique village a \u00e9t\u00e9 fa\u00e7onn\u00e9 par l&rsquo;histoire au fil des si\u00e8cles<\/li>\n<li>Visitez les ateliers et les galeries. Nos artistes propose des souvenirs uniques \u00e0 ramener chez soi<\/li>\n<li>D\u00e9gustez des plats et des sp\u00e9cialit\u00e9s fran\u00e7aises dans l&rsquo;un de ses restaurants<\/li>\n<li>D\u00e9gustez de nombreuses vari\u00e9t\u00e9s de vins proven\u00e7aux, et particuli\u00e8rement les vins de l&rsquo;appellation Bandol dans \u00ab La Maison des vins \u00bb<\/li>\n<li>Visitez des expositions (fossiles et peintures) \u00e0 l\u2019Office de Tourisme<\/li>\n<\/ul>\n","protected":false},"excerpt":{"rendered":"<p>Le Castellet Le village du Castellet est l&rsquo;un des hauts lieux touristiques du Var. Ce superbe petit village f\u00e9odal perch\u00e9 au sommet de son promontoire vous enchantera par ses petites places bord\u00e9es de belles maisons anciennes soigneusement restaur\u00e9es et leurs vieilles pierres mises en valeur avec go\u00fbt. Les premi\u00e8res traces de vie datent de la [&hellip;]<\/p>\n","protected":false},"author":1,"featured_media":5537,"parent":147,"menu_order":0,"comment_status":"closed","ping_status":"closed","template":"","meta":[],"_links":{"self":[{"href":"https:\/\/www.varprovence-cruise.com\/fr\/wp-json\/wp\/v2\/pages\/4841"}],"collection":[{"href":"https:\/\/www.varprovence-cruise.com\/fr\/wp-json\/wp\/v2\/pages"}],"about":[{"href":"https:\/\/www.varprovence-cruise.com\/fr\/wp-json\/wp\/v2\/types\/page"}],"author":[{"embeddable":true,"href":"https:\/\/www.varprovence-cruise.com\/fr\/wp-json\/wp\/v2\/users\/1"}],"replies":[{"embeddable":true,"href":"https:\/\/www.varprovence-cruise.com\/fr\/wp-json\/wp\/v2\/comments?post=4841"}],"version-history":[{"count":9,"href":"https:\/\/www.varprovence-cruise.com\/fr\/wp-json\/wp\/v2\/pages\/4841\/revisions"}],"predecessor-version":[{"id":17787,"href":"https:\/\/www.varprovence-cruise.com\/fr\/wp-json\/wp\/v2\/pages\/4841\/revisions\/17787"}],"up":[{"embeddable":true,"href":"https:\/\/www.varprovence-cruise.com\/fr\/wp-json\/wp\/v2\/pages\/147"}],"wp:featuredmedia":[{"embeddable":true,"href":"https:\/\/www.varprovence-cruise.com\/fr\/wp-json\/wp\/v2\/media\/5537"}],"wp:attachment":[{"href":"https:\/\/www.varprovence-cruise.com\/fr\/wp-json\/wp\/v2\/media?parent=4841"}],"curies":[{"name":"wp","href":"https:\/\/api.w.org\/{rel}","templated":true}]}}