{"id":4333,"date":"2021-06-15T07:26:59","date_gmt":"2021-06-15T06:26:59","guid":{"rendered":"https:\/\/www.varprovence-cruise.com\/fr\/visite-guidee-a-pied"},"modified":"2021-08-25T23:21:44","modified_gmt":"2021-08-25T21:21:44","slug":"visite-guidee-a-pied","status":"publish","type":"page","link":"https:\/\/www.varprovence-cruise.com\/fr\/visite-guidee-a-pied\/","title":{"rendered":"Visite Guid\u00e9e \u00e0 pied"},"content":{"rendered":"<p>Profitez d\u2019une visite guid\u00e9e \u00e0 pied pour d\u00e9couvrir l\u2019histoire et les monuments des villes et villages proven\u00e7aux ! Ces visites seront aussi l&rsquo;occasion d\u2019explorer les plus beaux sites patrimoniaux et d\u2019en conna\u00eetre davantage sur les lieux c\u00e9l\u00e8bres ou insolites de votre destination !<\/p>\n","protected":false},"excerpt":{"rendered":"<p>Profitez d\u2019une visite guid\u00e9e \u00e0 pied pour d\u00e9couvrir l\u2019histoire et les monuments des villes et villages proven\u00e7aux ! Ces visites seront aussi l&rsquo;occasion d\u2019explorer les plus beaux sites patrimoniaux et d\u2019en conna\u00eetre davantage sur les lieux c\u00e9l\u00e8bres ou insolites de votre destination !<\/p>\n","protected":false},"author":1,"featured_media":4018,"parent":0,"menu_order":0,"comment_status":"closed","ping_status":"closed","template":"page-theme-excursion.php","meta":[],"_links":{"self":[{"href":"https:\/\/www.varprovence-cruise.com\/fr\/wp-json\/wp\/v2\/pages\/4333"}],"collection":[{"href":"https:\/\/www.varprovence-cruise.com\/fr\/wp-json\/wp\/v2\/pages"}],"about":[{"href":"https:\/\/www.varprovence-cruise.com\/fr\/wp-json\/wp\/v2\/types\/page"}],"author":[{"embeddable":true,"href":"https:\/\/www.varprovence-cruise.com\/fr\/wp-json\/wp\/v2\/users\/1"}],"replies":[{"embeddable":true,"href":"https:\/\/www.varprovence-cruise.com\/fr\/wp-json\/wp\/v2\/comments?post=4333"}],"version-history":[{"count":3,"href":"https:\/\/www.varprovence-cruise.com\/fr\/wp-json\/wp\/v2\/pages\/4333\/revisions"}],"predecessor-version":[{"id":13616,"href":"https:\/\/www.varprovence-cruise.com\/fr\/wp-json\/wp\/v2\/pages\/4333\/revisions\/13616"}],"wp:featuredmedia":[{"embeddable":true,"href":"https:\/\/www.varprovence-cruise.com\/fr\/wp-json\/wp\/v2\/media\/4018"}],"wp:attachment":[{"href":"https:\/\/www.varprovence-cruise.com\/fr\/wp-json\/wp\/v2\/media?parent=4333"}],"curies":[{"name":"wp","href":"https:\/\/api.w.org\/{rel}","templated":true}]}}