{"id":4281,"date":"2021-06-15T07:26:59","date_gmt":"2021-06-15T06:26:59","guid":{"rendered":"https:\/\/www.varprovence-cruise.com\/fr\/gothic-or-romanesque"},"modified":"2022-05-04T11:39:48","modified_gmt":"2022-05-04T09:39:48","slug":"gothique-ou-roman","status":"publish","type":"page","link":"https:\/\/www.varprovence-cruise.com\/fr\/experience-var-provence\/idees-dexcursions\/gothique-ou-roman\/","title":{"rendered":"Gothique ou roman ?"},"content":{"rendered":"<h2>Voyagez au Moyen \u00c2ge \u00e0 travers des sites embl\u00e9matiques&#8230;<\/h2>\n<p>Cette<strong> visite vous fera d\u00e9couvrir les deux styles architecturaux avec lesquels sont b\u00e2tis les monuments du Var<\/strong>. Vous apprendrez \u00e0 les distinguer, \u00e0 trouver des similitudes entre elles et \u00e0 comprendre ce que les <strong>b\u00e2tisseurs du Moyen \u00c2ge<\/strong> cherchaient \u00e0 r\u00e9aliser \u00e0 travers des projets monumentaux comme L&rsquo;<strong>Abbaye Royale de La Celle<\/strong>, le <strong>Couvent Royal<\/strong> et la <strong>Basilique Sainte Marie-Madeleine \u00e0 Saint-Maximin<\/strong>.<\/p>\n","protected":false},"excerpt":{"rendered":"<p>Voyagez au Moyen \u00c2ge \u00e0 travers des sites embl\u00e9matiques&#8230; Cette visite vous fera d\u00e9couvrir les deux styles architecturaux avec lesquels sont b\u00e2tis les monuments du Var. Vous apprendrez \u00e0 les distinguer, \u00e0 trouver des similitudes entre elles et \u00e0 comprendre ce que les b\u00e2tisseurs du Moyen \u00c2ge cherchaient \u00e0 r\u00e9aliser \u00e0 travers des projets monumentaux [&hellip;]<\/p>\n","protected":false},"author":1,"featured_media":6000,"parent":147,"menu_order":0,"comment_status":"closed","ping_status":"closed","template":"","meta":[],"_links":{"self":[{"href":"https:\/\/www.varprovence-cruise.com\/fr\/wp-json\/wp\/v2\/pages\/4281"}],"collection":[{"href":"https:\/\/www.varprovence-cruise.com\/fr\/wp-json\/wp\/v2\/pages"}],"about":[{"href":"https:\/\/www.varprovence-cruise.com\/fr\/wp-json\/wp\/v2\/types\/page"}],"author":[{"embeddable":true,"href":"https:\/\/www.varprovence-cruise.com\/fr\/wp-json\/wp\/v2\/users\/1"}],"replies":[{"embeddable":true,"href":"https:\/\/www.varprovence-cruise.com\/fr\/wp-json\/wp\/v2\/comments?post=4281"}],"version-history":[{"count":6,"href":"https:\/\/www.varprovence-cruise.com\/fr\/wp-json\/wp\/v2\/pages\/4281\/revisions"}],"predecessor-version":[{"id":17748,"href":"https:\/\/www.varprovence-cruise.com\/fr\/wp-json\/wp\/v2\/pages\/4281\/revisions\/17748"}],"up":[{"embeddable":true,"href":"https:\/\/www.varprovence-cruise.com\/fr\/wp-json\/wp\/v2\/pages\/147"}],"wp:featuredmedia":[{"embeddable":true,"href":"https:\/\/www.varprovence-cruise.com\/fr\/wp-json\/wp\/v2\/media\/6000"}],"wp:attachment":[{"href":"https:\/\/www.varprovence-cruise.com\/fr\/wp-json\/wp\/v2\/media?parent=4281"}],"curies":[{"name":"wp","href":"https:\/\/api.w.org\/{rel}","templated":true}]}}