{"id":4261,"date":"2021-06-15T07:26:59","date_gmt":"2021-06-15T06:26:59","guid":{"rendered":"https:\/\/www.varprovence-cruise.com\/fr\/saint-raphael-its-districts-a-mix-of-nature-and-history"},"modified":"2022-05-04T12:03:06","modified_gmt":"2022-05-04T10:03:06","slug":"saint-raphael-et-ses-quartiers-entre-nature-et-histoire","status":"publish","type":"page","link":"https:\/\/www.varprovence-cruise.com\/fr\/experience-var-provence\/idees-dexcursions\/saint-raphael-et-ses-quartiers-entre-nature-et-histoire\/","title":{"rendered":"Saint-Rapha\u00ebl et ses quartiers : Entre nature et histoire"},"content":{"rendered":"<h2>D\u00e9couvrez Saint-Rapha\u00ebl et ses sites naturels uniques<\/h2>\n<p>La ville et ses quartiers offrent aux visiteurs des paysages entre terre et mer. Au programme : la Corniche d&rsquo;Or, la c\u00e9l\u00e8bre station baln\u00e9aire d&rsquo;Agay, une balade \u00e0 travers le Massif de l&rsquo;Est\u00e9rel et dans le quartier de Valescure, la villa Belle \u00c9poque \u00ab Les Asphod\u00e8les \u00bb et une balade dans le centre historique.<\/p>\n","protected":false},"excerpt":{"rendered":"<p>D\u00e9couvrez Saint-Rapha\u00ebl et ses sites naturels uniques La ville et ses quartiers offrent aux visiteurs des paysages entre terre et mer. Au programme : la Corniche d&rsquo;Or, la c\u00e9l\u00e8bre station baln\u00e9aire d&rsquo;Agay, une balade \u00e0 travers le Massif de l&rsquo;Est\u00e9rel et dans le quartier de Valescure, la villa Belle \u00c9poque \u00ab Les Asphod\u00e8les \u00bb et [&hellip;]<\/p>\n","protected":false},"author":1,"featured_media":2865,"parent":147,"menu_order":0,"comment_status":"closed","ping_status":"closed","template":"","meta":[],"_links":{"self":[{"href":"https:\/\/www.varprovence-cruise.com\/fr\/wp-json\/wp\/v2\/pages\/4261"}],"collection":[{"href":"https:\/\/www.varprovence-cruise.com\/fr\/wp-json\/wp\/v2\/pages"}],"about":[{"href":"https:\/\/www.varprovence-cruise.com\/fr\/wp-json\/wp\/v2\/types\/page"}],"author":[{"embeddable":true,"href":"https:\/\/www.varprovence-cruise.com\/fr\/wp-json\/wp\/v2\/users\/1"}],"replies":[{"embeddable":true,"href":"https:\/\/www.varprovence-cruise.com\/fr\/wp-json\/wp\/v2\/comments?post=4261"}],"version-history":[{"count":6,"href":"https:\/\/www.varprovence-cruise.com\/fr\/wp-json\/wp\/v2\/pages\/4261\/revisions"}],"predecessor-version":[{"id":17762,"href":"https:\/\/www.varprovence-cruise.com\/fr\/wp-json\/wp\/v2\/pages\/4261\/revisions\/17762"}],"up":[{"embeddable":true,"href":"https:\/\/www.varprovence-cruise.com\/fr\/wp-json\/wp\/v2\/pages\/147"}],"wp:featuredmedia":[{"embeddable":true,"href":"https:\/\/www.varprovence-cruise.com\/fr\/wp-json\/wp\/v2\/media\/2865"}],"wp:attachment":[{"href":"https:\/\/www.varprovence-cruise.com\/fr\/wp-json\/wp\/v2\/media?parent=4261"}],"curies":[{"name":"wp","href":"https:\/\/api.w.org\/{rel}","templated":true}]}}