{"id":4248,"date":"2021-06-15T07:26:59","date_gmt":"2021-06-15T06:26:59","guid":{"rendered":"https:\/\/www.varprovence-cruise.com\/fr\/cours-de-cuisine-au-chateau-de-berne"},"modified":"2022-05-04T10:55:59","modified_gmt":"2022-05-04T08:55:59","slug":"cours-de-cuisine-au-chateau-de-berne","status":"publish","type":"page","link":"https:\/\/www.varprovence-cruise.com\/fr\/experience-var-provence\/idees-dexcursions\/cours-de-cuisine-au-chateau-de-berne\/","title":{"rendered":"Cours de cuisine au Ch\u00e2teau de Berne"},"content":{"rendered":"<h2>Cours de cuisine avec un Chef dans un vignoble proven\u00e7al<\/h2>\n<p>Au c\u0153ur de la Provence se trouve le Ch\u00e2teau de Berne sur environ 600 hectares <span class=\"ILfuVd\">o\u00f9<\/span> l&rsquo;authenticit\u00e9 et le savoir-faire y sont cultiv\u00e9s depuis 1750. Ici, vous suivrez un cours de cuisine de deux heures, \u00e0 l&rsquo;issue duquel vous pourrez d\u00e9guster votre d\u00e9licieux plat servi avec vin m\u00e9daill\u00e9 du domaine, en compagnie du Chef, rien de moins!<\/p>\n<p style=\"text-align: right;\"><em>\u00a0<\/em><\/p>\n","protected":false},"excerpt":{"rendered":"<p>Cours de cuisine avec un Chef dans un vignoble proven\u00e7al Au c\u0153ur de la Provence se trouve le Ch\u00e2teau de Berne sur environ 600 hectares o\u00f9 l&rsquo;authenticit\u00e9 et le savoir-faire y sont cultiv\u00e9s depuis 1750. Ici, vous suivrez un cours de cuisine de deux heures, \u00e0 l&rsquo;issue duquel vous pourrez d\u00e9guster votre d\u00e9licieux plat servi [&hellip;]<\/p>\n","protected":false},"author":1,"featured_media":5863,"parent":147,"menu_order":0,"comment_status":"closed","ping_status":"closed","template":"","meta":[],"_links":{"self":[{"href":"https:\/\/www.varprovence-cruise.com\/fr\/wp-json\/wp\/v2\/pages\/4248"}],"collection":[{"href":"https:\/\/www.varprovence-cruise.com\/fr\/wp-json\/wp\/v2\/pages"}],"about":[{"href":"https:\/\/www.varprovence-cruise.com\/fr\/wp-json\/wp\/v2\/types\/page"}],"author":[{"embeddable":true,"href":"https:\/\/www.varprovence-cruise.com\/fr\/wp-json\/wp\/v2\/users\/1"}],"replies":[{"embeddable":true,"href":"https:\/\/www.varprovence-cruise.com\/fr\/wp-json\/wp\/v2\/comments?post=4248"}],"version-history":[{"count":16,"href":"https:\/\/www.varprovence-cruise.com\/fr\/wp-json\/wp\/v2\/pages\/4248\/revisions"}],"predecessor-version":[{"id":17734,"href":"https:\/\/www.varprovence-cruise.com\/fr\/wp-json\/wp\/v2\/pages\/4248\/revisions\/17734"}],"up":[{"embeddable":true,"href":"https:\/\/www.varprovence-cruise.com\/fr\/wp-json\/wp\/v2\/pages\/147"}],"wp:featuredmedia":[{"embeddable":true,"href":"https:\/\/www.varprovence-cruise.com\/fr\/wp-json\/wp\/v2\/media\/5863"}],"wp:attachment":[{"href":"https:\/\/www.varprovence-cruise.com\/fr\/wp-json\/wp\/v2\/media?parent=4248"}],"curies":[{"name":"wp","href":"https:\/\/api.w.org\/{rel}","templated":true}]}}