{"id":4241,"date":"2021-06-15T07:26:59","date_gmt":"2021-06-15T06:26:59","guid":{"rendered":"https:\/\/www.varprovence-cruise.com\/fr\/saint-maximin-basilica-hilltop-villages"},"modified":"2022-11-30T10:47:46","modified_gmt":"2022-11-30T09:47:46","slug":"basilique-saint-maximin-les-villages-perches-2","status":"publish","type":"page","link":"https:\/\/www.varprovence-cruise.com\/fr\/experience-var-provence\/idees-dexcursions\/basilique-saint-maximin-les-villages-perches-2\/","title":{"rendered":"Basilique Saint-Maximin &#038; les villages perch\u00e9s"},"content":{"rendered":"<h3>Basilique Saint-Maximin &amp; les villages perch\u00e9s<\/h3>\n<p>D\u00e9couvrez et visitez la basilique ainsi que le couvent royal de Saint-Maximin, le plus bel \u00e9difice gothique du Sud-Est de la France et le troisi\u00e8me site fun\u00e9raire de la chr\u00e9tient\u00e9.<\/p>\n<p><img loading=\"lazy\" width=\"4928\" height=\"3210\" class=\"alignnone size-full wp-image-4309\" src=\"https:\/\/www.varprovence-cruise.com\/fr\/wp-content\/uploads\/sites\/2\/2020\/05\/basilique-sainte-marie-madeleine-saint-maximin-la-sainte-baume-cvartourisme-oliviersimon.jpg\" alt=\"\" srcset=\"https:\/\/www.varprovence-cruise.com\/fr\/wp-content\/uploads\/sites\/2\/2020\/05\/basilique-sainte-marie-madeleine-saint-maximin-la-sainte-baume-cvartourisme-oliviersimon.jpg 4928w, https:\/\/www.varprovence-cruise.com\/fr\/wp-content\/uploads\/sites\/2\/2020\/05\/basilique-sainte-marie-madeleine-saint-maximin-la-sainte-baume-cvartourisme-oliviersimon-300x195.jpg 300w, https:\/\/www.varprovence-cruise.com\/fr\/wp-content\/uploads\/sites\/2\/2020\/05\/basilique-sainte-marie-madeleine-saint-maximin-la-sainte-baume-cvartourisme-oliviersimon-768x500.jpg 768w, https:\/\/www.varprovence-cruise.com\/fr\/wp-content\/uploads\/sites\/2\/2020\/05\/basilique-sainte-marie-madeleine-saint-maximin-la-sainte-baume-cvartourisme-oliviersimon-1024x667.jpg 1024w, https:\/\/www.varprovence-cruise.com\/fr\/wp-content\/uploads\/sites\/2\/2020\/05\/basilique-sainte-marie-madeleine-saint-maximin-la-sainte-baume-cvartourisme-oliviersimon-767x500.jpg 767w, https:\/\/www.varprovence-cruise.com\/fr\/wp-content\/uploads\/sites\/2\/2020\/05\/basilique-sainte-marie-madeleine-saint-maximin-la-sainte-baume-cvartourisme-oliviersimon-1023x666.jpg 1023w, https:\/\/www.varprovence-cruise.com\/fr\/wp-content\/uploads\/sites\/2\/2020\/05\/basilique-sainte-marie-madeleine-saint-maximin-la-sainte-baume-cvartourisme-oliviersimon-1800x1172.jpg 1800w, https:\/\/www.varprovence-cruise.com\/fr\/wp-content\/uploads\/sites\/2\/2020\/05\/basilique-sainte-marie-madeleine-saint-maximin-la-sainte-baume-cvartourisme-oliviersimon-180x117.jpg 180w, https:\/\/www.varprovence-cruise.com\/fr\/wp-content\/uploads\/sites\/2\/2020\/05\/basilique-sainte-marie-madeleine-saint-maximin-la-sainte-baume-cvartourisme-oliviersimon-315x205.jpg 315w, https:\/\/www.varprovence-cruise.com\/fr\/wp-content\/uploads\/sites\/2\/2020\/05\/basilique-sainte-marie-madeleine-saint-maximin-la-sainte-baume-cvartourisme-oliviersimon-380x248.jpg 380w, https:\/\/www.varprovence-cruise.com\/fr\/wp-content\/uploads\/sites\/2\/2020\/05\/basilique-sainte-marie-madeleine-saint-maximin-la-sainte-baume-cvartourisme-oliviersimon-44x29.jpg 44w, https:\/\/www.varprovence-cruise.com\/fr\/wp-content\/uploads\/sites\/2\/2020\/05\/basilique-sainte-marie-madeleine-saint-maximin-la-sainte-baume-cvartourisme-oliviersimon-80x52.jpg 80w, https:\/\/www.varprovence-cruise.com\/fr\/wp-content\/uploads\/sites\/2\/2020\/05\/basilique-sainte-marie-madeleine-saint-maximin-la-sainte-baume-cvartourisme-oliviersimon-83x54.jpg 83w, https:\/\/www.varprovence-cruise.com\/fr\/wp-content\/uploads\/sites\/2\/2020\/05\/basilique-sainte-marie-madeleine-saint-maximin-la-sainte-baume-cvartourisme-oliviersimon-165x107.jpg 165w, https:\/\/www.varprovence-cruise.com\/fr\/wp-content\/uploads\/sites\/2\/2020\/05\/basilique-sainte-marie-madeleine-saint-maximin-la-sainte-baume-cvartourisme-oliviersimon-46x30.jpg 46w, https:\/\/www.varprovence-cruise.com\/fr\/wp-content\/uploads\/sites\/2\/2020\/05\/basilique-sainte-marie-madeleine-saint-maximin-la-sainte-baume-cvartourisme-oliviersimon-92x60.jpg 92w, https:\/\/www.varprovence-cruise.com\/fr\/wp-content\/uploads\/sites\/2\/2020\/05\/basilique-sainte-marie-madeleine-saint-maximin-la-sainte-baume-cvartourisme-oliviersimon-86x56.jpg 86w\" sizes=\"(max-width: 4928px) 100vw, 4928px\" \/><\/p>\n<p>Vous pourrez \u00e9galement visiter plusieurs villages perch\u00e9s du Var \u00e0 proximit\u00e9, \u00e0 la fois typiques et authentiques, dont Pont\u00e8ves, Brue-Auriac, Barjols (tannerie et fontaines), Varages (fa\u00efencerie), Saint-Martin de Paill\u00e8res et Seillons-Source-d&rsquo;Argens.<\/p>\n","protected":false},"excerpt":{"rendered":"<p>Basilique Saint-Maximin &amp; les villages perch\u00e9s D\u00e9couvrez et visitez la basilique ainsi que le couvent royal de Saint-Maximin, le plus bel \u00e9difice gothique du Sud-Est de la France et le troisi\u00e8me site fun\u00e9raire de la chr\u00e9tient\u00e9. Vous pourrez \u00e9galement visiter plusieurs villages perch\u00e9s du Var \u00e0 proximit\u00e9, \u00e0 la fois typiques et authentiques, dont Pont\u00e8ves, [&hellip;]<\/p>\n","protected":false},"author":1,"featured_media":4312,"parent":147,"menu_order":0,"comment_status":"closed","ping_status":"closed","template":"","meta":[],"_links":{"self":[{"href":"https:\/\/www.varprovence-cruise.com\/fr\/wp-json\/wp\/v2\/pages\/4241"}],"collection":[{"href":"https:\/\/www.varprovence-cruise.com\/fr\/wp-json\/wp\/v2\/pages"}],"about":[{"href":"https:\/\/www.varprovence-cruise.com\/fr\/wp-json\/wp\/v2\/types\/page"}],"author":[{"embeddable":true,"href":"https:\/\/www.varprovence-cruise.com\/fr\/wp-json\/wp\/v2\/users\/1"}],"replies":[{"embeddable":true,"href":"https:\/\/www.varprovence-cruise.com\/fr\/wp-json\/wp\/v2\/comments?post=4241"}],"version-history":[{"count":7,"href":"https:\/\/www.varprovence-cruise.com\/fr\/wp-json\/wp\/v2\/pages\/4241\/revisions"}],"predecessor-version":[{"id":19491,"href":"https:\/\/www.varprovence-cruise.com\/fr\/wp-json\/wp\/v2\/pages\/4241\/revisions\/19491"}],"up":[{"embeddable":true,"href":"https:\/\/www.varprovence-cruise.com\/fr\/wp-json\/wp\/v2\/pages\/147"}],"wp:featuredmedia":[{"embeddable":true,"href":"https:\/\/www.varprovence-cruise.com\/fr\/wp-json\/wp\/v2\/media\/4312"}],"wp:attachment":[{"href":"https:\/\/www.varprovence-cruise.com\/fr\/wp-json\/wp\/v2\/media?parent=4241"}],"curies":[{"name":"wp","href":"https:\/\/api.w.org\/{rel}","templated":true}]}}