{"id":413,"date":"2021-06-15T07:26:59","date_gmt":"2021-06-15T06:26:59","guid":{"rendered":"https:\/\/www.varprovence-cruise.com\/fr\/contact"},"modified":"2021-09-23T10:52:39","modified_gmt":"2021-09-23T08:52:39","slug":"contact","status":"publish","type":"page","link":"https:\/\/www.varprovence-cruise.com\/fr\/contact\/","title":{"rendered":"Contact"},"content":{"rendered":"<h2>Var Provence Cruise Club<\/h2>\n<p style=\"text-align: center;\"><a title=\"+33(0) 494 228 060\" href=\"tel:+33494228060\"><strong>+33 (0) 494 228 060<\/strong> <\/a><\/p>\n<div role=\"form\" class=\"wpcf7\" id=\"wpcf7-f6-o1\" lang=\"fr-FR\" dir=\"ltr\">\n<div class=\"screen-reader-response\"><p role=\"status\" aria-live=\"polite\" aria-atomic=\"true\"><\/p> <ul><\/ul><\/div>\n<form action=\"\/fr\/wp-json\/wp\/v2\/pages\/413#wpcf7-f6-o1\" method=\"post\" class=\"wpcf7-form init\" novalidate=\"novalidate\" data-status=\"init\">\n<div style=\"display: none;\">\n<input type=\"hidden\" name=\"_wpcf7\" value=\"6\" \/>\n<input type=\"hidden\" name=\"_wpcf7_version\" value=\"5.3\" \/>\n<input type=\"hidden\" name=\"_wpcf7_locale\" value=\"fr_FR\" \/>\n<input type=\"hidden\" name=\"_wpcf7_unit_tag\" value=\"wpcf7-f6-o1\" \/>\n<input type=\"hidden\" name=\"_wpcf7_container_post\" value=\"0\" \/>\n<input type=\"hidden\" name=\"_wpcf7_posted_data_hash\" value=\"\" \/>\n<input type=\"hidden\" name=\"_wpcf7_recaptcha_response\" value=\"\" \/>\n<\/div>\n<fieldset>\n<label for=\"your-organisation\">Organisation \/ Nom<span class=\"required\">*<\/span><\/label>\n<div class=\"field-wrap\">\n<span class=\"wpcf7-form-control-wrap your-organisation\"><input type=\"text\" name=\"your-organisation\" value=\"\" size=\"40\" class=\"wpcf7-form-control wpcf7-text wpcf7-validates-as-required\" id=\"your-organisation\" aria-required=\"true\" aria-invalid=\"false\" \/><\/span>\n<\/div>\n<\/fieldset>\n<fieldset>\n<label for=\"your-phone\">Num\u00e9ro de t\u00e9l\u00e9phone<\/label>\n<div class=\"field-wrap\">\n<span class=\"wpcf7-form-control-wrap your-phone\"><input type=\"text\" name=\"your-phone\" value=\"\" size=\"40\" class=\"wpcf7-form-control wpcf7-text\" id=\"your-phone\" aria-invalid=\"false\" \/><\/span>\n<\/div>\n<\/fieldset>\n<fieldset>\n<label for=\"your-country\">Pays<span class=\"required\">*<\/span><\/label>\n<div class=\"field-wrap\">\n<span class=\"wpcf7-form-control-wrap your-country\"><input type=\"text\" name=\"your-country\" value=\"\" size=\"40\" class=\"wpcf7-form-control wpcf7-text wpcf7-validates-as-required\" id=\"your-country\" aria-required=\"true\" aria-invalid=\"false\" \/><\/span>\n<\/div>\n<\/fieldset>\n<fieldset>\n<label for=\"your-email\">Email<span class=\"required\">*<\/span><\/label>\n<div class=\"field-wrap\">\n<span class=\"wpcf7-form-control-wrap your-email\"><input type=\"email\" name=\"your-email\" value=\"\" size=\"40\" class=\"wpcf7-form-control wpcf7-text wpcf7-email wpcf7-validates-as-required wpcf7-validates-as-email\" id=\"your-email\" aria-required=\"true\" aria-invalid=\"false\" \/><\/span>\n<\/div>\n<\/fieldset>\n<fieldset>\n<label for=\"your-subject\">Sujet<span class=\"required\">*<\/span><\/label>\n<div class=\"field-wrap\">\n<span class=\"wpcf7-form-control-wrap your-subject\"><input type=\"text\" name=\"your-subject\" value=\"\" size=\"40\" class=\"wpcf7-form-control wpcf7-text wpcf7-validates-as-required\" id=\"your-subject\" aria-required=\"true\" aria-invalid=\"false\" \/><\/span>\n<\/div>\n<\/fieldset>\n<fieldset>\n<label for=\"your-message\">Message <span class=\"required\">*<\/span><\/label>\n<div class=\"field-wrap\">\n<span class=\"wpcf7-form-control-wrap your-message\"><textarea name=\"your-message\" cols=\"40\" rows=\"10\" class=\"wpcf7-form-control wpcf7-textarea wpcf7-validates-as-required\" id=\"your-message\" aria-required=\"true\" aria-invalid=\"false\"><\/textarea><\/span>\n<\/div>\n<\/fieldset>\n<div class=\"js-axeptio-insert\">\n<span class=\"wpcf7-form-control-wrap rgpd\"><span class=\"wpcf7-form-control wpcf7-checkbox wpcf7-validates-as-required js-axeptio-checkbox\"><span class=\"wpcf7-list-item first last\"><input type=\"checkbox\" name=\"rgpd[]\" value=\"J&#039;accepte de recueillement de mes donn\u00e9es personnelles.\" \/><span class=\"wpcf7-list-item-label\">J&#039;accepte de recueillement de mes donn\u00e9es personnelles.<\/span><\/span><\/span><\/span>\n<\/div>\n<fieldset>\n<label><\/label><\/br>\n<div class=\"field-wrap\">\n<br \/>\n<\/fieldset>\n<fieldset class=\"submit-fieldset\">\n<div class=\"field-wrap hentry\">\n<input type=\"submit\" value=\"Envoyer\" class=\"wpcf7-form-control wpcf7-submit btn-2\" \/>\n<\/div>\n<div class=\"wpcf7-response-output\" aria-hidden=\"true\"><\/div><\/form><\/div>\n","protected":false},"excerpt":{"rendered":"<p>Var Provence Cruise Club +33 (0) 494 228 060<\/p>\n","protected":false},"author":1,"featured_media":0,"parent":0,"menu_order":0,"comment_status":"closed","ping_status":"closed","template":"page-cms-contact.php","meta":[],"_links":{"self":[{"href":"https:\/\/www.varprovence-cruise.com\/fr\/wp-json\/wp\/v2\/pages\/413"}],"collection":[{"href":"https:\/\/www.varprovence-cruise.com\/fr\/wp-json\/wp\/v2\/pages"}],"about":[{"href":"https:\/\/www.varprovence-cruise.com\/fr\/wp-json\/wp\/v2\/types\/page"}],"author":[{"embeddable":true,"href":"https:\/\/www.varprovence-cruise.com\/fr\/wp-json\/wp\/v2\/users\/1"}],"replies":[{"embeddable":true,"href":"https:\/\/www.varprovence-cruise.com\/fr\/wp-json\/wp\/v2\/comments?post=413"}],"version-history":[{"count":2,"href":"https:\/\/www.varprovence-cruise.com\/fr\/wp-json\/wp\/v2\/pages\/413\/revisions"}],"predecessor-version":[{"id":13653,"href":"https:\/\/www.varprovence-cruise.com\/fr\/wp-json\/wp\/v2\/pages\/413\/revisions\/13653"}],"wp:attachment":[{"href":"https:\/\/www.varprovence-cruise.com\/fr\/wp-json\/wp\/v2\/media?parent=413"}],"curies":[{"name":"wp","href":"https:\/\/api.w.org\/{rel}","templated":true}]}}