{"id":4115,"date":"2021-06-15T07:26:59","date_gmt":"2021-06-15T06:26:59","guid":{"rendered":"https:\/\/www.varprovence-cruise.com\/fr\/discover-esterel-another-way"},"modified":"2022-05-02T00:44:35","modified_gmt":"2022-05-01T22:44:35","slug":"decouvrez-lesterel-autrement","status":"publish","type":"page","link":"https:\/\/www.varprovence-cruise.com\/fr\/experience-var-provence\/idees-dexcursions\/decouvrez-lesterel-autrement\/","title":{"rendered":"D\u00e9couvrez l\u2019Est\u00e9rel autrement"},"content":{"rendered":"<h2>D\u00e9couvrez l\u2019Est\u00e9rel autrement<\/h2>\n<p>Les guides de l&rsquo;Office national des for\u00eats vous fourniront tous les d\u00e9tails concernant la faune et la fa\u00e7on de reconna\u00eetre les diff\u00e9rentes esp\u00e8ces d&rsquo;arbres et de plantes. Vous participerez \u00e0 une initiation \u00e0 l&rsquo;interpr\u00e9tation d&rsquo;un paysage forestier, sur l&rsquo;histoire et la gestion du massif par les forestiers et sur quelques autres th\u00e8mes. Deux courtes promenades sont pr\u00e9vues pour ceux qui le souhaitent.<\/p>\n<p>&nbsp;<\/p>\n<p><iframe loading=\"lazy\" src=\"https:\/\/www.youtube.com\/embed\/RZvgHpaycQ0\" width=\"560\" height=\"315\" frameborder=\"0\" allowfullscreen=\"allowfullscreen\"><\/iframe><\/p>\n<p>&nbsp;<\/p>\n","protected":false},"excerpt":{"rendered":"<p>D\u00e9couvrez l\u2019Est\u00e9rel autrement Les guides de l&rsquo;Office national des for\u00eats vous fourniront tous les d\u00e9tails concernant la faune et la fa\u00e7on de reconna\u00eetre les diff\u00e9rentes esp\u00e8ces d&rsquo;arbres et de plantes. Vous participerez \u00e0 une initiation \u00e0 l&rsquo;interpr\u00e9tation d&rsquo;un paysage forestier, sur l&rsquo;histoire et la gestion du massif par les forestiers et sur quelques autres th\u00e8mes. [&hellip;]<\/p>\n","protected":false},"author":1,"featured_media":4150,"parent":147,"menu_order":0,"comment_status":"closed","ping_status":"closed","template":"","meta":[],"_links":{"self":[{"href":"https:\/\/www.varprovence-cruise.com\/fr\/wp-json\/wp\/v2\/pages\/4115"}],"collection":[{"href":"https:\/\/www.varprovence-cruise.com\/fr\/wp-json\/wp\/v2\/pages"}],"about":[{"href":"https:\/\/www.varprovence-cruise.com\/fr\/wp-json\/wp\/v2\/types\/page"}],"author":[{"embeddable":true,"href":"https:\/\/www.varprovence-cruise.com\/fr\/wp-json\/wp\/v2\/users\/1"}],"replies":[{"embeddable":true,"href":"https:\/\/www.varprovence-cruise.com\/fr\/wp-json\/wp\/v2\/comments?post=4115"}],"version-history":[{"count":3,"href":"https:\/\/www.varprovence-cruise.com\/fr\/wp-json\/wp\/v2\/pages\/4115\/revisions"}],"predecessor-version":[{"id":17426,"href":"https:\/\/www.varprovence-cruise.com\/fr\/wp-json\/wp\/v2\/pages\/4115\/revisions\/17426"}],"up":[{"embeddable":true,"href":"https:\/\/www.varprovence-cruise.com\/fr\/wp-json\/wp\/v2\/pages\/147"}],"wp:featuredmedia":[{"embeddable":true,"href":"https:\/\/www.varprovence-cruise.com\/fr\/wp-json\/wp\/v2\/media\/4150"}],"wp:attachment":[{"href":"https:\/\/www.varprovence-cruise.com\/fr\/wp-json\/wp\/v2\/media?parent=4115"}],"curies":[{"name":"wp","href":"https:\/\/api.w.org\/{rel}","templated":true}]}}