{"id":4052,"date":"2021-06-15T07:26:59","date_gmt":"2021-06-15T06:26:59","guid":{"rendered":"https:\/\/www.varprovence-cruise.com\/fr\/cruise-friendly"},"modified":"2023-03-21T15:32:47","modified_gmt":"2023-03-21T14:32:47","slug":"cruise-friendly","status":"publish","type":"page","link":"https:\/\/www.varprovence-cruise.com\/fr\/cruise-friendly\/","title":{"rendered":"Cruise Friendly"},"content":{"rendered":"<p style=\"text-align: center;\"><img loading=\"lazy\" class=\"wp-image-4054 alignleft\" src=\"https:\/\/www.varprovence-cruise.com\/fr\/wp-content\/uploads\/sites\/2\/2020\/05\/logo_cruise_friendly.jpg\" alt=\"\" width=\"191\" height=\"117\" srcset=\"https:\/\/www.varprovence-cruise.com\/fr\/wp-content\/uploads\/sites\/2\/2020\/05\/logo_cruise_friendly.jpg 1429w, https:\/\/www.varprovence-cruise.com\/fr\/wp-content\/uploads\/sites\/2\/2020\/05\/logo_cruise_friendly-300x183.jpg 300w, https:\/\/www.varprovence-cruise.com\/fr\/wp-content\/uploads\/sites\/2\/2020\/05\/logo_cruise_friendly-768x470.jpg 768w, https:\/\/www.varprovence-cruise.com\/fr\/wp-content\/uploads\/sites\/2\/2020\/05\/logo_cruise_friendly-1024x626.jpg 1024w, https:\/\/www.varprovence-cruise.com\/fr\/wp-content\/uploads\/sites\/2\/2020\/05\/logo_cruise_friendly-767x469.jpg 767w, https:\/\/www.varprovence-cruise.com\/fr\/wp-content\/uploads\/sites\/2\/2020\/05\/logo_cruise_friendly-1023x626.jpg 1023w, https:\/\/www.varprovence-cruise.com\/fr\/wp-content\/uploads\/sites\/2\/2020\/05\/logo_cruise_friendly-180x110.jpg 180w, https:\/\/www.varprovence-cruise.com\/fr\/wp-content\/uploads\/sites\/2\/2020\/05\/logo_cruise_friendly-315x193.jpg 315w, https:\/\/www.varprovence-cruise.com\/fr\/wp-content\/uploads\/sites\/2\/2020\/05\/logo_cruise_friendly-380x232.jpg 380w, https:\/\/www.varprovence-cruise.com\/fr\/wp-content\/uploads\/sites\/2\/2020\/05\/logo_cruise_friendly-44x27.jpg 44w, https:\/\/www.varprovence-cruise.com\/fr\/wp-content\/uploads\/sites\/2\/2020\/05\/logo_cruise_friendly-80x49.jpg 80w, https:\/\/www.varprovence-cruise.com\/fr\/wp-content\/uploads\/sites\/2\/2020\/05\/logo_cruise_friendly-83x51.jpg 83w, https:\/\/www.varprovence-cruise.com\/fr\/wp-content\/uploads\/sites\/2\/2020\/05\/logo_cruise_friendly-165x101.jpg 165w, https:\/\/www.varprovence-cruise.com\/fr\/wp-content\/uploads\/sites\/2\/2020\/05\/logo_cruise_friendly-49x30.jpg 49w, https:\/\/www.varprovence-cruise.com\/fr\/wp-content\/uploads\/sites\/2\/2020\/05\/logo_cruise_friendly-98x60.jpg 98w, https:\/\/www.varprovence-cruise.com\/fr\/wp-content\/uploads\/sites\/2\/2020\/05\/logo_cruise_friendly-86x53.jpg 86w\" sizes=\"(max-width: 191px) 100vw, 191px\" \/><\/p>\n<p style=\"text-align: center;\"><a class=\"btn btn-1\" href=\"https:\/\/www.cruise-friendly.com\/\" target=\"_blank\" rel=\"noopener\">Visitez le site Cruise Friendly<\/a><\/p>\n<p>&nbsp;<\/p>\n<p>Premier lancement en 2013 par le Var Provence Cruise Club (VPCC) dans les Ports de la Rade de Toulon (Toulon et La-Seyne-sur-Mer).<\/p>\n<p><strong>La certification \u00ab\u2009Cruise Friendly\u2009\u00bb est attribu\u00e9e aux prestataires touristiques locaux et aux commer\u00e7ants<\/strong> qui se conforment \u00e0 certaines exigences destin\u00e9es aux croisi\u00e9ristes en escale. L\u2019objectif est de cr\u00e9er un r\u00e9seau fort o\u00f9 VPCC, les Offices de Tourisme et les prestataires locaux travaillent dans un objectif commun : <strong>enrichir l\u2019exp\u00e9rience au sol en offrant un accueil de qualit\u00e9 r\u00e9pondant aux exigences des compagnies de croisi\u00e8re, de leurs passagers et de leurs membres d\u2019\u00e9quipage !<\/strong><\/p>\n<p><strong>Le Label Cruise Friendly aide les entreprises locales (commerces, restaurants, prestataires de tourisme et de loisirs, mus\u00e9es\u2026) \u00e0 attirer de nouveaux clients.<\/strong> C\u2019est une situation gagnant-gagnant pour tout le monde. Ce type de label de qualit\u00e9 est tout simplement unique.<\/p>\n<p>Le VPCC s&rsquo;applique \u00e0 \u00e9tendre sa marque \u00e0 d\u2019autres ports de la Provence varoise mais aussi aux sites les plus visit\u00e9s de l\u2019arri\u00e8re-pays de la r\u00e9gion et \u00e0 l\u2019international. Nos membres actuels sont Bandol, Sanary-sur-Mer, Le Castellet, Toulon, La Seyne-sur-Mer, Hy\u00e8res, Le Lavandou, Saint-Rapha\u00ebl, Fr\u00e9jus, Cavalaire-sur-Mer, La Martinique, S\u00e8te et Yokohama. D\u2019autres destinations sont en cours d&rsquo;\u00e9tude afin de rejoindre le r\u00e9seau Cruise Friendly en 2022.<\/p>\n<h3>Prix<\/h3>\n<blockquote>\n<p><img loading=\"lazy\" class=\"wp-image-4514 alignleft\" src=\"https:\/\/www.varprovence-cruise.com\/fr\/wp-content\/uploads\/sites\/2\/2020\/06\/seatrade-cruise-award-2017.jpg\" alt=\"\" width=\"264\" height=\"96\" srcset=\"https:\/\/www.varprovence-cruise.com\/fr\/wp-content\/uploads\/sites\/2\/2020\/06\/seatrade-cruise-award-2017.jpg 569w, https:\/\/www.varprovence-cruise.com\/fr\/wp-content\/uploads\/sites\/2\/2020\/06\/seatrade-cruise-award-2017-300x109.jpg 300w, https:\/\/www.varprovence-cruise.com\/fr\/wp-content\/uploads\/sites\/2\/2020\/06\/seatrade-cruise-award-2017-180x65.jpg 180w, https:\/\/www.varprovence-cruise.com\/fr\/wp-content\/uploads\/sites\/2\/2020\/06\/seatrade-cruise-award-2017-315x115.jpg 315w, https:\/\/www.varprovence-cruise.com\/fr\/wp-content\/uploads\/sites\/2\/2020\/06\/seatrade-cruise-award-2017-380x138.jpg 380w, https:\/\/www.varprovence-cruise.com\/fr\/wp-content\/uploads\/sites\/2\/2020\/06\/seatrade-cruise-award-2017-44x16.jpg 44w, https:\/\/www.varprovence-cruise.com\/fr\/wp-content\/uploads\/sites\/2\/2020\/06\/seatrade-cruise-award-2017-80x29.jpg 80w, https:\/\/www.varprovence-cruise.com\/fr\/wp-content\/uploads\/sites\/2\/2020\/06\/seatrade-cruise-award-2017-83x30.jpg 83w, https:\/\/www.varprovence-cruise.com\/fr\/wp-content\/uploads\/sites\/2\/2020\/06\/seatrade-cruise-award-2017-165x60.jpg 165w, https:\/\/www.varprovence-cruise.com\/fr\/wp-content\/uploads\/sites\/2\/2020\/06\/seatrade-cruise-award-2017-82x30.jpg 82w, https:\/\/www.varprovence-cruise.com\/fr\/wp-content\/uploads\/sites\/2\/2020\/06\/seatrade-cruise-award-2017-86x31.jpg 86w\" sizes=\"(max-width: 264px) 100vw, 264px\" \/><\/p>\n<p style=\"text-align: left;\">\u00a0\u00bbCruise Friendly Welcome Quality Certification\u00a0\u00bb<br \/>\nFinaliste de la \u201cMeilleure initiative marketing de l&rsquo;ann\u00e9e\u201d &#8211; cat\u00e9gorie\u00a0 Seatrade Europe Cruise Awards 2017.<\/p>\n<\/blockquote>\n","protected":false},"excerpt":{"rendered":"<p>Visitez le site Cruise Friendly &nbsp; Premier lancement en 2013 par le Var Provence Cruise Club (VPCC) dans les Ports de la Rade de Toulon (Toulon et La-Seyne-sur-Mer). La certification \u00ab\u2009Cruise Friendly\u2009\u00bb est attribu\u00e9e aux prestataires touristiques locaux et aux commer\u00e7ants qui se conforment \u00e0 certaines exigences destin\u00e9es aux croisi\u00e9ristes en escale. L\u2019objectif est de [&hellip;]<\/p>\n","protected":false},"author":1,"featured_media":4054,"parent":0,"menu_order":0,"comment_status":"closed","ping_status":"closed","template":"","meta":[],"_links":{"self":[{"href":"https:\/\/www.varprovence-cruise.com\/fr\/wp-json\/wp\/v2\/pages\/4052"}],"collection":[{"href":"https:\/\/www.varprovence-cruise.com\/fr\/wp-json\/wp\/v2\/pages"}],"about":[{"href":"https:\/\/www.varprovence-cruise.com\/fr\/wp-json\/wp\/v2\/types\/page"}],"author":[{"embeddable":true,"href":"https:\/\/www.varprovence-cruise.com\/fr\/wp-json\/wp\/v2\/users\/1"}],"replies":[{"embeddable":true,"href":"https:\/\/www.varprovence-cruise.com\/fr\/wp-json\/wp\/v2\/comments?post=4052"}],"version-history":[{"count":9,"href":"https:\/\/www.varprovence-cruise.com\/fr\/wp-json\/wp\/v2\/pages\/4052\/revisions"}],"predecessor-version":[{"id":19837,"href":"https:\/\/www.varprovence-cruise.com\/fr\/wp-json\/wp\/v2\/pages\/4052\/revisions\/19837"}],"wp:featuredmedia":[{"embeddable":true,"href":"https:\/\/www.varprovence-cruise.com\/fr\/wp-json\/wp\/v2\/media\/4054"}],"wp:attachment":[{"href":"https:\/\/www.varprovence-cruise.com\/fr\/wp-json\/wp\/v2\/media?parent=4052"}],"curies":[{"name":"wp","href":"https:\/\/api.w.org\/{rel}","templated":true}]}}