{"id":405,"date":"2021-06-15T07:26:59","date_gmt":"2021-06-15T06:26:59","guid":{"rendered":"https:\/\/www.varprovence-cruise.com\/fr\/mentions-legales"},"modified":"2022-10-21T09:03:57","modified_gmt":"2022-10-21T07:03:57","slug":"mentions-legales","status":"publish","type":"page","link":"https:\/\/www.varprovence-cruise.com\/fr\/mentions-legales\/","title":{"rendered":"Mentions L\u00e9gales"},"content":{"rendered":"<p>En parcourant les pages du site, l&rsquo;utilisateur reconna\u00eet avoir pris connaissance et accept\u00e9 les limites de responsabilit\u00e9s et les conditions d&rsquo;utilisation du site. Le Var Provence Cruise Club ne saurait \u00eatre tenu pour responsable des difficult\u00e9s de connexion au r\u00e9seau Internet ou de consultation des pages du site. L&rsquo;utilisateur reconna\u00eet \u00eatre inform\u00e9 des diff\u00e9rences d&rsquo;interpr\u00e9tation des pages web par les diff\u00e9rents navigateurs du march\u00e9.<\/p>\n<h3>Editeur<\/h3>\n<p>Var Provence Cruise Club, (un service de la Chambre de Commerce et d&rsquo;Industrie du Var sous le num\u00e9ro SIRET 18830001600014)<br \/>\nSi\u00e8ge social\u00a0 :<br \/>\nChambre de Commerce et d&rsquo;Industrie du Var<br \/>\n236 Boulevard Mar\u00e9chal Leclerc<br \/>\n83000 Toulon<\/p>\n<p>B\u00e2timent administratif :<br \/>\n<b>Var Provence Cruise Club<\/b><br \/>\nChambre de commerce et d&rsquo;industrie du Var<br \/>\nCampus Grande Tourrache<br \/>\n450 avenue Fran\u00e7ois Arago<br \/>\n83130 LA GARDE &#8211; FRANCE<br \/>\n+33(0)4 94 22 80 60<br \/>\n<a href=\"mailto:contact@varprovence-cruise.com\">contact@varprovence-cruise.com<\/a><\/p>\n<h3>Directeur de la publication :\u00a0<\/h3>\n<p>Jacques BIANCHI, Pr\u00e9sident de la Chambre de Commerce et d&rsquo;Industrie du Var<br \/>\nChambre de Commerce et d&rsquo;Industrie du Var<br \/>\n236 Boulevard Mar\u00e9chal Leclerc<br \/>\n83000 Toulon<\/p>\n<h3>Conception du Site<\/h3>\n<p>IRIS Interactive, &lsquo;Digital printing designer&rsquo;<br \/>\n3 Avenue d&rsquo;Aiguilhe<br \/>\n43000 Le Puy en Velay &#8211; France<br \/>\n+33 (0)4 71 04 93 01<br \/>\n<u>www.iris-interactive.fr<br \/>\n<\/u><a href=\"mailto:contact@iris-interactive.fr\">contact@iris-interactive.fr<\/a><\/p>\n<h3>H\u00e9bergement<\/h3>\n<p>Ecritel Group<br \/>\nSite de Clichy : 1 rue Mozart\u00a0<br \/>\n92110 Clichy \u2013 France<br \/>\n\u00a0+33 1 40 61 20 00<br \/>\n<a href=\"mailto:contact@ecritel.net\">contact@ecritel.net<\/a><\/p>\n<p>&nbsp;<\/p>\n<h3>Copyrights \u00a9 \u2013 Liens<\/h3>\n<h4>Copyrights<\/h4>\n<p><em>Photos<\/em><\/p>\n<p><em>Atelier Nude Cr\u00e9ations;Bandol Tourisme \/ Benjamin Marziac;Bandol Tourisme;Base du Rocher;Bertrand;By Lucart;Capitainerie Le Lavandou; Casino Joa;Cavalaire Tourisme;CCIV VPCC J.B;CCIV-Ports; C\u00e9line Paraghamian CCIV Les Ports;Chantal Cecchetti;Ch\u00e2teau de Berne;Ch\u00e2teau de la Clapi\u00e8re;Chateau FontainebleauChateau St-Martin &#8211; Camille Moirenc;Chateau St-Martin &#8211; Herv\u00e9Fabre;Chris Hagopian OT LavandouChris hapogian &#8211; OT Lavandou;Circuit Paul Ricard;Comit\u00e9 R\u00e9gional de Tourisme Provence-Alpes-C\u00f4te d\u2019Azur;Coudou Parc;Dolce Fregate Resort &#8211; C.Moirenc;Dolce Fregate Resort &#8211; O.Digoit;Domaine d&rsquo;Orv\u00e8sDomaine de la CastilleDomaine du Rayol &#8211; Louis Cargill;Domaine du Rayol;Ecopark Adventures;EGentils-10;Est\u00e9rel C\u00f4te d\u2019Azur -www.esterel-cotedazur.com;F. Brochot-OTLavandou;Fondation Carmignac-Lionel Barbe;Fotolia;Franck Bonin-Village des tortues;Franck Ludi;Fran\u00e7ois Lai;G\u00e9rard Derivi\u00e8re;Grimaud Tourisme;Hostellerie Berard et Spa;Hyeres Tourisme &#8211; C\u00e9line Paraghamian;Hyeres Tourisme &#8211; E. Valli BD;Hyeres Tourisme &#8211; Gilles_Bourgeade;Hy\u00e8res Tourisme &#8211; Julien Veyssade;Hy\u00e8res Tourisme &#8211; PhotoMic;Hyeres Tourisme &#8211; Pierre Lisse;Hyeres Tourisme -Sarah Graziani;Hyeres Tourisme;Jean Louis Chaix;JeanchristopheLett;Julie.B;Julien Maucery;Just Ros\u00e9 Festival Sanary Focalstyl Olivier Floch;Just Ros\u00e9 Festival Sanary Focalstyle Nicolas Martinez;L&rsquo;Atlantide;La Cadi\u00e8re Tourisme;La Seyne Nautique Fabregas;Lavandou Tourisme, Fr\u00e9jus Tourisme;Le Castellet Tourisme;Le Clos des Roses;Magic World;Mairie de Fr\u00e9jus- Robin Hacquart;Mairie de Sanary;Mairie du Lavandu -Capitainerie Le LavandouMaison des vins C\u00f4tes de Provence;Moov&rsquo;nature;Morgan Mathurin;Moulin du Part\u00e9gal;Mus\u00e9e de la mine Cap Garonne &#8211; Olivier Charlois;Mus\u00e9e des Gueules Rouges &#8211; A.Forestier;Nicolas Nogues;Office de Tourisme Cotignac;Office de Tourisme de Cavalaire &#8211; Abkt;Office de Tourisme de Cavalaire &#8211; E.Bertrand;Office de Tourisme de Cavalaire &#8211; FBS;Office de Tourisme de Fr\u00e9jus &#8211; F. Hedelin;Office de Tourisme de Fr\u00e9jus &#8211; M\u00e9lina Machenaud;Office de Tourisme de Fr\u00e9jus &#8211; Paul Thollet;Office de Tourisme de Fr\u00e9jus;Office de Tourisme de STCyr &#8211; NicoGomez BDC;Office de Tourisme de STCyr;Office de Tourisme de Toulon &#8211; Julien Mauceri;Office de Tourisme de Toulon;Office de Tourisme du Lavandou-Droits r\u00e9serv\u00e9s;Office deTourisme Roquebrune sur Argens;OfficeTourisme Roquebrune sur Argens &#8211; V.Leperre;OfficeTourisme Roquebrune sur Argens;OK Corral;P. Corbin;P. Scatena;Pascales Beroujon;Pays de Fayence &#8211; Droits r\u00e9serv\u00e9s;Pierre Behar;Pixabay;Plaisant;Plumevoyagemagazine Fran\u00e7oise-Spiekermieir;Ports rade de Toulon \/ CCI VarRobert Palomba;Route des vins de Provence &#8211; J-Nicolas;Routedesvins deprovence.com &#8211; Herve Fabre;Routedesvins deprovence.com &#8211; J.Nicolas;Sain Tropez Tourisme;Saint-Raphael Tourisme;Saint-Tropez Tourisme;Sainte Croix du Verdon Tourisme.Philippe Murtas-Droits r\u00e9serv\u00e9s;Sanary Tourisme LibreFormat P.Gougelet;Sanary Tourisme; Just Ros\u00e9 Festival;Sandrine Nacci;Sophie Delsanti;StRapha\u00ebl Tourisme-O.Sagot;Sylvana Breuils;TinaB.Cr\u00e9ation;Toulon Tourisme TPM;TPM -CCVI Ports -Yves Colas;Trolib Six-Fours;Vacances Arnal;Var Tourisme Pascale Fluch\u00e8re.Var Tourisme &#8211; C. Raolisson;Var Tourisme &#8211; Colette Carrerot;Var Tourisme &#8211; JB David;Var Tourisme &#8211; JHW;Var Tourisme &#8211; John WalzVar Tourisme &#8211; Noe Interactive;Var Tourisme &#8211; O.Simon;Var Tourisme &#8211; Pierre Behar;Var Tourisme &#8211; Sylvain Alberto;Var Tourisme -Elisabeth Loffreda;Var Tourisme -John Walzl;Var Tourisme;VarTourisme &#8211; David Latour;VarTourisme &#8211; E. Dautant;VarTourisme &#8211; Marie.Tabacchi;VarTourisme &#8211; N. Barraqu\u00e9;Vieux Moulin \u00e0 huile du Part\u00e9gal;Villa Carmignac;Village de Roquebrune &#8211; N.Gomez;Ville de Saint Cyr sur Mer;Ville de Toulon &#8211; Laurent Perrier;Voiturier GVProd -Capitainerie Le LavandouVPCC CCIV;Yacht club Toulon &#8211; Nicolas Claris;RoutedesvinsdeProvence.com \/Herv\u00e9 Fabre<br \/>\n<\/em><\/p>\n<p><em>Vid\u00e9os<\/em><\/p>\n<p><em>CCIV &#8211; VPCC &#8211; Les Ports; Guillaume Voiturier_GV Prod &#8211; Saint-Tropez Tourisme; Jean-Louis Chaix &#8211; Saint-Tropez Tourisme; Office de Tourisme de Cavalaire-sur-Mer Office de Tourisme de Fr\u00e9jus; Office de Tourisme de Saint Rapha\u00ebl; Office de Tourisme de Saint-Cyr-sur-Mer; Office de Tourisme du Lavandou; Office de Tourisme de Saint Rapha\u00ebl Office de Tourisme de Fr\u00e9jus; Guillaume Voiturier GV Prod &#8211; Saint-Tropez Tourisme<\/em><\/p>\n<p><em>Source de donn\u00e9es<br \/>\n<\/em><\/p>\n<div><img loading=\"lazy\" src=\"https:\/\/mail.google.com\/mail\/u\/1\/?ui=2&amp;ik=61a675dcde&amp;attid=0.1&amp;permmsgid=msg-a%3Ar2216339424581869568&amp;th=183e9ad6bd5ab024&amp;view=fimg&amp;fur=ip&amp;sz=s0-l75-ft&amp;attbid=ANGjdJ_Lx2uaSdmRe5P0iQp8ZUXe21yU7mP689EXxKiVcPyvSCYJuQmm2RQgi4VuZMI4yxNad-vxA-IfUY3Eeo9owB_3zzdXTr0mg0kAE-4c7BCutjpvQqjvy1_lfRU&amp;disp=emb&amp;realattid=ii_l9clklti0\" alt=\"image.png\" width=\"96\" height=\"26\" data-surl=\"cid:ii_l9clklti0\" \/>R\u00e9seau Apidae \/ Pour toutes questions, modification ou pour signaler une erreur, merci d\u2019\u00e9crire directement votre requ\u00eate \u00e0 l\u2019adresse suivante : <a href=\"mailto:hotline@apidae-tourisme.com\">hotline@apidae-tourisme.com<\/a><\/div>\n<h4>Reproduction papier<\/h4>\n<p>A l&rsquo;exception de l&rsquo;iconographie, les pages de ce site peuvent \u00eatre reproduites sur papier, sous r\u00e9serve que la source Var Provence Cruise Club et \u00ab Droits r\u00e9serv\u00e9s \u00bb soient ajout\u00e9es de mani\u00e8re claire, lisible et sous r\u00e9serve des conditions suivantes : libre diffusion, respect de l&rsquo;int\u00e9grit\u00e9 des documents reproduits (aucune modification ni alt\u00e9ration d&rsquo;aucune sorte). Les informations ne doivent \u00eatre utilis\u00e9es qu&rsquo;\u00e0 des fins personnelles, associatives ou professionnelles ; toute utilisation \u00e0 des fins commerciales ou de marketing est interdite.<\/p>\n<h4>reproduction \u00c9lectronique<\/h4>\n<p>A l&rsquo;exception de l&rsquo;iconographie, la reproduction \u00e9lectronique de tout ou partie de ce site est autoris\u00e9e, sous r\u00e9serve que la source Var Provence Cruise Club et \u00ab Droits r\u00e9serv\u00e9s \u00bb soient ajout\u00e9es de mani\u00e8re claire,\u00a0 lisible et sous r\u00e9serve des conditions suivantes : libre diffusion, respect de l&rsquo;int\u00e9grit\u00e9 des documents reproduits (aucune modification ni alt\u00e9ration d&rsquo;aucune sorte). Les informations ne doivent \u00eatre utilis\u00e9es qu&rsquo;\u00e0 des fins personnelles, associatives ou professionnelles ; toute utilisation \u00e0 des fins commerciales ou de marketing est interdite.<\/p>\n<h4>CR\u00c9ATION DE LIENS VERS LE VAR PROVENCE CRUISE CLUB<\/h4>\n<p>Le site Var Provence Cruise Club autorise la mise en place d&rsquo;hyperliens vers son contenu, tant qu&rsquo;il ne s&rsquo;agit pas d&rsquo;un lien profond, c&rsquo;est-\u00e0-dire que les pages de Var Provence Cruise Club ne doivent pas \u00eatre imbriqu\u00e9es avec les pages d&rsquo;un autre site, mais doivent \u00eatre accessibles par l&rsquo;ouverture d&rsquo;une nouvelle fen\u00eatre. La source doit \u00eatre mentionn\u00e9e \u00e0 l&rsquo;aide d&rsquo;un lien qui dirigera l&rsquo;internaute directement vers le contenu vis\u00e9. Les informations ne doivent \u00eatre utilis\u00e9es qu&rsquo;\u00e0 des fins personnelles, associatives ou professionnelles ; toute utilisation \u00e0 des fins commerciales ou de marketing est interdite. Cette autorisation ne s&rsquo;applique pas aux sites Internet publiant des contenus \u00e0 caract\u00e8re pol\u00e9mique, pornographique ou x\u00e9nophobe, ou pouvant porter atteinte \u00e0 la sensibilit\u00e9 de l&rsquo;audience. Pour d&rsquo;autres utilisations, merci de nous contacter.<\/p>\n<h4>PORT\u00c9E DU CONTENU<\/h4>\n<p>Malgr\u00e9 le soin apport\u00e9 \u00e0 la collecte des informations, ainsi qu&rsquo;\u00e0 la r\u00e9alisation du site \u00e0 l&rsquo;aide des technologies les plus r\u00e9centes, des erreurs, omissions, inexactitudes, troncages ou ajouts ind\u00e9pendants de notre volont\u00e9 peuvent se retrouver sur le site. Le Var Provence Cruise Club ne peut, \u00e0 ce titre, \u00eatre tenu pour responsable, express\u00e9ment ou implicitement, du contenu de ce site ; l&rsquo;utilisateur du site et des informations qu&rsquo;il contient, reconna\u00eet qu&rsquo;il l&rsquo;utilise \u00e0 ses risques\u00a0 et que le Var Provence Cruise Club ne saurait \u00eatre tenu pour responsable de tout pr\u00e9judice, direct ou indirect, de quelque nature que ce soit, r\u00e9sultant de l&rsquo;utilisation de tout ou partie des informations de ce site. De m\u00eame, le Var Provence Cruise Club ne saurait \u00eatre tenu pour responsable de la nature ou du contenu des sites figurant dans les pages suivantes, notamment ceux accessible par le biais des liens hypertextes pr\u00e9sents sur ce pr\u00e9sent site. Conform\u00e9ment \u00e0 la loi no. 78-17 du 6 janvier 1978, vous disposez d&rsquo;un droit d&rsquo;acc\u00e8s et de rectification des donn\u00e9es vous concernant.<\/p>\n<h4>Syst\u00e8me d&rsquo;information touristique<\/h4>\n<p>La base de donn\u00e9es est prot\u00e9g\u00e9e par la loi du 1er juillet 1998 et le droit fran\u00e7ais du droit d&rsquo;auteur. Toute utilisation ou extraction d&rsquo;\u00e9l\u00e9ments du site non autoris\u00e9e par le Var Provence Cruise Club est illicite et sera passible de sanctions p\u00e9nales pour contrefa\u00e7on.<\/p>\n<h4>Protection des donn\u00e9es personnelles<\/h4>\n<p>Merci de lire notre <a href=\"https:\/\/www.varprovence-cruise.com\/fr\/politique-de-confidentialite\/\">Politique de confidentialit\u00e9<\/a> pour plus d&rsquo;informations.<\/p>\n","protected":false},"excerpt":{"rendered":"<p>En parcourant les pages du site, l&rsquo;utilisateur reconna\u00eet avoir pris connaissance et accept\u00e9 les limites de responsabilit\u00e9s et les conditions d&rsquo;utilisation du site. Le Var Provence Cruise Club ne saurait \u00eatre tenu pour responsable des difficult\u00e9s de connexion au r\u00e9seau Internet ou de consultation des pages du site. L&rsquo;utilisateur reconna\u00eet \u00eatre inform\u00e9 des diff\u00e9rences d&rsquo;interpr\u00e9tation [&hellip;]<\/p>\n","protected":false},"author":1,"featured_media":0,"parent":0,"menu_order":0,"comment_status":"closed","ping_status":"closed","template":"","meta":[],"_links":{"self":[{"href":"https:\/\/www.varprovence-cruise.com\/fr\/wp-json\/wp\/v2\/pages\/405"}],"collection":[{"href":"https:\/\/www.varprovence-cruise.com\/fr\/wp-json\/wp\/v2\/pages"}],"about":[{"href":"https:\/\/www.varprovence-cruise.com\/fr\/wp-json\/wp\/v2\/types\/page"}],"author":[{"embeddable":true,"href":"https:\/\/www.varprovence-cruise.com\/fr\/wp-json\/wp\/v2\/users\/1"}],"replies":[{"embeddable":true,"href":"https:\/\/www.varprovence-cruise.com\/fr\/wp-json\/wp\/v2\/comments?post=405"}],"version-history":[{"count":6,"href":"https:\/\/www.varprovence-cruise.com\/fr\/wp-json\/wp\/v2\/pages\/405\/revisions"}],"predecessor-version":[{"id":18979,"href":"https:\/\/www.varprovence-cruise.com\/fr\/wp-json\/wp\/v2\/pages\/405\/revisions\/18979"}],"wp:attachment":[{"href":"https:\/\/www.varprovence-cruise.com\/fr\/wp-json\/wp\/v2\/media?parent=405"}],"curies":[{"name":"wp","href":"https:\/\/api.w.org\/{rel}","templated":true}]}}