{"id":403,"date":"2021-06-15T07:26:59","date_gmt":"2021-06-15T06:26:59","guid":{"rendered":"https:\/\/www.varprovence-cruise.com\/fr\/espace-presse"},"modified":"2025-04-10T14:09:54","modified_gmt":"2025-04-10T12:09:54","slug":"espace-presse-2","status":"publish","type":"page","link":"https:\/\/www.varprovence-cruise.com\/fr\/espace-presse-2\/","title":{"rendered":"Espace Presse"},"content":{"rendered":"<div class=\"header-bloc\">\n<div style=\"margin: 10px; top-margin: 5px;\">\n<h3 style=\"text-align: center; font-size: 15px;\"><strong>Cruise Var Provence Presentation File<\/strong><\/h3>\n<div class=\"wrap\">\n<p style=\"text-align: center;\"><a class=\"no-swipebox\" href=\"https:\/\/www.varprovence-cruise.com\/fr\/wp-content\/uploads\/sites\/2\/2025\/04\/dossier-de-presentation-var-cruise-2025-web.pdf\"><img loading=\"lazy\" class=\"alignnone wp-image-21514 size-full\" src=\"https:\/\/www.varprovence-cruise.com\/fr\/wp-content\/uploads\/sites\/2\/2025\/04\/press-kit-2024.jpg\" alt=\"\" width=\"1158\" height=\"794\" srcset=\"https:\/\/www.varprovence-cruise.com\/fr\/wp-content\/uploads\/sites\/2\/2025\/04\/press-kit-2024.jpg 1158w, https:\/\/www.varprovence-cruise.com\/fr\/wp-content\/uploads\/sites\/2\/2025\/04\/press-kit-2024-300x206.jpg 300w, https:\/\/www.varprovence-cruise.com\/fr\/wp-content\/uploads\/sites\/2\/2025\/04\/press-kit-2024-1024x702.jpg 1024w, https:\/\/www.varprovence-cruise.com\/fr\/wp-content\/uploads\/sites\/2\/2025\/04\/press-kit-2024-768x527.jpg 768w, https:\/\/www.varprovence-cruise.com\/fr\/wp-content\/uploads\/sites\/2\/2025\/04\/press-kit-2024-767x526.jpg 767w, https:\/\/www.varprovence-cruise.com\/fr\/wp-content\/uploads\/sites\/2\/2025\/04\/press-kit-2024-1023x701.jpg 1023w, https:\/\/www.varprovence-cruise.com\/fr\/wp-content\/uploads\/sites\/2\/2025\/04\/press-kit-2024-180x123.jpg 180w, https:\/\/www.varprovence-cruise.com\/fr\/wp-content\/uploads\/sites\/2\/2025\/04\/press-kit-2024-315x216.jpg 315w, https:\/\/www.varprovence-cruise.com\/fr\/wp-content\/uploads\/sites\/2\/2025\/04\/press-kit-2024-380x261.jpg 380w, https:\/\/www.varprovence-cruise.com\/fr\/wp-content\/uploads\/sites\/2\/2025\/04\/press-kit-2024-44x30.jpg 44w, https:\/\/www.varprovence-cruise.com\/fr\/wp-content\/uploads\/sites\/2\/2025\/04\/press-kit-2024-80x55.jpg 80w, https:\/\/www.varprovence-cruise.com\/fr\/wp-content\/uploads\/sites\/2\/2025\/04\/press-kit-2024-83x57.jpg 83w, https:\/\/www.varprovence-cruise.com\/fr\/wp-content\/uploads\/sites\/2\/2025\/04\/press-kit-2024-165x113.jpg 165w, https:\/\/www.varprovence-cruise.com\/fr\/wp-content\/uploads\/sites\/2\/2025\/04\/press-kit-2024-88x60.jpg 88w, https:\/\/www.varprovence-cruise.com\/fr\/wp-content\/uploads\/sites\/2\/2025\/04\/press-kit-2024-86x59.jpg 86w\" sizes=\"(max-width: 1158px) 100vw, 1158px\" \/><\/a><\/p>\n<p style=\"text-align: center;\"><a href=\"https:\/\/www.varprovence-cruise.com\/fr\/wp-content\/uploads\/sites\/2\/2025\/04\/dossier-de-presentation-var-cruise-2025-web.pdf\" target=\"_blank\" rel=\"noopener\"><span style=\"color: #ff6600;\"><b>Consulter le pdf<\/b><\/span><\/a><\/p>\n<table style=\"height: 200px; width: 101.177%;\" cellspacing=\"10\">\n<tbody>\n<tr>\n<td style=\"width: 30%; height: 50%;\">\n<div class=\"header-bloc\">\n<div class=\"wrap\">\n<h3 style=\"text-align: center; font-size: 15px;\">Charte croisi\u00e8re durable M\u00e9diterran\u00e9e<\/h3>\n<\/div>\n<\/div>\n<p><a href=\"https:\/\/www.varprovence-cruise.com\/wp-content\/uploads\/2023\/05\/charter-sustainable-cruising.jpg\"><img loading=\"lazy\" class=\"aligncenter wp-image-19159\" src=\"https:\/\/www.varprovence-cruise.com\/wp-content\/uploads\/2023\/05\/charter-sustainable-cruising.jpg\" alt=\"\" width=\"337\" height=\"440\" \/><\/a><\/p>\n<p style=\"text-align: center;\"><strong><span style=\"color: #ff6600;\"><a class=\"btn btn-1;\" style=\"color: #ff6600;\" href=\"https:\/\/www.varprovence-cruise.com\/wp-content\/uploads\/2023\/05\/charter-on-sustainable-cruising-in-the-french-mediterranean.pdf\" target=\"_blank\" rel=\"noopener\">Consulter<\/a><\/span><\/strong><\/p>\n<\/td>\n<td style=\"width: 30%; background-color: #ffffff;\">\n<div class=\"wrap\">\n<h3>\u00a0<\/h3>\n<h3 style=\"text-align: center; font-size: 15px;\"><strong>D\u00e9couvrez les itin\u00e9raires R-itinERA et nos id\u00e9es d&rsquo;excursions z\u00e9ro \u00e9mission!<\/strong><\/h3>\n<p style=\"text-align: center;\"><img loading=\"lazy\" class=\"aligncenter wp-image-15458\" src=\"https:\/\/www.varprovence-cruise.com\/wp-content\/uploads\/2022\/07\/r-itinera-2022.gif\" alt=\"\" width=\"307\" height=\"440\" \/><\/p>\n<p style=\"text-align: center;\"><strong><span style=\"color: #ff6600;\"><a class=\"btn btn-1;\" style=\"color: #ff6600;\" href=\"https:\/\/www.varprovence-cruise.com\/wp-content\/uploads\/2022\/07\/brochure-r-itinera_eng-2022.pdf\" target=\"_blank\" rel=\"noopener\">Consulter<\/a><\/span><\/strong><\/p>\n<\/div>\n<p style=\"text-align: center;\">\u00a0<\/p>\n<p>&nbsp;<\/p>\n<\/td>\n<td style=\"width: 30%; background-color: #ffffff;\">\n<div class=\"header-bloc\">\n<div class=\"wrap\">\n<h3 style=\"text-align: center; font-size: 15px;\">D\u00e9couvrez la Route du d\u00e9barquement en Provence \u00e0 l&rsquo;occasion des 80 ans du d\u00e9barquement alli\u00e9 en 2024<\/h3>\n<\/div>\n<\/div>\n<p style=\"text-align: center;\"><a href=\"https:\/\/www.varprovence-cruise.com\/wp-content\/uploads\/2022\/09\/capture-decran-2022-09-07-101804.jpg\"><img loading=\"lazy\" class=\"wp-image-15638 aligncenter\" src=\"https:\/\/www.varprovence-cruise.com\/wp-content\/uploads\/2022\/09\/capture-decran-2022-09-07-101804.jpg\" alt=\"\" width=\"316\" height=\"434\" \/><\/a><\/p>\n<p style=\"text-align: center;\"><strong><span style=\"color: #ff6600;\"><a class=\"btn btn-1;\" style=\"color: #ff6600;\" href=\"https:\/\/www.varprovence-cruise.com\/wp-content\/uploads\/2022\/09\/depliant-debarquement-eng.pdf\" target=\"_blank\" rel=\"noopener\">View the file\u00a0<\/a><\/span><\/strong><\/p>\n<\/td>\n<\/tr>\n<tr>\n<td colspan=\"3\">\u00a0<\/td>\n<\/tr>\n<tr>\n<td style=\"width: 30%; background-color: #f0eded;\">\n<div class=\"header-bloc\">\n<div class=\"wrap\">\n<div class=\"wrap\">\n<h3 style=\"text-align: center; font-size: 15px;\"><strong>Retomb\u00e9es \u00e9conomique du tourisme de croisi\u00e8re <\/strong><strong>dans le Var en 2019<br \/>\n<\/strong><\/h3>\n<\/div>\n<p style=\"text-align: center;\"><a href=\"https:\/\/www.varprovence-cruise.com\/fr\/wp-content\/uploads\/sites\/2\/2023\/06\/admin-ajax.jpg\"><img loading=\"lazy\" width=\"400\" height=\"225\" class=\"size-full wp-image-20211 aligncenter\" src=\"https:\/\/www.varprovence-cruise.com\/fr\/wp-content\/uploads\/sites\/2\/2023\/06\/admin-ajax.jpg\" alt=\"nautica-leaving-toulon-bay-in-the-sunset-coffice-tourisme-toulon-julien-mauceri.jpg\" srcset=\"https:\/\/www.varprovence-cruise.com\/fr\/wp-content\/uploads\/sites\/2\/2023\/06\/admin-ajax.jpg 400w, https:\/\/www.varprovence-cruise.com\/fr\/wp-content\/uploads\/sites\/2\/2023\/06\/admin-ajax-300x169.jpg 300w, https:\/\/www.varprovence-cruise.com\/fr\/wp-content\/uploads\/sites\/2\/2023\/06\/admin-ajax-180x101.jpg 180w, https:\/\/www.varprovence-cruise.com\/fr\/wp-content\/uploads\/sites\/2\/2023\/06\/admin-ajax-315x177.jpg 315w, https:\/\/www.varprovence-cruise.com\/fr\/wp-content\/uploads\/sites\/2\/2023\/06\/admin-ajax-380x214.jpg 380w, https:\/\/www.varprovence-cruise.com\/fr\/wp-content\/uploads\/sites\/2\/2023\/06\/admin-ajax-44x25.jpg 44w, https:\/\/www.varprovence-cruise.com\/fr\/wp-content\/uploads\/sites\/2\/2023\/06\/admin-ajax-80x45.jpg 80w, https:\/\/www.varprovence-cruise.com\/fr\/wp-content\/uploads\/sites\/2\/2023\/06\/admin-ajax-83x47.jpg 83w, https:\/\/www.varprovence-cruise.com\/fr\/wp-content\/uploads\/sites\/2\/2023\/06\/admin-ajax-165x93.jpg 165w, https:\/\/www.varprovence-cruise.com\/fr\/wp-content\/uploads\/sites\/2\/2023\/06\/admin-ajax-53x30.jpg 53w, https:\/\/www.varprovence-cruise.com\/fr\/wp-content\/uploads\/sites\/2\/2023\/06\/admin-ajax-107x60.jpg 107w, https:\/\/www.varprovence-cruise.com\/fr\/wp-content\/uploads\/sites\/2\/2023\/06\/admin-ajax-86x48.jpg 86w, https:\/\/www.varprovence-cruise.com\/fr\/wp-content\/uploads\/sites\/2\/2023\/06\/admin-ajax-72x42.jpg 72w\" sizes=\"(max-width: 400px) 100vw, 400px\" \/><\/a><\/p>\n<p style=\"text-align: center;\"><strong><span style=\"color: #ff6600;\"><a class=\"btn btn-1;\" style=\"color: #ff6600;\" href=\"https:\/\/www.varprovence-cruise.com\/fr\/retombees-economiques-du-tourisme-de-croisiere-dans-le-var-en-2019-2\/\" target=\"_blank\" rel=\"noopener\">Consulter\u00a0<\/a><\/span><\/strong><\/p>\n<\/div>\n<\/div>\n<\/td>\n<td style=\"width: 30%; background-color: #f0eded;\">\n<div class=\"wrap\">\n<div class=\"wrap\">\u00a0<\/div>\n<p style=\"text-align: center;\">\u00a0<\/p>\n<\/div>\n<\/td>\n<td style=\"width: 30%; background-color: #f0eded;\">\n<div class=\"header-bloc\">\n<div class=\"wrap\">\n<p>&nbsp;<\/p>\n<p style=\"text-align: center; font-size: 15px;\"><strong>Port de Croisi\u00e8re de Saint-Rapha\u00ebl\u00a0<\/strong><\/p>\n<p>&nbsp;<\/p>\n<p style=\"text-align: center;\"><a href=\"https:\/\/www.varprovence-cruise.com\/wp-content\/uploads\/2022\/09\/saint-raphael-cruise-port.jpg\"><img loading=\"lazy\" class=\"wp-image-15967 aligncenter\" src=\"https:\/\/www.varprovence-cruise.com\/wp-content\/uploads\/2022\/09\/saint-raphael-cruise-port.jpg\" alt=\"\" width=\"549\" height=\"310\" \/><\/a><\/p>\n<p style=\"text-align: center;\"><strong><span style=\"color: #ff6600;\"><a class=\"btn btn-1;\" style=\"color: #ff6600;\" href=\"https:\/\/www.varprovence-cruise.com\/wp-content\/uploads\/2022\/09\/saint-raphael-cruise-port-presentation.pdf\" target=\"_blank\" rel=\"noopener\">Consulter<\/a><\/span><\/strong><\/p>\n<\/div>\n<\/div>\n<\/td>\n<\/tr>\n<tr>\n<td style=\"width: 30%; background-color: #ffffff;\">\n<div class=\"header-bloc\">\n<div class=\"wrap\">\n<h3 style=\"text-align: center; font-size: 15px;\">\nComprendre la transition \u00e9co-\u00e9nerg\u00e9tique des navires de croisi\u00e8re en R\u00e9gion SUD<\/h3>\n<p style=\"text-align: center;\"><img loading=\"lazy\" class=\"alignnone wp-image-4688\" src=\"https:\/\/www.varprovence-cruise.com\/wp-content\/uploads\/2020\/06\/comprendre-la-transitionecoenergetique-des-nqvires-de-croisieres-en-region-ud-2020.jpg\" alt=\"\" width=\"314\" height=\"450\" srcset=\"https:\/\/www.varprovence-cruise.com\/fr\/wp-content\/uploads\/sites\/2\/2020\/06\/comprendre-la-transitionecoenergetique-des-nqvires-de-croisieres-en-region-ud-2020.jpg 526w, https:\/\/www.varprovence-cruise.com\/fr\/wp-content\/uploads\/sites\/2\/2020\/06\/comprendre-la-transitionecoenergetique-des-nqvires-de-croisieres-en-region-ud-2020-209x300.jpg 209w, https:\/\/www.varprovence-cruise.com\/fr\/wp-content\/uploads\/sites\/2\/2020\/06\/comprendre-la-transitionecoenergetique-des-nqvires-de-croisieres-en-region-ud-2020-180x258.jpg 180w, https:\/\/www.varprovence-cruise.com\/fr\/wp-content\/uploads\/sites\/2\/2020\/06\/comprendre-la-transitionecoenergetique-des-nqvires-de-croisieres-en-region-ud-2020-315x452.jpg 315w, https:\/\/www.varprovence-cruise.com\/fr\/wp-content\/uploads\/sites\/2\/2020\/06\/comprendre-la-transitionecoenergetique-des-nqvires-de-croisieres-en-region-ud-2020-380x545.jpg 380w, https:\/\/www.varprovence-cruise.com\/fr\/wp-content\/uploads\/sites\/2\/2020\/06\/comprendre-la-transitionecoenergetique-des-nqvires-de-croisieres-en-region-ud-2020-44x63.jpg 44w, https:\/\/www.varprovence-cruise.com\/fr\/wp-content\/uploads\/sites\/2\/2020\/06\/comprendre-la-transitionecoenergetique-des-nqvires-de-croisieres-en-region-ud-2020-80x115.jpg 80w, https:\/\/www.varprovence-cruise.com\/fr\/wp-content\/uploads\/sites\/2\/2020\/06\/comprendre-la-transitionecoenergetique-des-nqvires-de-croisieres-en-region-ud-2020-83x119.jpg 83w, https:\/\/www.varprovence-cruise.com\/fr\/wp-content\/uploads\/sites\/2\/2020\/06\/comprendre-la-transitionecoenergetique-des-nqvires-de-croisieres-en-region-ud-2020-165x237.jpg 165w, https:\/\/www.varprovence-cruise.com\/fr\/wp-content\/uploads\/sites\/2\/2020\/06\/comprendre-la-transitionecoenergetique-des-nqvires-de-croisieres-en-region-ud-2020-21x30.jpg 21w, https:\/\/www.varprovence-cruise.com\/fr\/wp-content\/uploads\/sites\/2\/2020\/06\/comprendre-la-transitionecoenergetique-des-nqvires-de-croisieres-en-region-ud-2020-42x60.jpg 42w, https:\/\/www.varprovence-cruise.com\/fr\/wp-content\/uploads\/sites\/2\/2020\/06\/comprendre-la-transitionecoenergetique-des-nqvires-de-croisieres-en-region-ud-2020-86x123.jpg 86w\" sizes=\"(max-width: 314px) 100vw, 314px\" \/><\/p>\n<p style=\"text-align: center;\"><strong><span style=\"color: #ff6600;\"><a class=\"btn btn-1;\" style=\"color: #ff6600;\" href=\"https:\/\/www.varprovence-cruise.com\/wp-content\/uploads\/2022\/06\/comprendre-la-transition-ecoenergetique-des-navires-de-croisere-en-region-sud-2020.pdf\" target=\"_blank\" rel=\"noopener\">Consulter<\/a><\/span><\/strong><\/p>\n<\/div>\n<\/div>\n<\/td>\n<td style=\"width: 30%; background-color: #ffffff;\">\n<div class=\"wrap\">\n<h3 style=\"text-align: center; font-size: 15px;\">Croisi\u00e8re et Environnement &#8211; Une troisi\u00e8me voie existe<\/h3>\n<p style=\"text-align: center;\"><img loading=\"lazy\" class=\"alignnone wp-image-7201 \" src=\"https:\/\/www.varprovence-cruise.com\/wp-content\/uploads\/2020\/07\/croisiere-et-environnement.jpg\" alt=\"\" width=\"313\" height=\"407\" srcset=\"https:\/\/www.varprovence-cruise.com\/fr\/wp-content\/uploads\/sites\/2\/2020\/07\/croisiere-et-environnement.jpg 449w, https:\/\/www.varprovence-cruise.com\/fr\/wp-content\/uploads\/sites\/2\/2020\/07\/croisiere-et-environnement-230x300.jpg 230w, https:\/\/www.varprovence-cruise.com\/fr\/wp-content\/uploads\/sites\/2\/2020\/07\/croisiere-et-environnement-180x235.jpg 180w, https:\/\/www.varprovence-cruise.com\/fr\/wp-content\/uploads\/sites\/2\/2020\/07\/croisiere-et-environnement-315x410.jpg 315w, https:\/\/www.varprovence-cruise.com\/fr\/wp-content\/uploads\/sites\/2\/2020\/07\/croisiere-et-environnement-380x495.jpg 380w, https:\/\/www.varprovence-cruise.com\/fr\/wp-content\/uploads\/sites\/2\/2020\/07\/croisiere-et-environnement-44x57.jpg 44w, https:\/\/www.varprovence-cruise.com\/fr\/wp-content\/uploads\/sites\/2\/2020\/07\/croisiere-et-environnement-80x104.jpg 80w, https:\/\/www.varprovence-cruise.com\/fr\/wp-content\/uploads\/sites\/2\/2020\/07\/croisiere-et-environnement-83x108.jpg 83w, https:\/\/www.varprovence-cruise.com\/fr\/wp-content\/uploads\/sites\/2\/2020\/07\/croisiere-et-environnement-165x215.jpg 165w, https:\/\/www.varprovence-cruise.com\/fr\/wp-content\/uploads\/sites\/2\/2020\/07\/croisiere-et-environnement-23x30.jpg 23w, https:\/\/www.varprovence-cruise.com\/fr\/wp-content\/uploads\/sites\/2\/2020\/07\/croisiere-et-environnement-46x60.jpg 46w, https:\/\/www.varprovence-cruise.com\/fr\/wp-content\/uploads\/sites\/2\/2020\/07\/croisiere-et-environnement-86x112.jpg 86w\" sizes=\"(max-width: 313px) 100vw, 313px\" \/><\/p>\n<p>&nbsp;<\/p>\n<p style=\"text-align: center;\"><strong><span style=\"color: #ff6600;\"><a class=\"btn btn-1;\" style=\"color: #ff6600;\" href=\"https:\/\/www.varprovence-cruise.com\/wp-content\/uploads\/2020\/07\/croisiere-et-environnement-.pdf\" target=\"_blank\" rel=\"noopener\">Cosnulter<\/a><\/span><\/strong><\/p>\n<\/div>\n<\/td>\n<td style=\"width: 30%; background-color: #ffffff;\">\n<div class=\"header-bloc\">\n<div class=\"wrap\">\n<h3 style=\"text-align: center; font-size: 15px;\"><strong>Le tourisme de croisi\u00e8re en R\u00e9gion Provence-Alpes-C\u00f4te d&rsquo;Azur<br \/>\n<\/strong><\/h3>\n<h3 style=\"text-align: center;\"><a href=\"https:\/\/www.varprovence-cruise.com\/wp-content\/uploads\/2022\/09\/cruise-industry-2019.png\"><img loading=\"lazy\" class=\"alignnone  wp-image-15717\" src=\"https:\/\/www.varprovence-cruise.com\/wp-content\/uploads\/2022\/09\/cruise-industry-2019.png\" alt=\"\" width=\"307\" height=\"437\" \/><\/a><\/h3>\n<p style=\"text-align: center;\"><strong><span style=\"color: #ff6600;\"><a class=\"btn btn-1;\" style=\"color: #ff6600;\" href=\"https:\/\/www.varprovence-cruise.com\/wp-content\/uploads\/2022\/09\/flyercruiseindustry2019eng.pdf\" target=\"_blank\" rel=\"noopener\">Consulter<\/a><\/span><\/strong><\/p>\n<\/div>\n<\/div>\n<\/td>\n<\/tr>\n<\/tbody>\n<\/table>\n<h3>\u00a0<\/h3>\n<\/div>\n<\/div>\n<\/div>\n","protected":false},"excerpt":{"rendered":"<p>Cruise Var Provence Presentation File Consulter le pdf Charte croisi\u00e8re durable M\u00e9diterran\u00e9e Consulter \u00a0 D\u00e9couvrez les itin\u00e9raires R-itinERA et nos id\u00e9es d&rsquo;excursions z\u00e9ro \u00e9mission! Consulter \u00a0 &nbsp; D\u00e9couvrez la Route du d\u00e9barquement en Provence \u00e0 l&rsquo;occasion des 80 ans du d\u00e9barquement alli\u00e9 en 2024 View the file\u00a0 \u00a0 Retomb\u00e9es \u00e9conomique du tourisme de croisi\u00e8re dans [&hellip;]<\/p>\n","protected":false},"author":1,"featured_media":0,"parent":0,"menu_order":0,"comment_status":"closed","ping_status":"closed","template":"","meta":[],"_links":{"self":[{"href":"https:\/\/www.varprovence-cruise.com\/fr\/wp-json\/wp\/v2\/pages\/403"}],"collection":[{"href":"https:\/\/www.varprovence-cruise.com\/fr\/wp-json\/wp\/v2\/pages"}],"about":[{"href":"https:\/\/www.varprovence-cruise.com\/fr\/wp-json\/wp\/v2\/types\/page"}],"author":[{"embeddable":true,"href":"https:\/\/www.varprovence-cruise.com\/fr\/wp-json\/wp\/v2\/users\/1"}],"replies":[{"embeddable":true,"href":"https:\/\/www.varprovence-cruise.com\/fr\/wp-json\/wp\/v2\/comments?post=403"}],"version-history":[{"count":58,"href":"https:\/\/www.varprovence-cruise.com\/fr\/wp-json\/wp\/v2\/pages\/403\/revisions"}],"predecessor-version":[{"id":21565,"href":"https:\/\/www.varprovence-cruise.com\/fr\/wp-json\/wp\/v2\/pages\/403\/revisions\/21565"}],"wp:attachment":[{"href":"https:\/\/www.varprovence-cruise.com\/fr\/wp-json\/wp\/v2\/media?parent=403"}],"curies":[{"name":"wp","href":"https:\/\/api.w.org\/{rel}","templated":true}]}}