{"id":3145,"date":"2021-06-15T07:26:59","date_gmt":"2021-06-15T06:26:59","guid":{"rendered":"https:\/\/www.varprovence-cruise.com\/fr\/fun-activities-in-six-fours-les-plages"},"modified":"2022-05-04T10:34:45","modified_gmt":"2022-05-04T08:34:45","slug":"activites-a-six-fours-les-plages","status":"publish","type":"page","link":"https:\/\/www.varprovence-cruise.com\/fr\/experience-var-provence\/idees-dexcursions\/activites-a-six-fours-les-plages\/","title":{"rendered":"Activit\u00e9s \u00e0 Six-Fours-les-Plages"},"content":{"rendered":"<h3>Balade en trottinette \u00e9lectrique pour toute la famille<\/h3>\n<p>L&rsquo;\u00eele du Gaou (\u00e0 c\u00f4t\u00e9 de Six-Fours-Les-Plages) dispose d&rsquo;un sentier de d\u00e9couverte botanique que vous suivrez en trottinette \u00e9lectrique ! Votre guide vous emm\u00e8nera d&rsquo;un bout \u00e0 l&rsquo;autre de l&rsquo;\u00eele et au cours de la balade vous d\u00e9couvrirez cette zone prot\u00e9g\u00e9e pour les esp\u00e8ces marines.<\/p>\n<p>Apr\u00e8s 2 heures de trajet, vous aurez peut-\u00eatre besoin d&rsquo;une collation rafra\u00eechissante ! Partagez un bon moment entre amis ou en famille et un guide passionn\u00e9 et amusant.<\/p>\n<p><img loading=\"lazy\" class=\"alignnone  wp-image-5416\" src=\"https:\/\/www.varprovence-cruise.com\/fr\/wp-content\/uploads\/sites\/2\/2020\/07\/trolib-six-fours-ctrolib-5.jpg\" alt=\"\" width=\"1066\" height=\"799\" srcset=\"https:\/\/www.varprovence-cruise.com\/fr\/wp-content\/uploads\/sites\/2\/2020\/07\/trolib-six-fours-ctrolib-5.jpg 4032w, https:\/\/www.varprovence-cruise.com\/fr\/wp-content\/uploads\/sites\/2\/2020\/07\/trolib-six-fours-ctrolib-5-300x225.jpg 300w, https:\/\/www.varprovence-cruise.com\/fr\/wp-content\/uploads\/sites\/2\/2020\/07\/trolib-six-fours-ctrolib-5-768x576.jpg 768w, https:\/\/www.varprovence-cruise.com\/fr\/wp-content\/uploads\/sites\/2\/2020\/07\/trolib-six-fours-ctrolib-5-1024x768.jpg 1024w, https:\/\/www.varprovence-cruise.com\/fr\/wp-content\/uploads\/sites\/2\/2020\/07\/trolib-six-fours-ctrolib-5-767x575.jpg 767w, https:\/\/www.varprovence-cruise.com\/fr\/wp-content\/uploads\/sites\/2\/2020\/07\/trolib-six-fours-ctrolib-5-1023x767.jpg 1023w, https:\/\/www.varprovence-cruise.com\/fr\/wp-content\/uploads\/sites\/2\/2020\/07\/trolib-six-fours-ctrolib-5-1800x1350.jpg 1800w, https:\/\/www.varprovence-cruise.com\/fr\/wp-content\/uploads\/sites\/2\/2020\/07\/trolib-six-fours-ctrolib-5-180x135.jpg 180w, https:\/\/www.varprovence-cruise.com\/fr\/wp-content\/uploads\/sites\/2\/2020\/07\/trolib-six-fours-ctrolib-5-315x236.jpg 315w, https:\/\/www.varprovence-cruise.com\/fr\/wp-content\/uploads\/sites\/2\/2020\/07\/trolib-six-fours-ctrolib-5-380x285.jpg 380w, https:\/\/www.varprovence-cruise.com\/fr\/wp-content\/uploads\/sites\/2\/2020\/07\/trolib-six-fours-ctrolib-5-44x33.jpg 44w, https:\/\/www.varprovence-cruise.com\/fr\/wp-content\/uploads\/sites\/2\/2020\/07\/trolib-six-fours-ctrolib-5-80x60.jpg 80w, https:\/\/www.varprovence-cruise.com\/fr\/wp-content\/uploads\/sites\/2\/2020\/07\/trolib-six-fours-ctrolib-5-83x62.jpg 83w, https:\/\/www.varprovence-cruise.com\/fr\/wp-content\/uploads\/sites\/2\/2020\/07\/trolib-six-fours-ctrolib-5-165x124.jpg 165w, https:\/\/www.varprovence-cruise.com\/fr\/wp-content\/uploads\/sites\/2\/2020\/07\/trolib-six-fours-ctrolib-5-40x30.jpg 40w, https:\/\/www.varprovence-cruise.com\/fr\/wp-content\/uploads\/sites\/2\/2020\/07\/trolib-six-fours-ctrolib-5-86x65.jpg 86w\" sizes=\"(max-width: 1066px) 100vw, 1066px\" \/><\/p>\n<h3>Coudou Parc<\/h3>\n<p>Pour profiter pleinement de splendides panoramas autrement, Six-Fours-les-Plages est une belle destination de loisirs ! Parmi les diff\u00e9rentes activit\u00e9s familiales propos\u00e9es, vous adorerez assur\u00e9ment ce parc dans les arbres ! Le <a href=\"https:\/\/www.coudouparc.com\/\" target=\"_blank\" rel=\"noopener\">Coudou Parc<\/a> est un parcours d&rsquo;accrobranche et d&rsquo;obstacles situ\u00e9 \u00e0 seulement 300 m\u00e8tres de la mer. Ses 18 pistes varient en niveau de difficult\u00e9 allant de d\u00e9butant \u00e0 expert. Elles se composent d&rsquo;obstacles tels que des rondins, des ponts, des \u00e9chelles, des cordes raides, des tyroliennes et plus encore ! Vous vivrez une aventure incroyable entre for\u00eat et mer, en famille ou entre amis.<\/p>\n","protected":false},"excerpt":{"rendered":"<p>Balade en trottinette \u00e9lectrique pour toute la famille L&rsquo;\u00eele du Gaou (\u00e0 c\u00f4t\u00e9 de Six-Fours-Les-Plages) dispose d&rsquo;un sentier de d\u00e9couverte botanique que vous suivrez en trottinette \u00e9lectrique ! Votre guide vous emm\u00e8nera d&rsquo;un bout \u00e0 l&rsquo;autre de l&rsquo;\u00eele et au cours de la balade vous d\u00e9couvrirez cette zone prot\u00e9g\u00e9e pour les esp\u00e8ces marines. Apr\u00e8s 2 [&hellip;]<\/p>\n","protected":false},"author":1,"featured_media":7022,"parent":147,"menu_order":0,"comment_status":"closed","ping_status":"closed","template":"","meta":[],"_links":{"self":[{"href":"https:\/\/www.varprovence-cruise.com\/fr\/wp-json\/wp\/v2\/pages\/3145"}],"collection":[{"href":"https:\/\/www.varprovence-cruise.com\/fr\/wp-json\/wp\/v2\/pages"}],"about":[{"href":"https:\/\/www.varprovence-cruise.com\/fr\/wp-json\/wp\/v2\/types\/page"}],"author":[{"embeddable":true,"href":"https:\/\/www.varprovence-cruise.com\/fr\/wp-json\/wp\/v2\/users\/1"}],"replies":[{"embeddable":true,"href":"https:\/\/www.varprovence-cruise.com\/fr\/wp-json\/wp\/v2\/comments?post=3145"}],"version-history":[{"count":6,"href":"https:\/\/www.varprovence-cruise.com\/fr\/wp-json\/wp\/v2\/pages\/3145\/revisions"}],"predecessor-version":[{"id":17718,"href":"https:\/\/www.varprovence-cruise.com\/fr\/wp-json\/wp\/v2\/pages\/3145\/revisions\/17718"}],"up":[{"embeddable":true,"href":"https:\/\/www.varprovence-cruise.com\/fr\/wp-json\/wp\/v2\/pages\/147"}],"wp:featuredmedia":[{"embeddable":true,"href":"https:\/\/www.varprovence-cruise.com\/fr\/wp-json\/wp\/v2\/media\/7022"}],"wp:attachment":[{"href":"https:\/\/www.varprovence-cruise.com\/fr\/wp-json\/wp\/v2\/media?parent=3145"}],"curies":[{"name":"wp","href":"https:\/\/api.w.org\/{rel}","templated":true}]}}