{"id":3136,"date":"2021-06-15T07:26:59","date_gmt":"2021-06-15T06:26:59","guid":{"rendered":"https:\/\/www.varprovence-cruise.com\/fr\/le-clos-des-roses-elegant-vineyard-of-provence"},"modified":"2022-05-01T21:23:58","modified_gmt":"2022-05-01T19:23:58","slug":"le-clos-des-roses-charmant-vignoble-de-provence","status":"publish","type":"page","link":"https:\/\/www.varprovence-cruise.com\/fr\/experience-var-provence\/idees-dexcursions\/le-clos-des-roses-charmant-vignoble-de-provence\/","title":{"rendered":"Le Clos des Roses: Charmant vignoble de Provence"},"content":{"rendered":"<h2>Le Clos des Roses<\/h2>\n<h3>Charmant vignoble de Provence<\/h3>\n<p>Id\u00e9alement situ\u00e9 entre Cannes et Saint-Tropez, le Clos des Roses est un v\u00e9ritable \u00e9crin de verdure. Rachet\u00e9 en 2006, le Clos des Roses a \u00e9t\u00e9 enti\u00e8rement r\u00e9habilit\u00e9 avec la ferme intention des propri\u00e9taires d&rsquo;installer un vignoble de qualit\u00e9 et de produire un vin d&rsquo;excellence.<\/p>\n<p>Avec ses 10 hectares de vignes, le Clos des Roses produit des C\u00f4tes de Provence (AOC ou AOP) et des Vins de Pays des Maures (IGP) en trois couleurs : rouge, blanc et ros\u00e9. Situ\u00e9 sur le terroir de Fr\u00e9jus, le Clos des Roses b\u00e9n\u00e9ficie d&rsquo;un sol volcanique. La roche rouge, caract\u00e9ristique de l&rsquo;Est\u00e9rel, contribue \u00e0 la richesse du vignoble o\u00f9 les vignes sont trait\u00e9es uniquement avec des produits naturels de l&rsquo;agriculture biologique. Soigneusement s\u00e9lectionn\u00e9s, les vins du Clos des Roses s&rsquo;expriment avec caract\u00e8re et finesse.<\/p>\n<p><img loading=\"lazy\" width=\"1920\" height=\"1280\" class=\"alignnone size-full wp-image-3888\" src=\"https:\/\/www.varprovence-cruise.com\/fr\/wp-content\/uploads\/sites\/2\/2020\/04\/vignoble-le-clos-des-roses-cleclosdes-roses-10.jpg\" alt=\"\" srcset=\"https:\/\/www.varprovence-cruise.com\/fr\/wp-content\/uploads\/sites\/2\/2020\/04\/vignoble-le-clos-des-roses-cleclosdes-roses-10.jpg 1920w, https:\/\/www.varprovence-cruise.com\/fr\/wp-content\/uploads\/sites\/2\/2020\/04\/vignoble-le-clos-des-roses-cleclosdes-roses-10-300x200.jpg 300w, https:\/\/www.varprovence-cruise.com\/fr\/wp-content\/uploads\/sites\/2\/2020\/04\/vignoble-le-clos-des-roses-cleclosdes-roses-10-768x512.jpg 768w, https:\/\/www.varprovence-cruise.com\/fr\/wp-content\/uploads\/sites\/2\/2020\/04\/vignoble-le-clos-des-roses-cleclosdes-roses-10-1024x683.jpg 1024w, https:\/\/www.varprovence-cruise.com\/fr\/wp-content\/uploads\/sites\/2\/2020\/04\/vignoble-le-clos-des-roses-cleclosdes-roses-10-767x511.jpg 767w, https:\/\/www.varprovence-cruise.com\/fr\/wp-content\/uploads\/sites\/2\/2020\/04\/vignoble-le-clos-des-roses-cleclosdes-roses-10-1023x682.jpg 1023w, https:\/\/www.varprovence-cruise.com\/fr\/wp-content\/uploads\/sites\/2\/2020\/04\/vignoble-le-clos-des-roses-cleclosdes-roses-10-1800x1200.jpg 1800w, https:\/\/www.varprovence-cruise.com\/fr\/wp-content\/uploads\/sites\/2\/2020\/04\/vignoble-le-clos-des-roses-cleclosdes-roses-10-180x120.jpg 180w, https:\/\/www.varprovence-cruise.com\/fr\/wp-content\/uploads\/sites\/2\/2020\/04\/vignoble-le-clos-des-roses-cleclosdes-roses-10-315x210.jpg 315w, https:\/\/www.varprovence-cruise.com\/fr\/wp-content\/uploads\/sites\/2\/2020\/04\/vignoble-le-clos-des-roses-cleclosdes-roses-10-380x253.jpg 380w, https:\/\/www.varprovence-cruise.com\/fr\/wp-content\/uploads\/sites\/2\/2020\/04\/vignoble-le-clos-des-roses-cleclosdes-roses-10-44x29.jpg 44w, https:\/\/www.varprovence-cruise.com\/fr\/wp-content\/uploads\/sites\/2\/2020\/04\/vignoble-le-clos-des-roses-cleclosdes-roses-10-80x53.jpg 80w, https:\/\/www.varprovence-cruise.com\/fr\/wp-content\/uploads\/sites\/2\/2020\/04\/vignoble-le-clos-des-roses-cleclosdes-roses-10-83x55.jpg 83w, https:\/\/www.varprovence-cruise.com\/fr\/wp-content\/uploads\/sites\/2\/2020\/04\/vignoble-le-clos-des-roses-cleclosdes-roses-10-165x110.jpg 165w, https:\/\/www.varprovence-cruise.com\/fr\/wp-content\/uploads\/sites\/2\/2020\/04\/vignoble-le-clos-des-roses-cleclosdes-roses-10-45x30.jpg 45w, https:\/\/www.varprovence-cruise.com\/fr\/wp-content\/uploads\/sites\/2\/2020\/04\/vignoble-le-clos-des-roses-cleclosdes-roses-10-90x60.jpg 90w, https:\/\/www.varprovence-cruise.com\/fr\/wp-content\/uploads\/sites\/2\/2020\/04\/vignoble-le-clos-des-roses-cleclosdes-roses-10-86x57.jpg 86w\" sizes=\"(max-width: 1920px) 100vw, 1920px\" \/><\/p>\n<h3>Bastide du Clos des Roses, H\u00f4tel &amp; restaurant<\/h3>\n<p>Autour de l&rsquo;activit\u00e9 centrale du vignoble, le Clos des Roses dispose \u00e9galement d&rsquo;un charmant h\u00f4tel-restaurant, qui propose des prestations de qualit\u00e9 et une cuisine m\u00e9diterran\u00e9enne, dans un cadre de d\u00e9tente, de d\u00e9couverte et d&rsquo;enchantement.<\/p>\n<p>Authentique maison proven\u00e7ale construite sur les fondations de l&rsquo;ancien chai, la Bastide du Clos des Roses, r\u00e9f\u00e9renc\u00e9e dans Les Collectionneurs m\u00eale tradition et modernit\u00e9.<\/p>\n<h3>Points forts du Clos des Roses<\/h3>\n<p>Le Clos des Roses offre aux visiteurs la possibilit\u00e9 de d\u00e9couvrir le vignoble et son savoir-faire \u00e0 travers des visites ludiques et conviviales.<\/p>\n<p>Des vignes \u00e0 la cave, en passant par la chapelle, et se terminant par une d\u00e9gustation comment\u00e9e, les visiteurs peuvent s&rsquo;immerger dans le monde myst\u00e9rieux des vins de Provence dont les secrets vous seront d\u00e9voil\u00e9s.<\/p>\n<p><iframe loading=\"lazy\" src=\"https:\/\/www.dailymotion.com\/embed\/video\/x313832\" width=\"640\" height=\"360\" frameborder=\"0\" allowfullscreen=\"allowfullscreen\"><\/iframe><\/p>\n<h3>Que faire<\/h3>\n<h4>Visite Guid\u00e9e et D\u00e9gustation comment\u00e9e sur r\u00e9servation (Dur\u00e9e environ 1h30)<\/h4>\n<ul>\n<li>Visite guid\u00e9e du Clos des Roses, de sa chapelle et de ses caves.<\/li>\n<li>D\u00e9gustation comment\u00e9e de vins tricolores (selon les stocks disponibles)<\/li>\n<\/ul>\n<p><em>Informations compl\u00e9mentaires : D\u00e9jeuner \u00e0 la Bastide du Clos des Roses, sur r\u00e9servation uniquement. Possibilit\u00e9 d&rsquo;avoir un menu de groupe sur demande.<\/em><\/p>\n<h4>Visite Guid\u00e9e, D\u00e9gustation de Vins et P\u00e9tanque &#8211; sur r\u00e9servation (Dur\u00e9e environ 3h00)<\/h4>\n<ul>\n<li>Visite guid\u00e9e du Clos des Roses, de sa chapelle et de ses caves.<\/li>\n<li>D\u00e9gustation comment\u00e9e de vins tricolores (selon les stocks disponibles)<\/li>\n<li>Terrain de p\u00e9tanque disponible et privatis\u00e9<\/li>\n<\/ul>\n<p><em>Informations compl\u00e9mentaires : D\u00e9jeuner \u00e0 la Bastide du Clos des Roses, sur r\u00e9servation uniquement. Possibilit\u00e9 d&rsquo;avoir un menu de groupe sur demande.<\/em><\/p>\n","protected":false},"excerpt":{"rendered":"<p>Le Clos des Roses Charmant vignoble de Provence Id\u00e9alement situ\u00e9 entre Cannes et Saint-Tropez, le Clos des Roses est un v\u00e9ritable \u00e9crin de verdure. Rachet\u00e9 en 2006, le Clos des Roses a \u00e9t\u00e9 enti\u00e8rement r\u00e9habilit\u00e9 avec la ferme intention des propri\u00e9taires d&rsquo;installer un vignoble de qualit\u00e9 et de produire un vin d&rsquo;excellence. Avec ses 10 [&hellip;]<\/p>\n","protected":false},"author":1,"featured_media":3888,"parent":147,"menu_order":0,"comment_status":"closed","ping_status":"closed","template":"","meta":[],"_links":{"self":[{"href":"https:\/\/www.varprovence-cruise.com\/fr\/wp-json\/wp\/v2\/pages\/3136"}],"collection":[{"href":"https:\/\/www.varprovence-cruise.com\/fr\/wp-json\/wp\/v2\/pages"}],"about":[{"href":"https:\/\/www.varprovence-cruise.com\/fr\/wp-json\/wp\/v2\/types\/page"}],"author":[{"embeddable":true,"href":"https:\/\/www.varprovence-cruise.com\/fr\/wp-json\/wp\/v2\/users\/1"}],"replies":[{"embeddable":true,"href":"https:\/\/www.varprovence-cruise.com\/fr\/wp-json\/wp\/v2\/comments?post=3136"}],"version-history":[{"count":7,"href":"https:\/\/www.varprovence-cruise.com\/fr\/wp-json\/wp\/v2\/pages\/3136\/revisions"}],"predecessor-version":[{"id":17336,"href":"https:\/\/www.varprovence-cruise.com\/fr\/wp-json\/wp\/v2\/pages\/3136\/revisions\/17336"}],"up":[{"embeddable":true,"href":"https:\/\/www.varprovence-cruise.com\/fr\/wp-json\/wp\/v2\/pages\/147"}],"wp:featuredmedia":[{"embeddable":true,"href":"https:\/\/www.varprovence-cruise.com\/fr\/wp-json\/wp\/v2\/media\/3888"}],"wp:attachment":[{"href":"https:\/\/www.varprovence-cruise.com\/fr\/wp-json\/wp\/v2\/media?parent=3136"}],"curies":[{"name":"wp","href":"https:\/\/api.w.org\/{rel}","templated":true}]}}