{"id":3130,"date":"2021-06-15T07:26:59","date_gmt":"2021-06-15T06:26:59","guid":{"rendered":"https:\/\/www.varprovence-cruise.com\/fr\/the-castille-domain"},"modified":"2022-05-04T11:50:10","modified_gmt":"2022-05-04T09:50:10","slug":"le-domaine-de-la-castille","status":"publish","type":"page","link":"https:\/\/www.varprovence-cruise.com\/fr\/experience-var-provence\/idees-dexcursions\/le-domaine-de-la-castille\/","title":{"rendered":"Le Domaine de la Castille"},"content":{"rendered":"<h2>Le Domaine de la Castille<\/h2>\n<p>Un parc de 300 hectares situ\u00e9 dans une for\u00eat typiquement proven\u00e7ale pour passer de bons moments entre calme et s\u00e9r\u00e9nit\u00e9. Un lieu convivial pour profiter de la nature \u00e0 travers ses sentiers, ses balades \u00e0 pied ou \u00e0 poney le long de la rivi\u00e8re. La cascade vous invite \u00e0 vous baigner ou \u00e0 pique-niquer. Vous et vos enfants pourrez profiter de la beaut\u00e9 du paysage et des diff\u00e9rentes activit\u00e9s que le parc propose tout au long de la journ\u00e9e !<\/p>\n<h3>L&rsquo;Ecopark Adventure<\/h3>\n<p>Envie de nature, de d\u00e9tente et d&rsquo;aventure ? L&rsquo;<a href=\"https:\/\/ecopark-adventures.com\/parks\/parc-accrobranche-la-castille\/\" target=\"_blank\" rel=\"noopener\">Ecopark Advendture<\/a> est id\u00e9al pour cela et pour faire des moments m\u00e9morables en famille ou entre amis ! L&rsquo;\u00e9quipe d&rsquo;Ecopark se fera un plaisir de vous r\u00e9server un accueil convivial et festif ! Venez essayer tous les parcours propos\u00e9s dans les cimes des arbres, pour petits et grands. Les plus t\u00e9m\u00e9raires tenteront le saut \u00e0 l&rsquo;\u00e9lastique depuis les arbres ! Vous serez en harmonie avec la nature et vous d\u00e9couvrirez la for\u00eat proven\u00e7ale sous ses plus beaux aspects.<\/p>\n<h3>Les vignobles du Domaine de la Castille<\/h3>\n<p>\u00c0 l&rsquo;entr\u00e9e du Domaine, le domaine de la Castille propose une visite du vignoble et une d\u00e9gustation de vins. La Castille se visite \u00e0 chaque saison pour d\u00e9couvrir les couleurs changeantes et l&rsquo;aspect des vignes.<\/p>\n<p><img loading=\"lazy\" width=\"3788\" height=\"2482\" class=\"alignnone size-full wp-image-5555\" src=\"https:\/\/www.varprovence-cruise.com\/fr\/wp-content\/uploads\/sites\/2\/2020\/07\/domaine-de-la-castille-cdomaine-de-la-castille-11.jpg\" alt=\"\" srcset=\"https:\/\/www.varprovence-cruise.com\/fr\/wp-content\/uploads\/sites\/2\/2020\/07\/domaine-de-la-castille-cdomaine-de-la-castille-11.jpg 3788w, https:\/\/www.varprovence-cruise.com\/fr\/wp-content\/uploads\/sites\/2\/2020\/07\/domaine-de-la-castille-cdomaine-de-la-castille-11-300x197.jpg 300w, https:\/\/www.varprovence-cruise.com\/fr\/wp-content\/uploads\/sites\/2\/2020\/07\/domaine-de-la-castille-cdomaine-de-la-castille-11-768x503.jpg 768w, https:\/\/www.varprovence-cruise.com\/fr\/wp-content\/uploads\/sites\/2\/2020\/07\/domaine-de-la-castille-cdomaine-de-la-castille-11-1024x671.jpg 1024w, https:\/\/www.varprovence-cruise.com\/fr\/wp-content\/uploads\/sites\/2\/2020\/07\/domaine-de-la-castille-cdomaine-de-la-castille-11-767x503.jpg 767w, https:\/\/www.varprovence-cruise.com\/fr\/wp-content\/uploads\/sites\/2\/2020\/07\/domaine-de-la-castille-cdomaine-de-la-castille-11-1023x670.jpg 1023w, https:\/\/www.varprovence-cruise.com\/fr\/wp-content\/uploads\/sites\/2\/2020\/07\/domaine-de-la-castille-cdomaine-de-la-castille-11-1800x1179.jpg 1800w, https:\/\/www.varprovence-cruise.com\/fr\/wp-content\/uploads\/sites\/2\/2020\/07\/domaine-de-la-castille-cdomaine-de-la-castille-11-180x118.jpg 180w, https:\/\/www.varprovence-cruise.com\/fr\/wp-content\/uploads\/sites\/2\/2020\/07\/domaine-de-la-castille-cdomaine-de-la-castille-11-315x206.jpg 315w, https:\/\/www.varprovence-cruise.com\/fr\/wp-content\/uploads\/sites\/2\/2020\/07\/domaine-de-la-castille-cdomaine-de-la-castille-11-380x249.jpg 380w, https:\/\/www.varprovence-cruise.com\/fr\/wp-content\/uploads\/sites\/2\/2020\/07\/domaine-de-la-castille-cdomaine-de-la-castille-11-44x29.jpg 44w, https:\/\/www.varprovence-cruise.com\/fr\/wp-content\/uploads\/sites\/2\/2020\/07\/domaine-de-la-castille-cdomaine-de-la-castille-11-80x52.jpg 80w, https:\/\/www.varprovence-cruise.com\/fr\/wp-content\/uploads\/sites\/2\/2020\/07\/domaine-de-la-castille-cdomaine-de-la-castille-11-83x54.jpg 83w, https:\/\/www.varprovence-cruise.com\/fr\/wp-content\/uploads\/sites\/2\/2020\/07\/domaine-de-la-castille-cdomaine-de-la-castille-11-165x108.jpg 165w, https:\/\/www.varprovence-cruise.com\/fr\/wp-content\/uploads\/sites\/2\/2020\/07\/domaine-de-la-castille-cdomaine-de-la-castille-11-46x30.jpg 46w, https:\/\/www.varprovence-cruise.com\/fr\/wp-content\/uploads\/sites\/2\/2020\/07\/domaine-de-la-castille-cdomaine-de-la-castille-11-92x60.jpg 92w, https:\/\/www.varprovence-cruise.com\/fr\/wp-content\/uploads\/sites\/2\/2020\/07\/domaine-de-la-castille-cdomaine-de-la-castille-11-86x56.jpg 86w\" sizes=\"(max-width: 3788px) 100vw, 3788px\" \/><\/p>\n","protected":false},"excerpt":{"rendered":"<p>Le Domaine de la Castille Un parc de 300 hectares situ\u00e9 dans une for\u00eat typiquement proven\u00e7ale pour passer de bons moments entre calme et s\u00e9r\u00e9nit\u00e9. Un lieu convivial pour profiter de la nature \u00e0 travers ses sentiers, ses balades \u00e0 pied ou \u00e0 poney le long de la rivi\u00e8re. La cascade vous invite \u00e0 vous [&hellip;]<\/p>\n","protected":false},"author":1,"featured_media":5547,"parent":147,"menu_order":0,"comment_status":"closed","ping_status":"closed","template":"","meta":[],"_links":{"self":[{"href":"https:\/\/www.varprovence-cruise.com\/fr\/wp-json\/wp\/v2\/pages\/3130"}],"collection":[{"href":"https:\/\/www.varprovence-cruise.com\/fr\/wp-json\/wp\/v2\/pages"}],"about":[{"href":"https:\/\/www.varprovence-cruise.com\/fr\/wp-json\/wp\/v2\/types\/page"}],"author":[{"embeddable":true,"href":"https:\/\/www.varprovence-cruise.com\/fr\/wp-json\/wp\/v2\/users\/1"}],"replies":[{"embeddable":true,"href":"https:\/\/www.varprovence-cruise.com\/fr\/wp-json\/wp\/v2\/comments?post=3130"}],"version-history":[{"count":6,"href":"https:\/\/www.varprovence-cruise.com\/fr\/wp-json\/wp\/v2\/pages\/3130\/revisions"}],"predecessor-version":[{"id":17753,"href":"https:\/\/www.varprovence-cruise.com\/fr\/wp-json\/wp\/v2\/pages\/3130\/revisions\/17753"}],"up":[{"embeddable":true,"href":"https:\/\/www.varprovence-cruise.com\/fr\/wp-json\/wp\/v2\/pages\/147"}],"wp:featuredmedia":[{"embeddable":true,"href":"https:\/\/www.varprovence-cruise.com\/fr\/wp-json\/wp\/v2\/media\/5547"}],"wp:attachment":[{"href":"https:\/\/www.varprovence-cruise.com\/fr\/wp-json\/wp\/v2\/media?parent=3130"}],"curies":[{"name":"wp","href":"https:\/\/api.w.org\/{rel}","templated":true}]}}