{"id":3126,"date":"2021-06-15T07:26:59","date_gmt":"2021-06-15T06:26:59","guid":{"rendered":"https:\/\/www.varprovence-cruise.com\/fr\/discover-the-mediterranean-sea-like-a-real-sailor"},"modified":"2022-05-04T11:00:18","modified_gmt":"2022-05-04T09:00:18","slug":"decouvrez-la-mer-mediterranee-comme-un-vrai-marin","status":"publish","type":"page","link":"https:\/\/www.varprovence-cruise.com\/fr\/experience-var-provence\/idees-dexcursions\/decouvrez-la-mer-mediterranee-comme-un-vrai-marin\/","title":{"rendered":"D\u00e9couvrez la mer M\u00e9diterran\u00e9e comme un vrai marin"},"content":{"rendered":"<h2>Naviguez vers la libert\u00e9 de la Haute-Mer<\/h2>\n<p>Le capitaine vous accueillera \u00e0 bord d&rsquo;un thonier de 70 ans et vous racontera ses aventures en mer. Pendant que vous contemplerez le paysage \u00e0 couper le souffle, les marins veilleront \u00e0 ce que vous profitiez de cette exp\u00e9rience incroyable du d\u00e9but \u00e0 la fin. Pour vous aider \u00e0 savourer chaque minute de ce moment magique, les marins vous serviront un rafra\u00eechissant verre de vin ros\u00e9 ou une boisson sans alcool avec des olives ou des biscuits.<\/p>\n<p>Partez \u00e0 l&rsquo;aventure \u00e0 bord d&rsquo;un vieux voilier!<\/p>\n<ul>\n<li>Si vous partez de Hy\u00e8res, l&rsquo;ancien voilier vous emm\u00e8nera dans des lieux mythiques : la presqu&rsquo;\u00eele de Giens et ses calanques sauvages, Porquerolles et bien d&rsquo;autres merveilles m\u00e9ridionales. Lorsque le navire jette l&rsquo;ancre, vous \u00eates libre de nager dans l&rsquo;eau turquoise ou de simplement bronzer \u00e0 bord.<\/li>\n<li>Si vous partez de Toulon, vous admirerez les belles calanques de la rade de Toulon. \u00c9quipements sp\u00e9ciaux disponibles \u00e0 bord : deux kayaks, masques, tubas, palmes, frites de piscine&#8230; tout ce qu&rsquo;il faut pour vous amuser en mer !<\/li>\n<\/ul>\n<p><em>Disponible d&rsquo;avril \u00e0 octobre selon les conditions m\u00e9t\u00e9orologiques.<\/em><\/p>\n","protected":false},"excerpt":{"rendered":"<p>Naviguez vers la libert\u00e9 de la Haute-Mer Le capitaine vous accueillera \u00e0 bord d&rsquo;un thonier de 70 ans et vous racontera ses aventures en mer. Pendant que vous contemplerez le paysage \u00e0 couper le souffle, les marins veilleront \u00e0 ce que vous profitiez de cette exp\u00e9rience incroyable du d\u00e9but \u00e0 la fin. Pour vous aider [&hellip;]<\/p>\n","protected":false},"author":1,"featured_media":0,"parent":147,"menu_order":0,"comment_status":"closed","ping_status":"closed","template":"","meta":[],"_links":{"self":[{"href":"https:\/\/www.varprovence-cruise.com\/fr\/wp-json\/wp\/v2\/pages\/3126"}],"collection":[{"href":"https:\/\/www.varprovence-cruise.com\/fr\/wp-json\/wp\/v2\/pages"}],"about":[{"href":"https:\/\/www.varprovence-cruise.com\/fr\/wp-json\/wp\/v2\/types\/page"}],"author":[{"embeddable":true,"href":"https:\/\/www.varprovence-cruise.com\/fr\/wp-json\/wp\/v2\/users\/1"}],"replies":[{"embeddable":true,"href":"https:\/\/www.varprovence-cruise.com\/fr\/wp-json\/wp\/v2\/comments?post=3126"}],"version-history":[{"count":6,"href":"https:\/\/www.varprovence-cruise.com\/fr\/wp-json\/wp\/v2\/pages\/3126\/revisions"}],"predecessor-version":[{"id":17736,"href":"https:\/\/www.varprovence-cruise.com\/fr\/wp-json\/wp\/v2\/pages\/3126\/revisions\/17736"}],"up":[{"embeddable":true,"href":"https:\/\/www.varprovence-cruise.com\/fr\/wp-json\/wp\/v2\/pages\/147"}],"wp:attachment":[{"href":"https:\/\/www.varprovence-cruise.com\/fr\/wp-json\/wp\/v2\/media?parent=3126"}],"curies":[{"name":"wp","href":"https:\/\/api.w.org\/{rel}","templated":true}]}}