{"id":3114,"date":"2021-06-15T07:26:59","date_gmt":"2021-06-15T06:26:59","guid":{"rendered":"https:\/\/www.varprovence-cruise.com\/fr\/sanary-sur-mer-a-family-friendly-destination"},"modified":"2022-05-02T00:21:55","modified_gmt":"2022-05-01T22:21:55","slug":"sanary-sur-mer-une-destination-pour-toute-la-famille","status":"publish","type":"page","link":"https:\/\/www.varprovence-cruise.com\/fr\/experience-var-provence\/idees-dexcursions\/sanary-sur-mer-une-destination-pour-toute-la-famille\/","title":{"rendered":"Sanary-sur-Mer : une destination pour toute la famille"},"content":{"rendered":"<h2>Un charmant et authentique village proven\u00e7al<\/h2>\n<p>Le tr\u00e8s ancien port naturel de Sanary-sur-mer, situ\u00e9 en plein centre, abrite en permanence une centaine de navires patrimoniaux datant de 1895, ainsi que quelques anciens bateaux de p\u00eache proven\u00e7aux appel\u00e9s localement les pointus.<\/p>\n<p>Douze p\u00eacheurs professionnels continuent de vendre leur prise du jour au port. Ne manquez pas \u00e9galement la vue panoramique depuis le sommet de la Tour romane qui surplombe la mer M\u00e9diterran\u00e9e !<\/p>\n<h3>Profitez du meilleur march\u00e9 de France !<\/h3>\n<p>Chaque mercredi, go\u00fbtez aux saveurs de ce grand march\u00e9 proven\u00e7al, \u00e9lu meilleur march\u00e9 de plein air de France en 2018. Vous y trouverez des produits de qualit\u00e9, des fruits et l\u00e9gumes \u00e0 l&rsquo;huile d&rsquo;olive locale et de nombreuses sp\u00e9cialit\u00e9s proven\u00e7ales ! Vous pourrez \u00e9galement d\u00e9couvrir le march\u00e9 des Arts et M\u00e9tiers tous les soirs en \u00e9t\u00e9.<\/p>\n<p><img loading=\"lazy\" class=\"aligncenter  wp-image-3589\" src=\"https:\/\/www.varprovence-cruise.com\/fr\/wp-content\/uploads\/sites\/2\/2017\/11\/marche-de-sanary-sur-mer-csanary-tourisme-3.jpg\" alt=\"\" width=\"860\" height=\"573\" srcset=\"https:\/\/www.varprovence-cruise.com\/fr\/wp-content\/uploads\/sites\/2\/2017\/11\/marche-de-sanary-sur-mer-csanary-tourisme-3.jpg 3072w, https:\/\/www.varprovence-cruise.com\/fr\/wp-content\/uploads\/sites\/2\/2017\/11\/marche-de-sanary-sur-mer-csanary-tourisme-3-300x200.jpg 300w, https:\/\/www.varprovence-cruise.com\/fr\/wp-content\/uploads\/sites\/2\/2017\/11\/marche-de-sanary-sur-mer-csanary-tourisme-3-768x512.jpg 768w, https:\/\/www.varprovence-cruise.com\/fr\/wp-content\/uploads\/sites\/2\/2017\/11\/marche-de-sanary-sur-mer-csanary-tourisme-3-1024x683.jpg 1024w, https:\/\/www.varprovence-cruise.com\/fr\/wp-content\/uploads\/sites\/2\/2017\/11\/marche-de-sanary-sur-mer-csanary-tourisme-3-767x511.jpg 767w, https:\/\/www.varprovence-cruise.com\/fr\/wp-content\/uploads\/sites\/2\/2017\/11\/marche-de-sanary-sur-mer-csanary-tourisme-3-1023x682.jpg 1023w, https:\/\/www.varprovence-cruise.com\/fr\/wp-content\/uploads\/sites\/2\/2017\/11\/marche-de-sanary-sur-mer-csanary-tourisme-3-1800x1200.jpg 1800w, https:\/\/www.varprovence-cruise.com\/fr\/wp-content\/uploads\/sites\/2\/2017\/11\/marche-de-sanary-sur-mer-csanary-tourisme-3-180x120.jpg 180w, https:\/\/www.varprovence-cruise.com\/fr\/wp-content\/uploads\/sites\/2\/2017\/11\/marche-de-sanary-sur-mer-csanary-tourisme-3-315x210.jpg 315w, https:\/\/www.varprovence-cruise.com\/fr\/wp-content\/uploads\/sites\/2\/2017\/11\/marche-de-sanary-sur-mer-csanary-tourisme-3-380x253.jpg 380w, https:\/\/www.varprovence-cruise.com\/fr\/wp-content\/uploads\/sites\/2\/2017\/11\/marche-de-sanary-sur-mer-csanary-tourisme-3-44x29.jpg 44w, https:\/\/www.varprovence-cruise.com\/fr\/wp-content\/uploads\/sites\/2\/2017\/11\/marche-de-sanary-sur-mer-csanary-tourisme-3-80x53.jpg 80w, https:\/\/www.varprovence-cruise.com\/fr\/wp-content\/uploads\/sites\/2\/2017\/11\/marche-de-sanary-sur-mer-csanary-tourisme-3-83x55.jpg 83w, https:\/\/www.varprovence-cruise.com\/fr\/wp-content\/uploads\/sites\/2\/2017\/11\/marche-de-sanary-sur-mer-csanary-tourisme-3-165x110.jpg 165w, https:\/\/www.varprovence-cruise.com\/fr\/wp-content\/uploads\/sites\/2\/2017\/11\/marche-de-sanary-sur-mer-csanary-tourisme-3-45x30.jpg 45w, https:\/\/www.varprovence-cruise.com\/fr\/wp-content\/uploads\/sites\/2\/2017\/11\/marche-de-sanary-sur-mer-csanary-tourisme-3-90x60.jpg 90w, https:\/\/www.varprovence-cruise.com\/fr\/wp-content\/uploads\/sites\/2\/2017\/11\/marche-de-sanary-sur-mer-csanary-tourisme-3-86x57.jpg 86w\" sizes=\"(max-width: 860px) 100vw, 860px\" \/><\/p>\n","protected":false},"excerpt":{"rendered":"<p>Un charmant et authentique village proven\u00e7al Le tr\u00e8s ancien port naturel de Sanary-sur-mer, situ\u00e9 en plein centre, abrite en permanence une centaine de navires patrimoniaux datant de 1895, ainsi que quelques anciens bateaux de p\u00eache proven\u00e7aux appel\u00e9s localement les pointus. Douze p\u00eacheurs professionnels continuent de vendre leur prise du jour au port. Ne manquez pas [&hellip;]<\/p>\n","protected":false},"author":1,"featured_media":3605,"parent":147,"menu_order":0,"comment_status":"closed","ping_status":"closed","template":"","meta":[],"_links":{"self":[{"href":"https:\/\/www.varprovence-cruise.com\/fr\/wp-json\/wp\/v2\/pages\/3114"}],"collection":[{"href":"https:\/\/www.varprovence-cruise.com\/fr\/wp-json\/wp\/v2\/pages"}],"about":[{"href":"https:\/\/www.varprovence-cruise.com\/fr\/wp-json\/wp\/v2\/types\/page"}],"author":[{"embeddable":true,"href":"https:\/\/www.varprovence-cruise.com\/fr\/wp-json\/wp\/v2\/users\/1"}],"replies":[{"embeddable":true,"href":"https:\/\/www.varprovence-cruise.com\/fr\/wp-json\/wp\/v2\/comments?post=3114"}],"version-history":[{"count":9,"href":"https:\/\/www.varprovence-cruise.com\/fr\/wp-json\/wp\/v2\/pages\/3114\/revisions"}],"predecessor-version":[{"id":17410,"href":"https:\/\/www.varprovence-cruise.com\/fr\/wp-json\/wp\/v2\/pages\/3114\/revisions\/17410"}],"up":[{"embeddable":true,"href":"https:\/\/www.varprovence-cruise.com\/fr\/wp-json\/wp\/v2\/pages\/147"}],"wp:featuredmedia":[{"embeddable":true,"href":"https:\/\/www.varprovence-cruise.com\/fr\/wp-json\/wp\/v2\/media\/3605"}],"wp:attachment":[{"href":"https:\/\/www.varprovence-cruise.com\/fr\/wp-json\/wp\/v2\/media?parent=3114"}],"curies":[{"name":"wp","href":"https:\/\/api.w.org\/{rel}","templated":true}]}}