{"id":3110,"date":"2021-06-15T07:26:59","date_gmt":"2021-06-15T06:26:59","guid":{"rendered":"https:\/\/www.varprovence-cruise.com\/fr\/theme-parks"},"modified":"2022-05-04T11:55:03","modified_gmt":"2022-05-04T09:55:03","slug":"parcs-a-theme","status":"publish","type":"page","link":"https:\/\/www.varprovence-cruise.com\/fr\/experience-var-provence\/idees-dexcursions\/parcs-a-theme\/","title":{"rendered":"Parcs \u00e0 th\u00e8me"},"content":{"rendered":"<h2>Profitez d&rsquo;un parc \u00e0 th\u00e8me durant votre s\u00e9jour<\/h2>\n<h3>OK CORRAL<\/h3>\n<p>Ok Corral est un parc d&rsquo;attractions situ\u00e9 \u00e0 Cuges-les-Pins (30 min en voiture de Toulon). Toute la famille appr\u00e9ciera ce parc tout droit sorti d&rsquo;un western ! Venez d\u00e9couvrir ses man\u00e8ges, ses attractions, ses spectacles et bien plus encore !<\/p>\n<p><em>Ouvert de mars \u00e0 novembre. Ouverture tous les jours uniquement pendant les vacances scolaires.<\/em><\/p>\n<p><img loading=\"lazy\" class=\"alignnone  wp-image-5520\" src=\"https:\/\/www.varprovence-cruise.com\/fr\/wp-content\/uploads\/sites\/2\/2020\/07\/pioneer-ok-corral-cok-corral.jpg\" alt=\"\" width=\"1121\" height=\"747\" srcset=\"https:\/\/www.varprovence-cruise.com\/fr\/wp-content\/uploads\/sites\/2\/2020\/07\/pioneer-ok-corral-cok-corral.jpg 5760w, https:\/\/www.varprovence-cruise.com\/fr\/wp-content\/uploads\/sites\/2\/2020\/07\/pioneer-ok-corral-cok-corral-300x200.jpg 300w, https:\/\/www.varprovence-cruise.com\/fr\/wp-content\/uploads\/sites\/2\/2020\/07\/pioneer-ok-corral-cok-corral-768x512.jpg 768w, https:\/\/www.varprovence-cruise.com\/fr\/wp-content\/uploads\/sites\/2\/2020\/07\/pioneer-ok-corral-cok-corral-1024x683.jpg 1024w, https:\/\/www.varprovence-cruise.com\/fr\/wp-content\/uploads\/sites\/2\/2020\/07\/pioneer-ok-corral-cok-corral-767x511.jpg 767w, https:\/\/www.varprovence-cruise.com\/fr\/wp-content\/uploads\/sites\/2\/2020\/07\/pioneer-ok-corral-cok-corral-1023x682.jpg 1023w, https:\/\/www.varprovence-cruise.com\/fr\/wp-content\/uploads\/sites\/2\/2020\/07\/pioneer-ok-corral-cok-corral-1800x1200.jpg 1800w, https:\/\/www.varprovence-cruise.com\/fr\/wp-content\/uploads\/sites\/2\/2020\/07\/pioneer-ok-corral-cok-corral-180x120.jpg 180w, https:\/\/www.varprovence-cruise.com\/fr\/wp-content\/uploads\/sites\/2\/2020\/07\/pioneer-ok-corral-cok-corral-315x210.jpg 315w, https:\/\/www.varprovence-cruise.com\/fr\/wp-content\/uploads\/sites\/2\/2020\/07\/pioneer-ok-corral-cok-corral-380x253.jpg 380w, https:\/\/www.varprovence-cruise.com\/fr\/wp-content\/uploads\/sites\/2\/2020\/07\/pioneer-ok-corral-cok-corral-44x29.jpg 44w, https:\/\/www.varprovence-cruise.com\/fr\/wp-content\/uploads\/sites\/2\/2020\/07\/pioneer-ok-corral-cok-corral-80x53.jpg 80w, https:\/\/www.varprovence-cruise.com\/fr\/wp-content\/uploads\/sites\/2\/2020\/07\/pioneer-ok-corral-cok-corral-83x55.jpg 83w, https:\/\/www.varprovence-cruise.com\/fr\/wp-content\/uploads\/sites\/2\/2020\/07\/pioneer-ok-corral-cok-corral-165x110.jpg 165w, https:\/\/www.varprovence-cruise.com\/fr\/wp-content\/uploads\/sites\/2\/2020\/07\/pioneer-ok-corral-cok-corral-45x30.jpg 45w, https:\/\/www.varprovence-cruise.com\/fr\/wp-content\/uploads\/sites\/2\/2020\/07\/pioneer-ok-corral-cok-corral-90x60.jpg 90w, https:\/\/www.varprovence-cruise.com\/fr\/wp-content\/uploads\/sites\/2\/2020\/07\/pioneer-ok-corral-cok-corral-86x57.jpg 86w\" sizes=\"(max-width: 1121px) 100vw, 1121px\" \/><\/p>\n<h3>AQUALAND<\/h3>\n<p>Vous cherchez \u00e0 vous amuser en famille ? Rendez-vous au Aqualand de Saint-Cyr-sur-Mer ! Chaque membre de la famille y trouvera son bonheur : toboggans g\u00e9ants, piscines \u00e0 vagues, bou\u00e9es&#8230; de quoi passer un bon moment !<\/p>\n<p><em>Ouvert de juin \u00e0 septembre, 7 jours sur 7.<\/em><\/p>\n<h3>MAGIC WORLD<\/h3>\n<p>Pour votre soir\u00e9e, ne manquez pas le c\u00e9l\u00e8bre port de Hy\u00e8res o\u00f9 vous pourrez prendre un d\u00eener proven\u00e7al et fl\u00e2ner le long du c\u00e9l\u00e8bre march\u00e9 artisanal. \u00c0 seulement 5 min du port, vous trouverez le parc Magic World. Quel que soit votre \u00e2ge, vous passerez un merveilleux moment ! Que vous soyez en famille ou entre amis, un large choix de stands de f\u00eate foraine s&rsquo;offre \u00e0 tous ! Vous allez adorer l&rsquo;ambiance festive de Magic World !<\/p>\n<p><em>Ouvert de mai \u00e0 septembre, de 20h \u00e0 2h.<\/em><\/p>\n","protected":false},"excerpt":{"rendered":"<p>Profitez d&rsquo;un parc \u00e0 th\u00e8me durant votre s\u00e9jour OK CORRAL Ok Corral est un parc d&rsquo;attractions situ\u00e9 \u00e0 Cuges-les-Pins (30 min en voiture de Toulon). Toute la famille appr\u00e9ciera ce parc tout droit sorti d&rsquo;un western ! Venez d\u00e9couvrir ses man\u00e8ges, ses attractions, ses spectacles et bien plus encore ! Ouvert de mars \u00e0 novembre. [&hellip;]<\/p>\n","protected":false},"author":1,"featured_media":5518,"parent":147,"menu_order":0,"comment_status":"closed","ping_status":"closed","template":"","meta":[],"_links":{"self":[{"href":"https:\/\/www.varprovence-cruise.com\/fr\/wp-json\/wp\/v2\/pages\/3110"}],"collection":[{"href":"https:\/\/www.varprovence-cruise.com\/fr\/wp-json\/wp\/v2\/pages"}],"about":[{"href":"https:\/\/www.varprovence-cruise.com\/fr\/wp-json\/wp\/v2\/types\/page"}],"author":[{"embeddable":true,"href":"https:\/\/www.varprovence-cruise.com\/fr\/wp-json\/wp\/v2\/users\/1"}],"replies":[{"embeddable":true,"href":"https:\/\/www.varprovence-cruise.com\/fr\/wp-json\/wp\/v2\/comments?post=3110"}],"version-history":[{"count":6,"href":"https:\/\/www.varprovence-cruise.com\/fr\/wp-json\/wp\/v2\/pages\/3110\/revisions"}],"predecessor-version":[{"id":17757,"href":"https:\/\/www.varprovence-cruise.com\/fr\/wp-json\/wp\/v2\/pages\/3110\/revisions\/17757"}],"up":[{"embeddable":true,"href":"https:\/\/www.varprovence-cruise.com\/fr\/wp-json\/wp\/v2\/pages\/147"}],"wp:featuredmedia":[{"embeddable":true,"href":"https:\/\/www.varprovence-cruise.com\/fr\/wp-json\/wp\/v2\/media\/5518"}],"wp:attachment":[{"href":"https:\/\/www.varprovence-cruise.com\/fr\/wp-json\/wp\/v2\/media?parent=3110"}],"curies":[{"name":"wp","href":"https:\/\/api.w.org\/{rel}","templated":true}]}}