{"id":3109,"date":"2021-06-15T07:26:59","date_gmt":"2021-06-15T06:26:59","guid":{"rendered":"https:\/\/www.varprovence-cruise.com\/fr\/family-tours-at-the-beach-or-the-sea"},"modified":"2022-05-04T10:48:49","modified_gmt":"2022-05-04T08:48:49","slug":"aventures-en-famille-a-la-plage-ou-en-mer","status":"publish","type":"page","link":"https:\/\/www.varprovence-cruise.com\/fr\/experience-var-provence\/idees-dexcursions\/aventures-en-famille-a-la-plage-ou-en-mer\/","title":{"rendered":"Aventures en famille \u00e0 la plage ou en mer"},"content":{"rendered":"<h3>D\u00e9couvrez les lieux secrets de Toulon<\/h3>\n<p>Prenez un verre de bienvenue sur la terrasse du Club House au Yacht Club et montez \u00e0 bord d&rsquo;un catamaran de croisi\u00e8re, le <em>Mar Lodge<\/em>. En journ\u00e9e, avec le skipper, soyez le capitaine, et amenez votre \u00e9quipage \u00e0 la d\u00e9couverte des lieux de plong\u00e9e les plus secrets et les plus beaux de la Rade de Toulon. Au mouillage, vous pouvez soit vous d\u00e9tendre au soleil, soit explorer des fonds marins inattendus. Le choix vous appartient!<\/p>\n<p>\u00c9quipements sp\u00e9ciaux disponibles \u00e0 bord : masques, tubas\u2026 et m\u00eame stand up paddle !<\/p>\n<h3>Plongez et d\u00e9couvrez l&rsquo;\u00eele de Port Cros (Parc national)<\/h3>\n<p>Accompagn\u00e9 d&rsquo;un guide passionn\u00e9 de nature, embarquez \u00e0 bord du Mar Lodge, un catamaran de croisi\u00e8re, pour une journ\u00e9e compl\u00e8te \u00e0 la d\u00e9couverte du premier Parc national Marin Europ\u00e9en : Port Cros. Au mouillage, mettez votre masque et votre tuba et laissez-vous surprendre par l&rsquo;un des plus beaux sites de plong\u00e9e de la mer M\u00e9diterran\u00e9e. Et apr\u00e8s l&rsquo;effort, la d\u00e9tente ! Savourez un d\u00e9licieux d\u00e9jeuner \u00e0 bord tout en d\u00e9gustant du vin local et biologique.<\/p>\n<h3>Faites du Flyboard comme un super-h\u00e9ros !<\/h3>\n<p>Vous \u00eates \u00e0 la recherche de nouvelles sensations ? Le flyboard est d\u00e9finitivement fait pour vous ! Vous serez ravi de vous \u00e9lancer dans les airs tout en faisant le plein d&rsquo;adr\u00e9naline avec un flyboard facile \u00e0 contr\u00f4ler ! Si vous \u00eates d\u00e9butant, il n&rsquo;y a pas de quoi s&rsquo;inqui\u00e9ter : le flyboard est tr\u00e8s simple d&rsquo;utilisation.<\/p>\n<p><img loading=\"lazy\" width=\"1920\" height=\"1273\" class=\"alignnone size-full wp-image-5403\" src=\"https:\/\/www.varprovence-cruise.com\/fr\/wp-content\/uploads\/sites\/2\/2020\/07\/image-par-marzena-p.-de-pixabay.jpg\" alt=\"\" srcset=\"https:\/\/www.varprovence-cruise.com\/fr\/wp-content\/uploads\/sites\/2\/2020\/07\/image-par-marzena-p.-de-pixabay.jpg 1920w, https:\/\/www.varprovence-cruise.com\/fr\/wp-content\/uploads\/sites\/2\/2020\/07\/image-par-marzena-p.-de-pixabay-300x199.jpg 300w, https:\/\/www.varprovence-cruise.com\/fr\/wp-content\/uploads\/sites\/2\/2020\/07\/image-par-marzena-p.-de-pixabay-768x509.jpg 768w, https:\/\/www.varprovence-cruise.com\/fr\/wp-content\/uploads\/sites\/2\/2020\/07\/image-par-marzena-p.-de-pixabay-1024x679.jpg 1024w, https:\/\/www.varprovence-cruise.com\/fr\/wp-content\/uploads\/sites\/2\/2020\/07\/image-par-marzena-p.-de-pixabay-767x509.jpg 767w, https:\/\/www.varprovence-cruise.com\/fr\/wp-content\/uploads\/sites\/2\/2020\/07\/image-par-marzena-p.-de-pixabay-1023x678.jpg 1023w, https:\/\/www.varprovence-cruise.com\/fr\/wp-content\/uploads\/sites\/2\/2020\/07\/image-par-marzena-p.-de-pixabay-1800x1193.jpg 1800w, https:\/\/www.varprovence-cruise.com\/fr\/wp-content\/uploads\/sites\/2\/2020\/07\/image-par-marzena-p.-de-pixabay-180x119.jpg 180w, https:\/\/www.varprovence-cruise.com\/fr\/wp-content\/uploads\/sites\/2\/2020\/07\/image-par-marzena-p.-de-pixabay-315x209.jpg 315w, https:\/\/www.varprovence-cruise.com\/fr\/wp-content\/uploads\/sites\/2\/2020\/07\/image-par-marzena-p.-de-pixabay-380x252.jpg 380w, https:\/\/www.varprovence-cruise.com\/fr\/wp-content\/uploads\/sites\/2\/2020\/07\/image-par-marzena-p.-de-pixabay-44x29.jpg 44w, https:\/\/www.varprovence-cruise.com\/fr\/wp-content\/uploads\/sites\/2\/2020\/07\/image-par-marzena-p.-de-pixabay-80x53.jpg 80w, https:\/\/www.varprovence-cruise.com\/fr\/wp-content\/uploads\/sites\/2\/2020\/07\/image-par-marzena-p.-de-pixabay-83x55.jpg 83w, https:\/\/www.varprovence-cruise.com\/fr\/wp-content\/uploads\/sites\/2\/2020\/07\/image-par-marzena-p.-de-pixabay-165x109.jpg 165w, https:\/\/www.varprovence-cruise.com\/fr\/wp-content\/uploads\/sites\/2\/2020\/07\/image-par-marzena-p.-de-pixabay-45x30.jpg 45w, https:\/\/www.varprovence-cruise.com\/fr\/wp-content\/uploads\/sites\/2\/2020\/07\/image-par-marzena-p.-de-pixabay-90x60.jpg 90w, https:\/\/www.varprovence-cruise.com\/fr\/wp-content\/uploads\/sites\/2\/2020\/07\/image-par-marzena-p.-de-pixabay-86x57.jpg 86w\" sizes=\"(max-width: 1920px) 100vw, 1920px\" \/><\/p>\n<h3>Stand up paddle ou kayak dans la rade<\/h3>\n<p>Soyez votre propre capitaine ! D\u00e9couvrez le littoral toulonnais en paddle ou en kayak. Pendant la visite, notre \u00e9quipe s&rsquo;occupera de vos enfants : un large \u00e9ventail d&rsquo;activit\u00e9s vous sera propos\u00e9. Ensuite, prenez une boisson rafra\u00eechissante sur la terrasse du Club House.<\/p>\n<h3>Observez les c\u00e9tac\u00e9s dans leur milieu naturel !<\/h3>\n<p>\u00cates-vous pr\u00eat \u00e0 partager des moments extraordinaires avec les baleines et les dauphins ? Vous naviguerez \u00e0 bord d&rsquo;Ipanea, un bateau pneumatique semi-rigide de 8,5 m de long, pour une excursion dans le parc national de Port-Cros, r\u00e9serve naturelle de la mer M\u00e9diterran\u00e9e. Guid\u00e9 par C\u00e9dric, dit \u00ab Capitaine Baleines \u00bb, vous d\u00e9couvrirez toute la beaut\u00e9 de ces lieux en approchant les c\u00e9tac\u00e9s depuis le bateau.<\/p>\n<h3>D\u00e9tendez-vous sur une plage priv\u00e9e avec votre famille<\/h3>\n<p>Le Mourillon est le cadre id\u00e9al pour la contemplation et la d\u00e9tente au calme. Profitez de la tranquillit\u00e9 d&rsquo;une plage priv\u00e9e pour fl\u00e2ner, bronzer sur un transat ou simplement r\u00eavasser berc\u00e9 par le clapotis des vagues pendant que vos enfants font des ch\u00e2teaux de sable avec une \u00e9quipe professionnelle. Les repas et les boissons peuvent \u00eatre inclus dans le forfait.<\/p>\n","protected":false},"excerpt":{"rendered":"<p>D\u00e9couvrez les lieux secrets de Toulon Prenez un verre de bienvenue sur la terrasse du Club House au Yacht Club et montez \u00e0 bord d&rsquo;un catamaran de croisi\u00e8re, le Mar Lodge. En journ\u00e9e, avec le skipper, soyez le capitaine, et amenez votre \u00e9quipage \u00e0 la d\u00e9couverte des lieux de plong\u00e9e les plus secrets et les [&hellip;]<\/p>\n","protected":false},"author":1,"featured_media":5398,"parent":147,"menu_order":0,"comment_status":"closed","ping_status":"closed","template":"","meta":[],"_links":{"self":[{"href":"https:\/\/www.varprovence-cruise.com\/fr\/wp-json\/wp\/v2\/pages\/3109"}],"collection":[{"href":"https:\/\/www.varprovence-cruise.com\/fr\/wp-json\/wp\/v2\/pages"}],"about":[{"href":"https:\/\/www.varprovence-cruise.com\/fr\/wp-json\/wp\/v2\/types\/page"}],"author":[{"embeddable":true,"href":"https:\/\/www.varprovence-cruise.com\/fr\/wp-json\/wp\/v2\/users\/1"}],"replies":[{"embeddable":true,"href":"https:\/\/www.varprovence-cruise.com\/fr\/wp-json\/wp\/v2\/comments?post=3109"}],"version-history":[{"count":10,"href":"https:\/\/www.varprovence-cruise.com\/fr\/wp-json\/wp\/v2\/pages\/3109\/revisions"}],"predecessor-version":[{"id":17725,"href":"https:\/\/www.varprovence-cruise.com\/fr\/wp-json\/wp\/v2\/pages\/3109\/revisions\/17725"}],"up":[{"embeddable":true,"href":"https:\/\/www.varprovence-cruise.com\/fr\/wp-json\/wp\/v2\/pages\/147"}],"wp:featuredmedia":[{"embeddable":true,"href":"https:\/\/www.varprovence-cruise.com\/fr\/wp-json\/wp\/v2\/media\/5398"}],"wp:attachment":[{"href":"https:\/\/www.varprovence-cruise.com\/fr\/wp-json\/wp\/v2\/media?parent=3109"}],"curies":[{"name":"wp","href":"https:\/\/api.w.org\/{rel}","templated":true}]}}