{"id":3103,"date":"2021-06-15T07:26:59","date_gmt":"2021-06-15T06:26:59","guid":{"rendered":"https:\/\/www.varprovence-cruise.com\/fr\/the-turtle-recreational-village"},"modified":"2022-05-01T12:20:09","modified_gmt":"2022-05-01T10:20:09","slug":"le-village-des-tortues","status":"publish","type":"page","link":"https:\/\/www.varprovence-cruise.com\/fr\/experience-var-provence\/idees-dexcursions\/le-village-des-tortues\/","title":{"rendered":"Le Village des Tortues"},"content":{"rendered":"<h2>Le Village des Tortues<\/h2>\n<p>Situ\u00e9 dans l&rsquo;une des plus belles r\u00e9gions de France, ce village accueille familles, groupes et enfants pour une rencontre \u00e9tonnante avec les tortues. Pour observer plus de 50 esp\u00e8ces de tortues du monde entier et leur mode de vie, faites une pause dans ce magnifique parc ! Des activit\u00e9s p\u00e9dagogiques sont organis\u00e9es tout au long de la journ\u00e9e pour les enfants : jeux de tortues, quiz, ateliers p\u00e9dagogiques. Ils peuvent d\u00e9couvrir la nature en s&rsquo;amusant ! Chaque matin, vous \u00eates invit\u00e9 \u00e0 voir comment les tortues sont nourries.<\/p>\n<p><img loading=\"lazy\" class=\"alignnone wp-image-3562 size-full\" src=\"https:\/\/www.varprovence-cruise.com\/fr\/wp-content\/uploads\/sites\/2\/2020\/04\/village-des-tortues-83-cvillage-des-tortues-2-e1594978467165.jpg\" alt=\"\" width=\"960\" height=\"1004\" srcset=\"https:\/\/www.varprovence-cruise.com\/fr\/wp-content\/uploads\/sites\/2\/2020\/04\/village-des-tortues-83-cvillage-des-tortues-2-e1594978467165.jpg 960w, https:\/\/www.varprovence-cruise.com\/fr\/wp-content\/uploads\/sites\/2\/2020\/04\/village-des-tortues-83-cvillage-des-tortues-2-e1594978467165-287x300.jpg 287w, https:\/\/www.varprovence-cruise.com\/fr\/wp-content\/uploads\/sites\/2\/2020\/04\/village-des-tortues-83-cvillage-des-tortues-2-e1594978467165-768x803.jpg 768w, https:\/\/www.varprovence-cruise.com\/fr\/wp-content\/uploads\/sites\/2\/2020\/04\/village-des-tortues-83-cvillage-des-tortues-2-e1594978467165-767x802.jpg 767w, https:\/\/www.varprovence-cruise.com\/fr\/wp-content\/uploads\/sites\/2\/2020\/04\/village-des-tortues-83-cvillage-des-tortues-2-e1594978467165-180x188.jpg 180w, https:\/\/www.varprovence-cruise.com\/fr\/wp-content\/uploads\/sites\/2\/2020\/04\/village-des-tortues-83-cvillage-des-tortues-2-e1594978467165-315x329.jpg 315w, https:\/\/www.varprovence-cruise.com\/fr\/wp-content\/uploads\/sites\/2\/2020\/04\/village-des-tortues-83-cvillage-des-tortues-2-e1594978467165-380x397.jpg 380w, https:\/\/www.varprovence-cruise.com\/fr\/wp-content\/uploads\/sites\/2\/2020\/04\/village-des-tortues-83-cvillage-des-tortues-2-e1594978467165-44x46.jpg 44w, https:\/\/www.varprovence-cruise.com\/fr\/wp-content\/uploads\/sites\/2\/2020\/04\/village-des-tortues-83-cvillage-des-tortues-2-e1594978467165-80x84.jpg 80w, https:\/\/www.varprovence-cruise.com\/fr\/wp-content\/uploads\/sites\/2\/2020\/04\/village-des-tortues-83-cvillage-des-tortues-2-e1594978467165-83x87.jpg 83w, https:\/\/www.varprovence-cruise.com\/fr\/wp-content\/uploads\/sites\/2\/2020\/04\/village-des-tortues-83-cvillage-des-tortues-2-e1594978467165-165x173.jpg 165w, https:\/\/www.varprovence-cruise.com\/fr\/wp-content\/uploads\/sites\/2\/2020\/04\/village-des-tortues-83-cvillage-des-tortues-2-e1594978467165-29x30.jpg 29w, https:\/\/www.varprovence-cruise.com\/fr\/wp-content\/uploads\/sites\/2\/2020\/04\/village-des-tortues-83-cvillage-des-tortues-2-e1594978467165-57x60.jpg 57w, https:\/\/www.varprovence-cruise.com\/fr\/wp-content\/uploads\/sites\/2\/2020\/04\/village-des-tortues-83-cvillage-des-tortues-2-e1594978467165-86x90.jpg 86w\" sizes=\"(max-width: 960px) 100vw, 960px\" \/><\/p>\n<h3>Le Cabinet du v\u00e9t\u00e9rinaire<\/h3>\n<p>Vous aimeriez savoir comment les v\u00e9t\u00e9rinaires prennent soin des tortues ? Enfants et adultes auront un aper\u00e7u du travail quotidien des v\u00e9t\u00e9rinaires. Des rencontres sont organis\u00e9es pour r\u00e9unir propri\u00e9taires d&rsquo;animaux et sp\u00e9cialistes afin de partager leurs connaissances avec les visiteurs. Au village des tortues, chaque visiteur devient protagoniste de la protection des tortues dans le Var, la France et le Monde.<\/p>\n","protected":false},"excerpt":{"rendered":"<p>Le Village des Tortues Situ\u00e9 dans l&rsquo;une des plus belles r\u00e9gions de France, ce village accueille familles, groupes et enfants pour une rencontre \u00e9tonnante avec les tortues. Pour observer plus de 50 esp\u00e8ces de tortues du monde entier et leur mode de vie, faites une pause dans ce magnifique parc ! Des activit\u00e9s p\u00e9dagogiques sont [&hellip;]<\/p>\n","protected":false},"author":1,"featured_media":3666,"parent":147,"menu_order":0,"comment_status":"closed","ping_status":"closed","template":"","meta":[],"_links":{"self":[{"href":"https:\/\/www.varprovence-cruise.com\/fr\/wp-json\/wp\/v2\/pages\/3103"}],"collection":[{"href":"https:\/\/www.varprovence-cruise.com\/fr\/wp-json\/wp\/v2\/pages"}],"about":[{"href":"https:\/\/www.varprovence-cruise.com\/fr\/wp-json\/wp\/v2\/types\/page"}],"author":[{"embeddable":true,"href":"https:\/\/www.varprovence-cruise.com\/fr\/wp-json\/wp\/v2\/users\/1"}],"replies":[{"embeddable":true,"href":"https:\/\/www.varprovence-cruise.com\/fr\/wp-json\/wp\/v2\/comments?post=3103"}],"version-history":[{"count":4,"href":"https:\/\/www.varprovence-cruise.com\/fr\/wp-json\/wp\/v2\/pages\/3103\/revisions"}],"predecessor-version":[{"id":17265,"href":"https:\/\/www.varprovence-cruise.com\/fr\/wp-json\/wp\/v2\/pages\/3103\/revisions\/17265"}],"up":[{"embeddable":true,"href":"https:\/\/www.varprovence-cruise.com\/fr\/wp-json\/wp\/v2\/pages\/147"}],"wp:featuredmedia":[{"embeddable":true,"href":"https:\/\/www.varprovence-cruise.com\/fr\/wp-json\/wp\/v2\/media\/3666"}],"wp:attachment":[{"href":"https:\/\/www.varprovence-cruise.com\/fr\/wp-json\/wp\/v2\/media?parent=3103"}],"curies":[{"name":"wp","href":"https:\/\/api.w.org\/{rel}","templated":true}]}}