{"id":2954,"date":"2021-06-15T07:26:59","date_gmt":"2021-06-15T06:26:59","guid":{"rendered":"https:\/\/www.varprovence-cruise.com\/fr\/discover-porquerolles-have-a-green-escape-on-a-paradise-island-visit-a-contemporary-art-museum"},"modified":"2022-05-04T11:02:41","modified_gmt":"2022-05-04T09:02:41","slug":"decouvrez-porquerolles-evadez-vous-en-nature-sur-une-ile-paradisiaque-visitez-un-musee-dart-contemporain","status":"publish","type":"page","link":"https:\/\/www.varprovence-cruise.com\/fr\/experience-var-provence\/idees-dexcursions\/decouvrez-porquerolles-evadez-vous-en-nature-sur-une-ile-paradisiaque-visitez-un-musee-dart-contemporain\/","title":{"rendered":"D\u00e9couvrez Porquerolles : \u00c9vadez-vous en nature sur une \u00eele paradisiaque &#038; visitez un mus\u00e9e d&rsquo;art contemporain"},"content":{"rendered":"<h2>D\u00e9couvrez les merveilles naturelles de l&rsquo;\u00eele de Porquerolles<\/h2>\n<p>Charlotte &#8211; guide amoureuse de la nature &#8211; vous accueillera \u00e0 la \u00ab Tour Fondue \u00bb, \u00e0 Hy\u00e8res, o\u00f9 vous prendrez un bateau pour Porquerolles. \u00c0 travers les sentiers au c\u0153ur du maquis, vous d\u00e9couvrirez des paysages authentiques qui se sont fa\u00e7onn\u00e9s au cours de l&rsquo;histoire et sont aujourd&rsquo;hui t\u00e9moins du pass\u00e9 : un fort, un moulin \u00e0 vent et un phare. Vous visiterez le nouveau mus\u00e9e d&rsquo;art de l&rsquo;\u00eele appel\u00e9 \u00abFondation Carmignac \u00bb et d\u00e9couvrirez lors de cette visite exclusive, des \u0153uvres d&rsquo;art dans tous les endroits. Tout au long de la balade, vous admirerez les diff\u00e9rentes esp\u00e8ces d&rsquo;arbres au c\u0153ur d&rsquo;un espace prot\u00e9g\u00e9 d&rsquo;une des plus belles \u00eeles de la France m\u00e9tropolitaine.<\/p>\n<p><img loading=\"lazy\" width=\"1600\" height=\"959\" class=\"alignnone size-full wp-image-3695\" src=\"https:\/\/www.varprovence-cruise.com\/fr\/wp-content\/uploads\/sites\/2\/2020\/04\/fondation_carmignac_porquerolles-cfondation-carmignac.jpg\" alt=\"\" srcset=\"https:\/\/www.varprovence-cruise.com\/fr\/wp-content\/uploads\/sites\/2\/2020\/04\/fondation_carmignac_porquerolles-cfondation-carmignac.jpg 1600w, https:\/\/www.varprovence-cruise.com\/fr\/wp-content\/uploads\/sites\/2\/2020\/04\/fondation_carmignac_porquerolles-cfondation-carmignac-300x180.jpg 300w, https:\/\/www.varprovence-cruise.com\/fr\/wp-content\/uploads\/sites\/2\/2020\/04\/fondation_carmignac_porquerolles-cfondation-carmignac-768x460.jpg 768w, https:\/\/www.varprovence-cruise.com\/fr\/wp-content\/uploads\/sites\/2\/2020\/04\/fondation_carmignac_porquerolles-cfondation-carmignac-1024x614.jpg 1024w, https:\/\/www.varprovence-cruise.com\/fr\/wp-content\/uploads\/sites\/2\/2020\/04\/fondation_carmignac_porquerolles-cfondation-carmignac-767x460.jpg 767w, https:\/\/www.varprovence-cruise.com\/fr\/wp-content\/uploads\/sites\/2\/2020\/04\/fondation_carmignac_porquerolles-cfondation-carmignac-1023x613.jpg 1023w, https:\/\/www.varprovence-cruise.com\/fr\/wp-content\/uploads\/sites\/2\/2020\/04\/fondation_carmignac_porquerolles-cfondation-carmignac-180x108.jpg 180w, https:\/\/www.varprovence-cruise.com\/fr\/wp-content\/uploads\/sites\/2\/2020\/04\/fondation_carmignac_porquerolles-cfondation-carmignac-315x189.jpg 315w, https:\/\/www.varprovence-cruise.com\/fr\/wp-content\/uploads\/sites\/2\/2020\/04\/fondation_carmignac_porquerolles-cfondation-carmignac-380x228.jpg 380w, https:\/\/www.varprovence-cruise.com\/fr\/wp-content\/uploads\/sites\/2\/2020\/04\/fondation_carmignac_porquerolles-cfondation-carmignac-44x26.jpg 44w, https:\/\/www.varprovence-cruise.com\/fr\/wp-content\/uploads\/sites\/2\/2020\/04\/fondation_carmignac_porquerolles-cfondation-carmignac-80x48.jpg 80w, https:\/\/www.varprovence-cruise.com\/fr\/wp-content\/uploads\/sites\/2\/2020\/04\/fondation_carmignac_porquerolles-cfondation-carmignac-83x50.jpg 83w, https:\/\/www.varprovence-cruise.com\/fr\/wp-content\/uploads\/sites\/2\/2020\/04\/fondation_carmignac_porquerolles-cfondation-carmignac-165x99.jpg 165w, https:\/\/www.varprovence-cruise.com\/fr\/wp-content\/uploads\/sites\/2\/2020\/04\/fondation_carmignac_porquerolles-cfondation-carmignac-50x30.jpg 50w, https:\/\/www.varprovence-cruise.com\/fr\/wp-content\/uploads\/sites\/2\/2020\/04\/fondation_carmignac_porquerolles-cfondation-carmignac-100x60.jpg 100w, https:\/\/www.varprovence-cruise.com\/fr\/wp-content\/uploads\/sites\/2\/2020\/04\/fondation_carmignac_porquerolles-cfondation-carmignac-86x52.jpg 86w, https:\/\/www.varprovence-cruise.com\/fr\/wp-content\/uploads\/sites\/2\/2020\/04\/fondation_carmignac_porquerolles-cfondation-carmignac-72x42.jpg 72w\" sizes=\"(max-width: 1600px) 100vw, 1600px\" \/><\/p>\n<h3>Ressentez le bien-\u00eatre<\/h3>\n<p>Au cours de cette journ\u00e9e \u00e0 Porquerolles, vous vous arr\u00eaterez sur une plage pour exp\u00e9rimentez un cours de r\u00e9flexologie plantaire\u00b9 ou de Qi Gong\u00b2 afin de vous d\u00e9tendre, rel\u00e2cher vos tensions, stimuler votre positivisme, centrer votre conscience sur votre corps et votre respiration, vous connecter avec la nature environnante et vivre pleinement chaque instant.<\/p>\n<p>1: une m\u00e9thode de gu\u00e9rison naturelle utilis\u00e9e depuis des milliers d&rsquo;ann\u00e9es.<\/p>\n<p>2: un syst\u00e8me holistique de posture et de mouvement corporel coordonn\u00e9s, de respiration et de m\u00e9ditation utilis\u00e9 dans la conviction qu&rsquo;il favorise la sant\u00e9, la spiritualit\u00e9 et l&rsquo;entra\u00eenement aux arts martiaux.<\/p>\n<p><iframe loading=\"lazy\" src=\"https:\/\/www.youtube.com\/embed\/8SnxQfRvaSQ\" width=\"560\" height=\"315\" frameborder=\"0\" allowfullscreen=\"allowfullscreen\"><\/iframe><\/p>\n","protected":false},"excerpt":{"rendered":"<p>D\u00e9couvrez les merveilles naturelles de l&rsquo;\u00eele de Porquerolles Charlotte &#8211; guide amoureuse de la nature &#8211; vous accueillera \u00e0 la \u00ab Tour Fondue \u00bb, \u00e0 Hy\u00e8res, o\u00f9 vous prendrez un bateau pour Porquerolles. \u00c0 travers les sentiers au c\u0153ur du maquis, vous d\u00e9couvrirez des paysages authentiques qui se sont fa\u00e7onn\u00e9s au cours de l&rsquo;histoire et [&hellip;]<\/p>\n","protected":false},"author":1,"featured_media":3744,"parent":147,"menu_order":0,"comment_status":"closed","ping_status":"closed","template":"","meta":[],"_links":{"self":[{"href":"https:\/\/www.varprovence-cruise.com\/fr\/wp-json\/wp\/v2\/pages\/2954"}],"collection":[{"href":"https:\/\/www.varprovence-cruise.com\/fr\/wp-json\/wp\/v2\/pages"}],"about":[{"href":"https:\/\/www.varprovence-cruise.com\/fr\/wp-json\/wp\/v2\/types\/page"}],"author":[{"embeddable":true,"href":"https:\/\/www.varprovence-cruise.com\/fr\/wp-json\/wp\/v2\/users\/1"}],"replies":[{"embeddable":true,"href":"https:\/\/www.varprovence-cruise.com\/fr\/wp-json\/wp\/v2\/comments?post=2954"}],"version-history":[{"count":7,"href":"https:\/\/www.varprovence-cruise.com\/fr\/wp-json\/wp\/v2\/pages\/2954\/revisions"}],"predecessor-version":[{"id":17738,"href":"https:\/\/www.varprovence-cruise.com\/fr\/wp-json\/wp\/v2\/pages\/2954\/revisions\/17738"}],"up":[{"embeddable":true,"href":"https:\/\/www.varprovence-cruise.com\/fr\/wp-json\/wp\/v2\/pages\/147"}],"wp:featuredmedia":[{"embeddable":true,"href":"https:\/\/www.varprovence-cruise.com\/fr\/wp-json\/wp\/v2\/media\/3744"}],"wp:attachment":[{"href":"https:\/\/www.varprovence-cruise.com\/fr\/wp-json\/wp\/v2\/media?parent=2954"}],"curies":[{"name":"wp","href":"https:\/\/api.w.org\/{rel}","templated":true}]}}