{"id":2943,"date":"2021-06-15T07:26:59","date_gmt":"2021-06-15T06:26:59","guid":{"rendered":"https:\/\/www.varprovence-cruise.com\/fr\/hyeres-when-medieval-history-meets-a-lively-art-scene"},"modified":"2022-05-02T20:34:17","modified_gmt":"2022-05-02T18:34:17","slug":"hyeres-quand-lhistoire-medievale-rencontre-la-scene-artistique-contemporaine","status":"publish","type":"page","link":"https:\/\/www.varprovence-cruise.com\/fr\/experience-var-provence\/idees-dexcursions\/hyeres-quand-lhistoire-medievale-rencontre-la-scene-artistique-contemporaine\/","title":{"rendered":"Hy\u00e8res : Quand l&rsquo;histoire m\u00e9di\u00e9vale rencontre la sc\u00e8ne artistique contemporaine"},"content":{"rendered":"<h2>Rues color\u00e9es de la vieille ville<\/h2>\n<p>Promenez-vous dans les rues pav\u00e9es et \u00e9troites de la cit\u00e9 m\u00e9di\u00e9vale et admirez les boutiques authentiques, les passages vo\u00fbt\u00e9s, les places ombrag\u00e9es\u2026 Perch\u00e9es sur la colline, les ruines du ch\u00e2teau m\u00e9di\u00e9val construit au XIe si\u00e8cle dominent les rues color\u00e9es de la vieille ville. Du haut de la colline, profitez d&rsquo;une vue imprenable sur la presqu&rsquo;\u00eele de Giens et l&rsquo;\u00eele de Porquerolles.<\/p>\n<p><img loading=\"lazy\" class=\"alignnone  wp-image-3715\" src=\"https:\/\/www.varprovence-cruise.com\/fr\/wp-content\/uploads\/sites\/2\/2020\/04\/hyeres-citycentre-chyeres-tourisme-pierre-lisse-15.jpg\" alt=\"\" width=\"1090\" height=\"724\" srcset=\"https:\/\/www.varprovence-cruise.com\/fr\/wp-content\/uploads\/sites\/2\/2020\/04\/hyeres-citycentre-chyeres-tourisme-pierre-lisse-15.jpg 4288w, https:\/\/www.varprovence-cruise.com\/fr\/wp-content\/uploads\/sites\/2\/2020\/04\/hyeres-citycentre-chyeres-tourisme-pierre-lisse-15-300x199.jpg 300w, https:\/\/www.varprovence-cruise.com\/fr\/wp-content\/uploads\/sites\/2\/2020\/04\/hyeres-citycentre-chyeres-tourisme-pierre-lisse-15-768x510.jpg 768w, https:\/\/www.varprovence-cruise.com\/fr\/wp-content\/uploads\/sites\/2\/2020\/04\/hyeres-citycentre-chyeres-tourisme-pierre-lisse-15-1024x680.jpg 1024w, https:\/\/www.varprovence-cruise.com\/fr\/wp-content\/uploads\/sites\/2\/2020\/04\/hyeres-citycentre-chyeres-tourisme-pierre-lisse-15-767x509.jpg 767w, https:\/\/www.varprovence-cruise.com\/fr\/wp-content\/uploads\/sites\/2\/2020\/04\/hyeres-citycentre-chyeres-tourisme-pierre-lisse-15-1023x679.jpg 1023w, https:\/\/www.varprovence-cruise.com\/fr\/wp-content\/uploads\/sites\/2\/2020\/04\/hyeres-citycentre-chyeres-tourisme-pierre-lisse-15-1800x1196.jpg 1800w, https:\/\/www.varprovence-cruise.com\/fr\/wp-content\/uploads\/sites\/2\/2020\/04\/hyeres-citycentre-chyeres-tourisme-pierre-lisse-15-180x120.jpg 180w, https:\/\/www.varprovence-cruise.com\/fr\/wp-content\/uploads\/sites\/2\/2020\/04\/hyeres-citycentre-chyeres-tourisme-pierre-lisse-15-315x209.jpg 315w, https:\/\/www.varprovence-cruise.com\/fr\/wp-content\/uploads\/sites\/2\/2020\/04\/hyeres-citycentre-chyeres-tourisme-pierre-lisse-15-380x252.jpg 380w, https:\/\/www.varprovence-cruise.com\/fr\/wp-content\/uploads\/sites\/2\/2020\/04\/hyeres-citycentre-chyeres-tourisme-pierre-lisse-15-44x29.jpg 44w, https:\/\/www.varprovence-cruise.com\/fr\/wp-content\/uploads\/sites\/2\/2020\/04\/hyeres-citycentre-chyeres-tourisme-pierre-lisse-15-80x53.jpg 80w, https:\/\/www.varprovence-cruise.com\/fr\/wp-content\/uploads\/sites\/2\/2020\/04\/hyeres-citycentre-chyeres-tourisme-pierre-lisse-15-83x55.jpg 83w, https:\/\/www.varprovence-cruise.com\/fr\/wp-content\/uploads\/sites\/2\/2020\/04\/hyeres-citycentre-chyeres-tourisme-pierre-lisse-15-165x110.jpg 165w, https:\/\/www.varprovence-cruise.com\/fr\/wp-content\/uploads\/sites\/2\/2020\/04\/hyeres-citycentre-chyeres-tourisme-pierre-lisse-15-45x30.jpg 45w, https:\/\/www.varprovence-cruise.com\/fr\/wp-content\/uploads\/sites\/2\/2020\/04\/hyeres-citycentre-chyeres-tourisme-pierre-lisse-15-90x60.jpg 90w, https:\/\/www.varprovence-cruise.com\/fr\/wp-content\/uploads\/sites\/2\/2020\/04\/hyeres-citycentre-chyeres-tourisme-pierre-lisse-15-86x57.jpg 86w\" sizes=\"(max-width: 1090px) 100vw, 1090px\" \/><\/p>\n<h3>Villa Noailles, l&rsquo;avant-garde artistique<\/h3>\n<p>Dans cette opulente villa, les Noailles (m\u00e9c\u00e8nes de renom) ont accueilli l&rsquo;avant-garde artistique du XXe si\u00e8cle : Giacometti, Cocteau, Picasso, Dali et Man Ray\u2026 Venez d\u00e9couvrir ce haut lieu de la cr\u00e9ativit\u00e9 dans la mode, la photographie, l&rsquo;architecture et le design. Vous pourrez \u00e9galement vous promener dans l&rsquo;extraordinaire jardin de la villa et admirer des esp\u00e8ces v\u00e9g\u00e9tales exotiques et respirer un air frais et pur.<\/p>\n<h3>D\u00e9couvrez le tout nouveau Art District !<\/h3>\n<p>Suivez le sentier balis\u00e9 et d\u00e9couvrez ce nouveau quartier au c\u0153ur du centre-ville. Des artistes et artisans locaux (vitraux, cr\u00e9ateurs de bijoux\u2026) vous invitent \u00e0 visiter leurs boutiques ou ateliers tout en d\u00e9couvrant le nouveau \u00ab Art District \u00bb. Le meilleur moyen d&rsquo;apprendre leur savoir-faire et de partager un moment privil\u00e9gi\u00e9 avec eux !<\/p>\n<p><em>Il est n\u00e9cessaire de convenir d&rsquo;un rendez-vous au pr\u00e9alable pour participer \u00e0 un atelier.<\/em><\/p>\n","protected":false},"excerpt":{"rendered":"<p>Rues color\u00e9es de la vieille ville Promenez-vous dans les rues pav\u00e9es et \u00e9troites de la cit\u00e9 m\u00e9di\u00e9vale et admirez les boutiques authentiques, les passages vo\u00fbt\u00e9s, les places ombrag\u00e9es\u2026 Perch\u00e9es sur la colline, les ruines du ch\u00e2teau m\u00e9di\u00e9val construit au XIe si\u00e8cle dominent les rues color\u00e9es de la vieille ville. Du haut de la colline, profitez [&hellip;]<\/p>\n","protected":false},"author":1,"featured_media":3725,"parent":147,"menu_order":0,"comment_status":"closed","ping_status":"closed","template":"","meta":[],"_links":{"self":[{"href":"https:\/\/www.varprovence-cruise.com\/fr\/wp-json\/wp\/v2\/pages\/2943"}],"collection":[{"href":"https:\/\/www.varprovence-cruise.com\/fr\/wp-json\/wp\/v2\/pages"}],"about":[{"href":"https:\/\/www.varprovence-cruise.com\/fr\/wp-json\/wp\/v2\/types\/page"}],"author":[{"embeddable":true,"href":"https:\/\/www.varprovence-cruise.com\/fr\/wp-json\/wp\/v2\/users\/1"}],"replies":[{"embeddable":true,"href":"https:\/\/www.varprovence-cruise.com\/fr\/wp-json\/wp\/v2\/comments?post=2943"}],"version-history":[{"count":8,"href":"https:\/\/www.varprovence-cruise.com\/fr\/wp-json\/wp\/v2\/pages\/2943\/revisions"}],"predecessor-version":[{"id":17643,"href":"https:\/\/www.varprovence-cruise.com\/fr\/wp-json\/wp\/v2\/pages\/2943\/revisions\/17643"}],"up":[{"embeddable":true,"href":"https:\/\/www.varprovence-cruise.com\/fr\/wp-json\/wp\/v2\/pages\/147"}],"wp:featuredmedia":[{"embeddable":true,"href":"https:\/\/www.varprovence-cruise.com\/fr\/wp-json\/wp\/v2\/media\/3725"}],"wp:attachment":[{"href":"https:\/\/www.varprovence-cruise.com\/fr\/wp-json\/wp\/v2\/media?parent=2943"}],"curies":[{"name":"wp","href":"https:\/\/api.w.org\/{rel}","templated":true}]}}