{"id":2928,"date":"2021-06-15T07:26:59","date_gmt":"2021-06-15T06:26:59","guid":{"rendered":"https:\/\/www.varprovence-cruise.com\/fr\/carriage-ride-for-wine-and-nature-lovers-at-chateau-fontainebleau"},"modified":"2022-05-04T12:03:05","modified_gmt":"2022-05-04T10:03:05","slug":"promenade-en-caleche-pour-les-amoureux-du-vin-et-de-la-nature-au-chateau-fontainebleau","status":"publish","type":"page","link":"https:\/\/www.varprovence-cruise.com\/fr\/experience-var-provence\/idees-dexcursions\/promenade-en-caleche-pour-les-amoureux-du-vin-et-de-la-nature-au-chateau-fontainebleau\/","title":{"rendered":"Promenade en cal\u00e8che pour les amoureux du vin et de la nature au Ch\u00e2teau Fontainebleau"},"content":{"rendered":"<h2>Une balade en cal\u00e8che au plus pr\u00e8s de la nature<\/h2>\n<p>Sept superbes chevaux, dont cinq puissants franc-comtois, exercent une activit\u00e9 ancienne et peu commune : l\u2019attelage. En couple, en famille ou entre amis, tout le monde peut monter \u00e0 bord de la cal\u00e8che pour une balade \u00e0 travers les vignes, les for\u00eats, les terrasses proven\u00e7ales ou encore les rivi\u00e8res\u2026 Un parcours champ\u00eatre au milieu des fantastiques bastides et des animaux de la ferme vous attend pour \u00eatre au plus pr\u00e8s de la nature !<\/p>\n<p>Disponible d&rsquo;Avril \u00e0 Ao\u00fbt (mercredis, samedis, dimanches)<\/p>\n<p><img loading=\"lazy\" class=\"alignnone  wp-image-5015\" src=\"https:\/\/www.varprovence-cruise.com\/fr\/wp-content\/uploads\/sites\/2\/2020\/07\/chateau-de-fontainebleau-cchateau-de-fontainebleau-3.jpg\" alt=\"\" width=\"1465\" height=\"918\" srcset=\"https:\/\/www.varprovence-cruise.com\/fr\/wp-content\/uploads\/sites\/2\/2020\/07\/chateau-de-fontainebleau-cchateau-de-fontainebleau-3.jpg 994w, https:\/\/www.varprovence-cruise.com\/fr\/wp-content\/uploads\/sites\/2\/2020\/07\/chateau-de-fontainebleau-cchateau-de-fontainebleau-3-300x188.jpg 300w, https:\/\/www.varprovence-cruise.com\/fr\/wp-content\/uploads\/sites\/2\/2020\/07\/chateau-de-fontainebleau-cchateau-de-fontainebleau-3-768x481.jpg 768w, https:\/\/www.varprovence-cruise.com\/fr\/wp-content\/uploads\/sites\/2\/2020\/07\/chateau-de-fontainebleau-cchateau-de-fontainebleau-3-767x481.jpg 767w, https:\/\/www.varprovence-cruise.com\/fr\/wp-content\/uploads\/sites\/2\/2020\/07\/chateau-de-fontainebleau-cchateau-de-fontainebleau-3-180x113.jpg 180w, https:\/\/www.varprovence-cruise.com\/fr\/wp-content\/uploads\/sites\/2\/2020\/07\/chateau-de-fontainebleau-cchateau-de-fontainebleau-3-315x197.jpg 315w, https:\/\/www.varprovence-cruise.com\/fr\/wp-content\/uploads\/sites\/2\/2020\/07\/chateau-de-fontainebleau-cchateau-de-fontainebleau-3-380x238.jpg 380w, https:\/\/www.varprovence-cruise.com\/fr\/wp-content\/uploads\/sites\/2\/2020\/07\/chateau-de-fontainebleau-cchateau-de-fontainebleau-3-44x28.jpg 44w, https:\/\/www.varprovence-cruise.com\/fr\/wp-content\/uploads\/sites\/2\/2020\/07\/chateau-de-fontainebleau-cchateau-de-fontainebleau-3-80x50.jpg 80w, https:\/\/www.varprovence-cruise.com\/fr\/wp-content\/uploads\/sites\/2\/2020\/07\/chateau-de-fontainebleau-cchateau-de-fontainebleau-3-83x52.jpg 83w, https:\/\/www.varprovence-cruise.com\/fr\/wp-content\/uploads\/sites\/2\/2020\/07\/chateau-de-fontainebleau-cchateau-de-fontainebleau-3-165x103.jpg 165w, https:\/\/www.varprovence-cruise.com\/fr\/wp-content\/uploads\/sites\/2\/2020\/07\/chateau-de-fontainebleau-cchateau-de-fontainebleau-3-48x30.jpg 48w, https:\/\/www.varprovence-cruise.com\/fr\/wp-content\/uploads\/sites\/2\/2020\/07\/chateau-de-fontainebleau-cchateau-de-fontainebleau-3-96x60.jpg 96w, https:\/\/www.varprovence-cruise.com\/fr\/wp-content\/uploads\/sites\/2\/2020\/07\/chateau-de-fontainebleau-cchateau-de-fontainebleau-3-86x54.jpg 86w\" sizes=\"(max-width: 1465px) 100vw, 1465px\" \/><\/p>\n<h3>D\u00e9gustation et initiation \u00e0 l&rsquo;\u0153nologie<\/h3>\n<p>Entrez dans les chais bien gard\u00e9s du Ch\u00e2teau Fontainebleau, d\u00e9couvrez les m\u00e9thodes de vinification du vigneron, son savoir-faire et apprenez les secrets de l&rsquo;agriculture biologique et biodynamique. Profitez d&rsquo;une d\u00e9gustation compl\u00e8te anim\u00e9e par une \u00e9quipe de professionnels et d\u00e9couvrez les caract\u00e9ristiques d&rsquo;une large gamme de vins du domaine.<\/p>\n<p>&nbsp;<\/p>\n","protected":false},"excerpt":{"rendered":"<p>Une balade en cal\u00e8che au plus pr\u00e8s de la nature Sept superbes chevaux, dont cinq puissants franc-comtois, exercent une activit\u00e9 ancienne et peu commune : l\u2019attelage. En couple, en famille ou entre amis, tout le monde peut monter \u00e0 bord de la cal\u00e8che pour une balade \u00e0 travers les vignes, les for\u00eats, les terrasses proven\u00e7ales [&hellip;]<\/p>\n","protected":false},"author":1,"featured_media":5018,"parent":147,"menu_order":0,"comment_status":"closed","ping_status":"closed","template":"","meta":[],"_links":{"self":[{"href":"https:\/\/www.varprovence-cruise.com\/fr\/wp-json\/wp\/v2\/pages\/2928"}],"collection":[{"href":"https:\/\/www.varprovence-cruise.com\/fr\/wp-json\/wp\/v2\/pages"}],"about":[{"href":"https:\/\/www.varprovence-cruise.com\/fr\/wp-json\/wp\/v2\/types\/page"}],"author":[{"embeddable":true,"href":"https:\/\/www.varprovence-cruise.com\/fr\/wp-json\/wp\/v2\/users\/1"}],"replies":[{"embeddable":true,"href":"https:\/\/www.varprovence-cruise.com\/fr\/wp-json\/wp\/v2\/comments?post=2928"}],"version-history":[{"count":11,"href":"https:\/\/www.varprovence-cruise.com\/fr\/wp-json\/wp\/v2\/pages\/2928\/revisions"}],"predecessor-version":[{"id":17771,"href":"https:\/\/www.varprovence-cruise.com\/fr\/wp-json\/wp\/v2\/pages\/2928\/revisions\/17771"}],"up":[{"embeddable":true,"href":"https:\/\/www.varprovence-cruise.com\/fr\/wp-json\/wp\/v2\/pages\/147"}],"wp:featuredmedia":[{"embeddable":true,"href":"https:\/\/www.varprovence-cruise.com\/fr\/wp-json\/wp\/v2\/media\/5018"}],"wp:attachment":[{"href":"https:\/\/www.varprovence-cruise.com\/fr\/wp-json\/wp\/v2\/media?parent=2928"}],"curies":[{"name":"wp","href":"https:\/\/api.w.org\/{rel}","templated":true}]}}