{"id":2922,"date":"2021-06-15T07:26:59","date_gmt":"2021-06-15T06:26:59","guid":{"rendered":"https:\/\/www.varprovence-cruise.com\/fr\/the-thoronet-abbey-commanderie-de-peyrassols-sculpture-park"},"modified":"2022-05-04T11:41:12","modified_gmt":"2022-05-04T09:41:12","slug":"labbaye-du-thoronet-parc-de-sculptures-de-la-commanderie-de-peyrassol","status":"publish","type":"page","link":"https:\/\/www.varprovence-cruise.com\/fr\/experience-var-provence\/idees-dexcursions\/labbaye-du-thoronet-parc-de-sculptures-de-la-commanderie-de-peyrassol\/","title":{"rendered":"L&rsquo;abbaye du Thoronet &#038; Parc de sculptures de la Commanderie de Peyrassol"},"content":{"rendered":"<h2>Abbaye du Thoronet<\/h2>\n<p>Entour\u00e9e de collines, l&rsquo;Abbaye du Thoronet est l&rsquo;une des abbayes les plus remarquables de France. Elle a \u00e9t\u00e9 construite en 1 146 par l&rsquo;Ordre cistercien et, bien qu&rsquo;elle date de plusieurs si\u00e8cles, elle reste l&rsquo;un des b\u00e2timents anciens les mieux conserv\u00e9s. Les visiteurs peuvent encore admirer sa fantastique architecture romane r\u00e9alis\u00e9e avec des pierres locales sp\u00e9cifiques, fl\u00e2ner dans les diff\u00e9rentes salles (l&rsquo;\u00e9glise, le r\u00e9fectoire\u2026), et admirer le clo\u00eetre.<\/p>\n<p>L&rsquo;acoustique de l&rsquo;Abbaye est exceptionnelle et contribue \u00e0 sa l\u00e9gende. M\u00eame de nos jours, les scientifiques essaient de comprendre comment l&rsquo;architecture peut produire un son aussi parfait et pur ! Tous les guides de l&rsquo;Abbaye sont chanteurs. Un c\u00e9l\u00e8bre festival de musique m\u00e9di\u00e9vale, avec des chants gr\u00e9goriens, a lieu dans l&rsquo;abbaye chaque juillet.<\/p>\n<p>L&rsquo;Abbaye du Thoronet est l&rsquo;endroit id\u00e9al pour en apprendre davantage sur les cisterciens \u00e0 travers les si\u00e8cles, des moines qui ont choisi de vivre en dehors du monde moderne pour cr\u00e9er un lieu d\u00e9di\u00e9 au travail et \u00e0 la pri\u00e8re. Par ailleurs, l&rsquo;ancienne cave, les cuves \u00e0 vin ou les pressoirs \u00e0 olives sont les t\u00e9moins des activit\u00e9s \u00e9conomiques, domestiques et spirituelles du monast\u00e8re.<\/p>\n<h2>La Commanderie de Peyrassol, un domaine d&rsquo;exception<\/h2>\n<p>Fond\u00e9e au XIIIe si\u00e8cle par les Templiers, la Commanderie de Peyrassol s&rsquo;\u00e9tend sur quelque 850 hectares parsem\u00e9s de ch\u00eanes et d&rsquo;oliviers, dont 93 hectares d\u00e9di\u00e9s \u00e0 la culture de la vigne. Gr\u00e2ce \u00e0 sa situation naturelle exceptionnelle, la Commanderie \u00e9tait une \u00e9tape privil\u00e9gi\u00e9e et un lieu de repos pour les p\u00e8lerins en route vers la Terre Sainte.<\/p>\n<h3>Son parc de sculptures monumentales<\/h3>\n<p>Le parc de sculptures monumentales situ\u00e9 au milieu des vignes et des bois est l&rsquo;une des plus belles collections \u00e0 ciel ouvert d&rsquo;art contemporain. Ces \u0153uvres cr\u00e9ent un lien entre l&rsquo;art et l&rsquo;histoire, et une balade dans le parc permet de surprenantes d\u00e9couvertes en r\u00e9v\u00e9lant le c\u0153ur de la Commanderie, pour laquelle la plupart de ces \u0153uvres ont \u00e9t\u00e9 sp\u00e9cialement cr\u00e9\u00e9es.<\/p>\n<p>Le portail po\u00e9tique de Gavin Turk, le templier sculptural de Jean-Jacques Tosello et une cinquantaine d&rsquo;autres \u0153uvres d\u00e9fieront votre imagination !<\/p>\n<p><img loading=\"lazy\" class=\"alignnone  wp-image-3486\" src=\"https:\/\/www.varprovence-cruise.com\/fr\/wp-content\/uploads\/sites\/2\/2020\/04\/la-commanderie-de-peyrassol-a-flassans-sur-issole-cvartourisme-jb.david_.jpg\" alt=\"\" width=\"1255\" height=\"706\" srcset=\"https:\/\/www.varprovence-cruise.com\/fr\/wp-content\/uploads\/sites\/2\/2020\/04\/la-commanderie-de-peyrassol-a-flassans-sur-issole-cvartourisme-jb.david_.jpg 4608w, https:\/\/www.varprovence-cruise.com\/fr\/wp-content\/uploads\/sites\/2\/2020\/04\/la-commanderie-de-peyrassol-a-flassans-sur-issole-cvartourisme-jb.david_-300x169.jpg 300w, https:\/\/www.varprovence-cruise.com\/fr\/wp-content\/uploads\/sites\/2\/2020\/04\/la-commanderie-de-peyrassol-a-flassans-sur-issole-cvartourisme-jb.david_-768x432.jpg 768w, https:\/\/www.varprovence-cruise.com\/fr\/wp-content\/uploads\/sites\/2\/2020\/04\/la-commanderie-de-peyrassol-a-flassans-sur-issole-cvartourisme-jb.david_-1024x576.jpg 1024w, https:\/\/www.varprovence-cruise.com\/fr\/wp-content\/uploads\/sites\/2\/2020\/04\/la-commanderie-de-peyrassol-a-flassans-sur-issole-cvartourisme-jb.david_-767x431.jpg 767w, https:\/\/www.varprovence-cruise.com\/fr\/wp-content\/uploads\/sites\/2\/2020\/04\/la-commanderie-de-peyrassol-a-flassans-sur-issole-cvartourisme-jb.david_-1023x575.jpg 1023w, https:\/\/www.varprovence-cruise.com\/fr\/wp-content\/uploads\/sites\/2\/2020\/04\/la-commanderie-de-peyrassol-a-flassans-sur-issole-cvartourisme-jb.david_-1800x1013.jpg 1800w, https:\/\/www.varprovence-cruise.com\/fr\/wp-content\/uploads\/sites\/2\/2020\/04\/la-commanderie-de-peyrassol-a-flassans-sur-issole-cvartourisme-jb.david_-180x101.jpg 180w, https:\/\/www.varprovence-cruise.com\/fr\/wp-content\/uploads\/sites\/2\/2020\/04\/la-commanderie-de-peyrassol-a-flassans-sur-issole-cvartourisme-jb.david_-315x177.jpg 315w, https:\/\/www.varprovence-cruise.com\/fr\/wp-content\/uploads\/sites\/2\/2020\/04\/la-commanderie-de-peyrassol-a-flassans-sur-issole-cvartourisme-jb.david_-380x214.jpg 380w, https:\/\/www.varprovence-cruise.com\/fr\/wp-content\/uploads\/sites\/2\/2020\/04\/la-commanderie-de-peyrassol-a-flassans-sur-issole-cvartourisme-jb.david_-44x25.jpg 44w, https:\/\/www.varprovence-cruise.com\/fr\/wp-content\/uploads\/sites\/2\/2020\/04\/la-commanderie-de-peyrassol-a-flassans-sur-issole-cvartourisme-jb.david_-80x45.jpg 80w, https:\/\/www.varprovence-cruise.com\/fr\/wp-content\/uploads\/sites\/2\/2020\/04\/la-commanderie-de-peyrassol-a-flassans-sur-issole-cvartourisme-jb.david_-83x47.jpg 83w, https:\/\/www.varprovence-cruise.com\/fr\/wp-content\/uploads\/sites\/2\/2020\/04\/la-commanderie-de-peyrassol-a-flassans-sur-issole-cvartourisme-jb.david_-165x93.jpg 165w, https:\/\/www.varprovence-cruise.com\/fr\/wp-content\/uploads\/sites\/2\/2020\/04\/la-commanderie-de-peyrassol-a-flassans-sur-issole-cvartourisme-jb.david_-53x30.jpg 53w, https:\/\/www.varprovence-cruise.com\/fr\/wp-content\/uploads\/sites\/2\/2020\/04\/la-commanderie-de-peyrassol-a-flassans-sur-issole-cvartourisme-jb.david_-107x60.jpg 107w, https:\/\/www.varprovence-cruise.com\/fr\/wp-content\/uploads\/sites\/2\/2020\/04\/la-commanderie-de-peyrassol-a-flassans-sur-issole-cvartourisme-jb.david_-86x48.jpg 86w, https:\/\/www.varprovence-cruise.com\/fr\/wp-content\/uploads\/sites\/2\/2020\/04\/la-commanderie-de-peyrassol-a-flassans-sur-issole-cvartourisme-jb.david_-72x42.jpg 72w\" sizes=\"(max-width: 1255px) 100vw, 1255px\" \/><\/p>\n<h3>Ses vins de grande qualit\u00e9<\/h3>\n<p>Les vins de Peyrassol t\u00e9moignent de la qualit\u00e9 du terroir et de plusieurs si\u00e8cles de savoir-faire. Le Clos Peyrassol, le Ch\u00e2teau Peyrassol et la Commanderie de Peyrassol sont trois AOC* C\u00f4tes de Provence qui repr\u00e9sentent l&rsquo;essence m\u00eame de la Provence.<\/p>\n<p><em>*Appellation d&rsquo;origine contr\u00f4l\u00e9e<\/em><\/p>\n","protected":false},"excerpt":{"rendered":"<p>Abbaye du Thoronet Entour\u00e9e de collines, l&rsquo;Abbaye du Thoronet est l&rsquo;une des abbayes les plus remarquables de France. Elle a \u00e9t\u00e9 construite en 1 146 par l&rsquo;Ordre cistercien et, bien qu&rsquo;elle date de plusieurs si\u00e8cles, elle reste l&rsquo;un des b\u00e2timents anciens les mieux conserv\u00e9s. Les visiteurs peuvent encore admirer sa fantastique architecture romane r\u00e9alis\u00e9e avec [&hellip;]<\/p>\n","protected":false},"author":1,"featured_media":3481,"parent":147,"menu_order":0,"comment_status":"closed","ping_status":"closed","template":"","meta":[],"_links":{"self":[{"href":"https:\/\/www.varprovence-cruise.com\/fr\/wp-json\/wp\/v2\/pages\/2922"}],"collection":[{"href":"https:\/\/www.varprovence-cruise.com\/fr\/wp-json\/wp\/v2\/pages"}],"about":[{"href":"https:\/\/www.varprovence-cruise.com\/fr\/wp-json\/wp\/v2\/types\/page"}],"author":[{"embeddable":true,"href":"https:\/\/www.varprovence-cruise.com\/fr\/wp-json\/wp\/v2\/users\/1"}],"replies":[{"embeddable":true,"href":"https:\/\/www.varprovence-cruise.com\/fr\/wp-json\/wp\/v2\/comments?post=2922"}],"version-history":[{"count":6,"href":"https:\/\/www.varprovence-cruise.com\/fr\/wp-json\/wp\/v2\/pages\/2922\/revisions"}],"predecessor-version":[{"id":17749,"href":"https:\/\/www.varprovence-cruise.com\/fr\/wp-json\/wp\/v2\/pages\/2922\/revisions\/17749"}],"up":[{"embeddable":true,"href":"https:\/\/www.varprovence-cruise.com\/fr\/wp-json\/wp\/v2\/pages\/147"}],"wp:featuredmedia":[{"embeddable":true,"href":"https:\/\/www.varprovence-cruise.com\/fr\/wp-json\/wp\/v2\/media\/3481"}],"wp:attachment":[{"href":"https:\/\/www.varprovence-cruise.com\/fr\/wp-json\/wp\/v2\/media?parent=2922"}],"curies":[{"name":"wp","href":"https:\/\/api.w.org\/{rel}","templated":true}]}}