{"id":2918,"date":"2021-06-15T07:26:59","date_gmt":"2021-06-15T06:26:59","guid":{"rendered":"https:\/\/www.varprovence-cruise.com\/fr\/discovering-a-provencal-estate-its-history"},"modified":"2022-05-04T10:22:08","modified_gmt":"2022-05-04T08:22:08","slug":"a-la-decouverte-dun-domaine-provencal-et-de-son-histoire","status":"publish","type":"page","link":"https:\/\/www.varprovence-cruise.com\/fr\/experience-var-provence\/idees-dexcursions\/a-la-decouverte-dun-domaine-provencal-et-de-son-histoire\/","title":{"rendered":"\u00c0 la d\u00e9couverte d&rsquo;un domaine proven\u00e7al et de son histoire"},"content":{"rendered":"<h2>Un domaine r\u00e9put\u00e9 et riche en histoire !<\/h2>\n<p>Le Ch\u00e2teau de Saint Martin est situ\u00e9 au c\u0153ur de la Provence, id\u00e9alement situ\u00e9 entre la C\u00f4te M\u00e9diterran\u00e9enne (Golfe de Saint-Tropez \u00e0 25km) et les Gorges du Verdon au Nord.<\/p>\n<p><strong>Bienvenue au Ch\u00e2teau de Saint Martin !<\/strong><\/p>\n<p>Au fil des si\u00e8cles, le domaine s&rsquo;est presque toujours transmis de m\u00e8re en fille. Chaque femme a apport\u00e9 sa touche f\u00e9minine qui a contribu\u00e9 \u00e0 faire leurs grands crus.<\/p>\n<p><img loading=\"lazy\" class=\"alignnone  wp-image-4033\" src=\"https:\/\/www.varprovence-cruise.com\/fr\/wp-content\/uploads\/sites\/2\/2020\/05\/chateausaintmartin-cchateau-st-martin-hervefabre-3.jpg\" alt=\"\" width=\"1217\" height=\"811\" srcset=\"https:\/\/www.varprovence-cruise.com\/fr\/wp-content\/uploads\/sites\/2\/2020\/05\/chateausaintmartin-cchateau-st-martin-hervefabre-3.jpg 1500w, https:\/\/www.varprovence-cruise.com\/fr\/wp-content\/uploads\/sites\/2\/2020\/05\/chateausaintmartin-cchateau-st-martin-hervefabre-3-300x200.jpg 300w, https:\/\/www.varprovence-cruise.com\/fr\/wp-content\/uploads\/sites\/2\/2020\/05\/chateausaintmartin-cchateau-st-martin-hervefabre-3-768x512.jpg 768w, https:\/\/www.varprovence-cruise.com\/fr\/wp-content\/uploads\/sites\/2\/2020\/05\/chateausaintmartin-cchateau-st-martin-hervefabre-3-1024x683.jpg 1024w, https:\/\/www.varprovence-cruise.com\/fr\/wp-content\/uploads\/sites\/2\/2020\/05\/chateausaintmartin-cchateau-st-martin-hervefabre-3-767x511.jpg 767w, https:\/\/www.varprovence-cruise.com\/fr\/wp-content\/uploads\/sites\/2\/2020\/05\/chateausaintmartin-cchateau-st-martin-hervefabre-3-1023x682.jpg 1023w, https:\/\/www.varprovence-cruise.com\/fr\/wp-content\/uploads\/sites\/2\/2020\/05\/chateausaintmartin-cchateau-st-martin-hervefabre-3-180x120.jpg 180w, https:\/\/www.varprovence-cruise.com\/fr\/wp-content\/uploads\/sites\/2\/2020\/05\/chateausaintmartin-cchateau-st-martin-hervefabre-3-315x210.jpg 315w, https:\/\/www.varprovence-cruise.com\/fr\/wp-content\/uploads\/sites\/2\/2020\/05\/chateausaintmartin-cchateau-st-martin-hervefabre-3-380x253.jpg 380w, https:\/\/www.varprovence-cruise.com\/fr\/wp-content\/uploads\/sites\/2\/2020\/05\/chateausaintmartin-cchateau-st-martin-hervefabre-3-44x29.jpg 44w, https:\/\/www.varprovence-cruise.com\/fr\/wp-content\/uploads\/sites\/2\/2020\/05\/chateausaintmartin-cchateau-st-martin-hervefabre-3-80x53.jpg 80w, https:\/\/www.varprovence-cruise.com\/fr\/wp-content\/uploads\/sites\/2\/2020\/05\/chateausaintmartin-cchateau-st-martin-hervefabre-3-83x55.jpg 83w, https:\/\/www.varprovence-cruise.com\/fr\/wp-content\/uploads\/sites\/2\/2020\/05\/chateausaintmartin-cchateau-st-martin-hervefabre-3-165x110.jpg 165w, https:\/\/www.varprovence-cruise.com\/fr\/wp-content\/uploads\/sites\/2\/2020\/05\/chateausaintmartin-cchateau-st-martin-hervefabre-3-45x30.jpg 45w, https:\/\/www.varprovence-cruise.com\/fr\/wp-content\/uploads\/sites\/2\/2020\/05\/chateausaintmartin-cchateau-st-martin-hervefabre-3-90x60.jpg 90w, https:\/\/www.varprovence-cruise.com\/fr\/wp-content\/uploads\/sites\/2\/2020\/05\/chateausaintmartin-cchateau-st-martin-hervefabre-3-86x57.jpg 86w\" sizes=\"(max-width: 1217px) 100vw, 1217px\" \/><\/p>\n<p><strong>Plus de 2000 ans d&rsquo;histoire \u00e0 d\u00e9couvrir !<\/strong><\/p>\n<p>Dans ce site privil\u00e9gi\u00e9, vous d\u00e9couvrirez un patrimoine naturel et culturel exceptionnel :<\/p>\n<ul>\n<li>Les vestiges d&rsquo;une villa gallo-romaine, d\u00e9couverts dans les ann\u00e9es 1990, gr\u00e2ce \u00e0 des fouilles arch\u00e9ologiques.<\/li>\n<li>La Cave souterraine du Moyen \u00c2ge construite par les moines des \u00eeles de L\u00e9rins et encore exploit\u00e9e aujourd&rsquo;hui<\/li>\n<li>Le ch\u00e2teau familial construit en 1740 et qui s&rsquo;est transmis de g\u00e9n\u00e9ration en g\u00e9n\u00e9ration dans la m\u00eame famille.<\/li>\n<\/ul>\n<p><strong>Une approche culturelle et ludique de la Provence<\/strong><\/p>\n<p>Visitez la cave souterraine du Moyen \u00c2ge et profitez d&rsquo;une d\u00e9gustation de vins ainsi que de sp\u00e9cialit\u00e9s proven\u00e7ales comme la tapenade ou l&rsquo;ancho\u00efade. Gr\u00e2ce \u00e0 une visite guid\u00e9e, vous d\u00e9couvrirez l&rsquo;histoire du domaine, ses vins et bien s\u00fbr vous d\u00e9couvrirez comment le vignoble a \u00e9volu\u00e9 au cours des si\u00e8cles.<\/p>\n<p>\u00c0 midi, savourez un d\u00e9jeuner sp\u00e9cial \u00e0 base de produits frais et de saison au ch\u00e2teau familial.<\/p>\n<p><strong>Participez \u00e0 un atelier de peinture !<\/strong><\/p>\n<p>D\u00e9couvrez une ancienne technique oubli\u00e9e avec une artiste locale, Lisa Mazzoni. La Vinorelle est proche de l&rsquo;aquarelle. Le papier passe du mouill\u00e9 au sec tandis que les polyph\u00e9nols et les pigments du vin cr\u00e9ent des nuances d\u00e9licates. Vous apprendrez \u00e0 peindre avec du vin et assisterez \u00e0 une d\u00e9monstration. D\u00e9gustez le vin autrement ! \u00c0 la fin de l&rsquo;atelier, un petit concours sera organis\u00e9 pour choisir le meilleur tableau !<\/p>\n","protected":false},"excerpt":{"rendered":"<p>Un domaine r\u00e9put\u00e9 et riche en histoire ! Le Ch\u00e2teau de Saint Martin est situ\u00e9 au c\u0153ur de la Provence, id\u00e9alement situ\u00e9 entre la C\u00f4te M\u00e9diterran\u00e9enne (Golfe de Saint-Tropez \u00e0 25km) et les Gorges du Verdon au Nord. Bienvenue au Ch\u00e2teau de Saint Martin ! Au fil des si\u00e8cles, le domaine s&rsquo;est presque toujours transmis [&hellip;]<\/p>\n","protected":false},"author":1,"featured_media":4034,"parent":147,"menu_order":0,"comment_status":"closed","ping_status":"closed","template":"","meta":[],"_links":{"self":[{"href":"https:\/\/www.varprovence-cruise.com\/fr\/wp-json\/wp\/v2\/pages\/2918"}],"collection":[{"href":"https:\/\/www.varprovence-cruise.com\/fr\/wp-json\/wp\/v2\/pages"}],"about":[{"href":"https:\/\/www.varprovence-cruise.com\/fr\/wp-json\/wp\/v2\/types\/page"}],"author":[{"embeddable":true,"href":"https:\/\/www.varprovence-cruise.com\/fr\/wp-json\/wp\/v2\/users\/1"}],"replies":[{"embeddable":true,"href":"https:\/\/www.varprovence-cruise.com\/fr\/wp-json\/wp\/v2\/comments?post=2918"}],"version-history":[{"count":5,"href":"https:\/\/www.varprovence-cruise.com\/fr\/wp-json\/wp\/v2\/pages\/2918\/revisions"}],"predecessor-version":[{"id":17717,"href":"https:\/\/www.varprovence-cruise.com\/fr\/wp-json\/wp\/v2\/pages\/2918\/revisions\/17717"}],"up":[{"embeddable":true,"href":"https:\/\/www.varprovence-cruise.com\/fr\/wp-json\/wp\/v2\/pages\/147"}],"wp:featuredmedia":[{"embeddable":true,"href":"https:\/\/www.varprovence-cruise.com\/fr\/wp-json\/wp\/v2\/media\/4034"}],"wp:attachment":[{"href":"https:\/\/www.varprovence-cruise.com\/fr\/wp-json\/wp\/v2\/media?parent=2918"}],"curies":[{"name":"wp","href":"https:\/\/api.w.org\/{rel}","templated":true}]}}