{"id":2906,"date":"2021-06-15T07:26:59","date_gmt":"2021-06-15T06:26:59","guid":{"rendered":"https:\/\/www.varprovence-cruise.com\/fr\/vin-gastronomie"},"modified":"2021-09-20T11:19:53","modified_gmt":"2021-09-20T09:19:53","slug":"vin-gastronomie","status":"publish","type":"page","link":"https:\/\/www.varprovence-cruise.com\/fr\/vin-gastronomie\/","title":{"rendered":"Vin &#038; Gastronomie"},"content":{"rendered":"<p>Le Var est une terre o\u00f9 l&rsquo;on cultive les plaisirs simples du bien-vivre et du bien-manger. Connues pour la qualit\u00e9 de ses produits du terroir, les principales sp\u00e9cialit\u00e9s de la gastronomie varoise sont le c\u00e9l\u00e8bre vin ros\u00e9, l\u2019huile d&rsquo;olive, les figues, le miel, les truffes, les ch\u00e2taignes mais aussi la fameuse daube proven\u00e7ale, les poissons grill\u00e9s, l\u2019ancho\u00efade ou encore l\u2019incontournable ratatouille !<\/p>\n","protected":false},"excerpt":{"rendered":"<p>Le Var est une terre o\u00f9 l&rsquo;on cultive les plaisirs simples du bien-vivre et du bien-manger. Connues pour la qualit\u00e9 de ses produits du terroir, les principales sp\u00e9cialit\u00e9s de la gastronomie varoise sont le c\u00e9l\u00e8bre vin ros\u00e9, l\u2019huile d&rsquo;olive, les figues, le miel, les truffes, les ch\u00e2taignes mais aussi la fameuse daube proven\u00e7ale, les poissons [&hellip;]<\/p>\n","protected":false},"author":1,"featured_media":3640,"parent":0,"menu_order":0,"comment_status":"closed","ping_status":"closed","template":"page-theme-excursion.php","meta":[],"_links":{"self":[{"href":"https:\/\/www.varprovence-cruise.com\/fr\/wp-json\/wp\/v2\/pages\/2906"}],"collection":[{"href":"https:\/\/www.varprovence-cruise.com\/fr\/wp-json\/wp\/v2\/pages"}],"about":[{"href":"https:\/\/www.varprovence-cruise.com\/fr\/wp-json\/wp\/v2\/types\/page"}],"author":[{"embeddable":true,"href":"https:\/\/www.varprovence-cruise.com\/fr\/wp-json\/wp\/v2\/users\/1"}],"replies":[{"embeddable":true,"href":"https:\/\/www.varprovence-cruise.com\/fr\/wp-json\/wp\/v2\/comments?post=2906"}],"version-history":[{"count":4,"href":"https:\/\/www.varprovence-cruise.com\/fr\/wp-json\/wp\/v2\/pages\/2906\/revisions"}],"predecessor-version":[{"id":13649,"href":"https:\/\/www.varprovence-cruise.com\/fr\/wp-json\/wp\/v2\/pages\/2906\/revisions\/13649"}],"wp:featuredmedia":[{"embeddable":true,"href":"https:\/\/www.varprovence-cruise.com\/fr\/wp-json\/wp\/v2\/media\/3640"}],"wp:attachment":[{"href":"https:\/\/www.varprovence-cruise.com\/fr\/wp-json\/wp\/v2\/media?parent=2906"}],"curies":[{"name":"wp","href":"https:\/\/api.w.org\/{rel}","templated":true}]}}