{"id":2904,"date":"2021-06-15T07:26:59","date_gmt":"2021-06-15T06:26:59","guid":{"rendered":"https:\/\/www.varprovence-cruise.com\/fr\/les-terroirs-du-verdon-between-nature-and-exceptional-gastronomy"},"modified":"2022-05-02T00:15:49","modified_gmt":"2022-05-01T22:15:49","slug":"les-terroirs-du-verdon-entre-nature-et-gastronomie-dexception","status":"publish","type":"page","link":"https:\/\/www.varprovence-cruise.com\/fr\/experience-var-provence\/idees-dexcursions\/les-terroirs-du-verdon-entre-nature-et-gastronomie-dexception\/","title":{"rendered":"Les terroirs du Verdon : Entre nature et gastronomie d&rsquo;exception"},"content":{"rendered":"<h2>D\u00e9couvrez tous les secrets de la truffe !<\/h2>\n<p>La Maison de la Truffe est situ\u00e9e au c\u0153ur du Village d&rsquo;Aups, et propose aux adultes et aux enfants, amateurs, experts ou n\u00e9ophytes, une d\u00e9couverte ludique du myst\u00e9rieux diamant noir d&rsquo;Aups.<\/p>\n<p>La maison propose 4 exp\u00e9riences aux ambiances compl\u00e9mentaires :<\/p>\n<ul>\n<li>L&rsquo;aventure de la truffe &#8211; Espace polysensoriel<\/li>\n<li>La truffe aux 5 sens &#8211; D\u00e9couvrir \/ apprendre \u00e0 d\u00e9guster<\/li>\n<li>Activit\u00e9s diverses<\/li>\n<li>Produits &#8211; Boutique<\/li>\n<\/ul>\n<p><img loading=\"lazy\" class=\"aligncenter  wp-image-3522\" src=\"https:\/\/www.varprovence-cruise.com\/fr\/wp-content\/uploads\/sites\/2\/2020\/04\/la-maison-de-la-truffe-aups-verdon-cvartourisme-marie.tabacchi.jpg\" alt=\"\" width=\"946\" height=\"666\" srcset=\"https:\/\/www.varprovence-cruise.com\/fr\/wp-content\/uploads\/sites\/2\/2020\/04\/la-maison-de-la-truffe-aups-verdon-cvartourisme-marie.tabacchi.jpg 4911w, https:\/\/www.varprovence-cruise.com\/fr\/wp-content\/uploads\/sites\/2\/2020\/04\/la-maison-de-la-truffe-aups-verdon-cvartourisme-marie.tabacchi-300x211.jpg 300w, https:\/\/www.varprovence-cruise.com\/fr\/wp-content\/uploads\/sites\/2\/2020\/04\/la-maison-de-la-truffe-aups-verdon-cvartourisme-marie.tabacchi-768x540.jpg 768w, https:\/\/www.varprovence-cruise.com\/fr\/wp-content\/uploads\/sites\/2\/2020\/04\/la-maison-de-la-truffe-aups-verdon-cvartourisme-marie.tabacchi-1024x721.jpg 1024w, https:\/\/www.varprovence-cruise.com\/fr\/wp-content\/uploads\/sites\/2\/2020\/04\/la-maison-de-la-truffe-aups-verdon-cvartourisme-marie.tabacchi-767x540.jpg 767w, https:\/\/www.varprovence-cruise.com\/fr\/wp-content\/uploads\/sites\/2\/2020\/04\/la-maison-de-la-truffe-aups-verdon-cvartourisme-marie.tabacchi-1023x720.jpg 1023w, https:\/\/www.varprovence-cruise.com\/fr\/wp-content\/uploads\/sites\/2\/2020\/04\/la-maison-de-la-truffe-aups-verdon-cvartourisme-marie.tabacchi-1800x1267.jpg 1800w, https:\/\/www.varprovence-cruise.com\/fr\/wp-content\/uploads\/sites\/2\/2020\/04\/la-maison-de-la-truffe-aups-verdon-cvartourisme-marie.tabacchi-180x127.jpg 180w, https:\/\/www.varprovence-cruise.com\/fr\/wp-content\/uploads\/sites\/2\/2020\/04\/la-maison-de-la-truffe-aups-verdon-cvartourisme-marie.tabacchi-315x222.jpg 315w, https:\/\/www.varprovence-cruise.com\/fr\/wp-content\/uploads\/sites\/2\/2020\/04\/la-maison-de-la-truffe-aups-verdon-cvartourisme-marie.tabacchi-380x267.jpg 380w, https:\/\/www.varprovence-cruise.com\/fr\/wp-content\/uploads\/sites\/2\/2020\/04\/la-maison-de-la-truffe-aups-verdon-cvartourisme-marie.tabacchi-44x31.jpg 44w, https:\/\/www.varprovence-cruise.com\/fr\/wp-content\/uploads\/sites\/2\/2020\/04\/la-maison-de-la-truffe-aups-verdon-cvartourisme-marie.tabacchi-80x56.jpg 80w, https:\/\/www.varprovence-cruise.com\/fr\/wp-content\/uploads\/sites\/2\/2020\/04\/la-maison-de-la-truffe-aups-verdon-cvartourisme-marie.tabacchi-83x58.jpg 83w, https:\/\/www.varprovence-cruise.com\/fr\/wp-content\/uploads\/sites\/2\/2020\/04\/la-maison-de-la-truffe-aups-verdon-cvartourisme-marie.tabacchi-165x116.jpg 165w, https:\/\/www.varprovence-cruise.com\/fr\/wp-content\/uploads\/sites\/2\/2020\/04\/la-maison-de-la-truffe-aups-verdon-cvartourisme-marie.tabacchi-43x30.jpg 43w, https:\/\/www.varprovence-cruise.com\/fr\/wp-content\/uploads\/sites\/2\/2020\/04\/la-maison-de-la-truffe-aups-verdon-cvartourisme-marie.tabacchi-85x60.jpg 85w, https:\/\/www.varprovence-cruise.com\/fr\/wp-content\/uploads\/sites\/2\/2020\/04\/la-maison-de-la-truffe-aups-verdon-cvartourisme-marie.tabacchi-86x61.jpg 86w\" sizes=\"(max-width: 946px) 100vw, 946px\" \/><\/p>\n<h3>Que faire:<\/h3>\n<h4>10H00-11H30 : Visite gourmande de la Maison de la Truffe d&rsquo;Aups<\/h4>\n<p>Plongez dans le monde myst\u00e9rieux de la truffe en visitant les 200 m\u00b2 d&rsquo;espaces polysensoriels de la Maison de la Truffe. \u00c0 la fin de votre visite, d\u00e9gustez un verre de vin du Haut Var, une de nos sp\u00e9cialit\u00e9s locales \u00e0 base de truffe noire.<\/p>\n<p><em>Offert : 1 produit de la Maison de la Truffe<\/em><\/p>\n<h4>11H45-13H30 : MasterClass \u00ab Cuisine Traditionnelle VS Truffe Mol\u00e9culaire \u00bb<\/h4>\n<p>Devenez chef et exp\u00e9rimentez des recettes mol\u00e9culaires avec la truffe d&rsquo;Aups. Au fil des recettes, savourez les quatre plats propos\u00e9s et d\u00e9couvrez des accords mets et vins \u00e9tonnants.<\/p>\n<p><em>Offert : 1 coupe de Champagne<\/em><\/p>\n<h4>14H00-15H30 : D\u00e9monstration de chasse \u00e0 la truffe<\/h4>\n<p>D\u00e9couvrez le cycle de production des truffes, leur r\u00e9colte, le travail du chien et la formation du ma\u00eetre-chien\u2026<\/p>\n<p>OU<\/p>\n<h4>14H00- 15H30 : Atelier au Domaine ol\u00e9icole de Taurenne<\/h4>\n<p>Visitez la plus grande ferme ol\u00e9icole du Var et profitez d&rsquo;une d\u00e9gustation de huit vari\u00e9t\u00e9s d&rsquo;huiles diff\u00e9rentes.<\/p>\n<p><em>Gratuit : emportez avec vous une des bouteilles ouvertes lors de la d\u00e9gustation.<\/em><\/p>\n","protected":false},"excerpt":{"rendered":"<p>D\u00e9couvrez tous les secrets de la truffe ! La Maison de la Truffe est situ\u00e9e au c\u0153ur du Village d&rsquo;Aups, et propose aux adultes et aux enfants, amateurs, experts ou n\u00e9ophytes, une d\u00e9couverte ludique du myst\u00e9rieux diamant noir d&rsquo;Aups. La maison propose 4 exp\u00e9riences aux ambiances compl\u00e9mentaires : L&rsquo;aventure de la truffe &#8211; Espace polysensoriel [&hellip;]<\/p>\n","protected":false},"author":1,"featured_media":3527,"parent":147,"menu_order":0,"comment_status":"closed","ping_status":"closed","template":"","meta":[],"_links":{"self":[{"href":"https:\/\/www.varprovence-cruise.com\/fr\/wp-json\/wp\/v2\/pages\/2904"}],"collection":[{"href":"https:\/\/www.varprovence-cruise.com\/fr\/wp-json\/wp\/v2\/pages"}],"about":[{"href":"https:\/\/www.varprovence-cruise.com\/fr\/wp-json\/wp\/v2\/types\/page"}],"author":[{"embeddable":true,"href":"https:\/\/www.varprovence-cruise.com\/fr\/wp-json\/wp\/v2\/users\/1"}],"replies":[{"embeddable":true,"href":"https:\/\/www.varprovence-cruise.com\/fr\/wp-json\/wp\/v2\/comments?post=2904"}],"version-history":[{"count":9,"href":"https:\/\/www.varprovence-cruise.com\/fr\/wp-json\/wp\/v2\/pages\/2904\/revisions"}],"predecessor-version":[{"id":17407,"href":"https:\/\/www.varprovence-cruise.com\/fr\/wp-json\/wp\/v2\/pages\/2904\/revisions\/17407"}],"up":[{"embeddable":true,"href":"https:\/\/www.varprovence-cruise.com\/fr\/wp-json\/wp\/v2\/pages\/147"}],"wp:featuredmedia":[{"embeddable":true,"href":"https:\/\/www.varprovence-cruise.com\/fr\/wp-json\/wp\/v2\/media\/3527"}],"wp:attachment":[{"href":"https:\/\/www.varprovence-cruise.com\/fr\/wp-json\/wp\/v2\/media?parent=2904"}],"curies":[{"name":"wp","href":"https:\/\/api.w.org\/{rel}","templated":true}]}}