{"id":2892,"date":"2021-06-15T07:26:59","date_gmt":"2021-06-15T06:26:59","guid":{"rendered":"https:\/\/www.varprovence-cruise.com\/fr\/lavender-a-natural-provencal-treasure-in-valensole"},"modified":"2022-05-04T11:43:48","modified_gmt":"2022-05-04T09:43:48","slug":"tresor-provencal-a-valensole","status":"publish","type":"page","link":"https:\/\/www.varprovence-cruise.com\/fr\/experience-var-provence\/idees-dexcursions\/tresor-provencal-a-valensole\/","title":{"rendered":"La Lavande : Tr\u00e9sor proven\u00e7al \u00e0 Valensole"},"content":{"rendered":"<h2>Valensole, un lieu pas comme les autres<\/h2>\n<p>Le Plateau de Valensole, c\u00e9l\u00e8bre pour sa lavande et ses truffes, s&rsquo;\u00e9tend sur environ 800 km2 et est le plus grand territoire de France consacr\u00e9 \u00e0 la culture de la lavande. La p\u00e9riode de floraison de la mi-juin \u00e0 la mi-juillet est une explosion de couleurs et le parfum enivrant emplit l&rsquo;air exceptionnellement pur de la r\u00e9gion. Le village m\u00e9di\u00e9val est b\u00e2ti \u00e0 flanc de colline et surplombe une petite vall\u00e9e fluviale. Les rues et ruelles serpentent jusqu&rsquo;\u00e0 l&rsquo;\u00e9glise St-Blaise du XIe si\u00e8cle. De nombreux magasins proposent de l&rsquo;artisanat et d&rsquo;autres produits \u00e0 base de lavande tels que du miel, des huiles essentielles, des glaces et des nougats.<\/p>\n<h3>V\u00e9lo et pique-nique dans les champs de lavande<\/h3>\n<p>Vous n&rsquo;oublierez jamais cette balade \u00e0 v\u00e9lo \u00e9lectrique au c\u0153ur de la Provence ! Sentez le doux parfum de la lavande, admirez les nuances de bleu et de violet dans les champs de lavande sans fin, respirez l&rsquo;air frais de la campagne proven\u00e7ale en p\u00e9dalant. Au d\u00e9jeuner, profitez d&rsquo;un fantastique pique-nique au milieu des champs. L&rsquo;occasion r\u00eav\u00e9e de d\u00e9guster des produits locaux ! La lavande est le v\u00e9ritable symbole de la Provence, venez d\u00e9couvrir cette merveille naturelle. Vous serez accompagn\u00e9 par un guide amoureux de la nature sp\u00e9cialis\u00e9 dans les \u00e9cotours.<\/p>\n<p><img loading=\"lazy\" width=\"4608\" height=\"3456\" class=\"alignnone size-full wp-image-3249\" src=\"https:\/\/www.varprovence-cruise.com\/fr\/wp-content\/uploads\/sites\/2\/2020\/04\/valensole-cvpcc-cciv-2.jpg\" alt=\"\" srcset=\"https:\/\/www.varprovence-cruise.com\/fr\/wp-content\/uploads\/sites\/2\/2020\/04\/valensole-cvpcc-cciv-2.jpg 4608w, https:\/\/www.varprovence-cruise.com\/fr\/wp-content\/uploads\/sites\/2\/2020\/04\/valensole-cvpcc-cciv-2-300x225.jpg 300w, https:\/\/www.varprovence-cruise.com\/fr\/wp-content\/uploads\/sites\/2\/2020\/04\/valensole-cvpcc-cciv-2-768x576.jpg 768w, https:\/\/www.varprovence-cruise.com\/fr\/wp-content\/uploads\/sites\/2\/2020\/04\/valensole-cvpcc-cciv-2-1024x768.jpg 1024w, https:\/\/www.varprovence-cruise.com\/fr\/wp-content\/uploads\/sites\/2\/2020\/04\/valensole-cvpcc-cciv-2-767x575.jpg 767w, https:\/\/www.varprovence-cruise.com\/fr\/wp-content\/uploads\/sites\/2\/2020\/04\/valensole-cvpcc-cciv-2-1023x767.jpg 1023w, https:\/\/www.varprovence-cruise.com\/fr\/wp-content\/uploads\/sites\/2\/2020\/04\/valensole-cvpcc-cciv-2-1800x1350.jpg 1800w, https:\/\/www.varprovence-cruise.com\/fr\/wp-content\/uploads\/sites\/2\/2020\/04\/valensole-cvpcc-cciv-2-180x135.jpg 180w, https:\/\/www.varprovence-cruise.com\/fr\/wp-content\/uploads\/sites\/2\/2020\/04\/valensole-cvpcc-cciv-2-315x236.jpg 315w, https:\/\/www.varprovence-cruise.com\/fr\/wp-content\/uploads\/sites\/2\/2020\/04\/valensole-cvpcc-cciv-2-380x285.jpg 380w, https:\/\/www.varprovence-cruise.com\/fr\/wp-content\/uploads\/sites\/2\/2020\/04\/valensole-cvpcc-cciv-2-44x33.jpg 44w, https:\/\/www.varprovence-cruise.com\/fr\/wp-content\/uploads\/sites\/2\/2020\/04\/valensole-cvpcc-cciv-2-80x60.jpg 80w, https:\/\/www.varprovence-cruise.com\/fr\/wp-content\/uploads\/sites\/2\/2020\/04\/valensole-cvpcc-cciv-2-83x62.jpg 83w, https:\/\/www.varprovence-cruise.com\/fr\/wp-content\/uploads\/sites\/2\/2020\/04\/valensole-cvpcc-cciv-2-165x124.jpg 165w, https:\/\/www.varprovence-cruise.com\/fr\/wp-content\/uploads\/sites\/2\/2020\/04\/valensole-cvpcc-cciv-2-40x30.jpg 40w, https:\/\/www.varprovence-cruise.com\/fr\/wp-content\/uploads\/sites\/2\/2020\/04\/valensole-cvpcc-cciv-2-86x65.jpg 86w\" sizes=\"(max-width: 4608px) 100vw, 4608px\" \/><\/p>\n<h3>Un voyage \u00e0 travers les sens<\/h3>\n<p>D\u00e9couvrez l&rsquo;univers unique de <a href=\"https:\/\/fr.loccitane.com\/\" target=\"_blank\" rel=\"noopener\">L&rsquo;OCCITANE EN PROVENCE<\/a> (marque fran\u00e7aise de cosm\u00e9tiques mondialement connue) et entrez dans son usine, son mus\u00e9e et son jardin. D\u00e9couvrez les coulisses de L&rsquo;OCCITANE et profitez d&rsquo;un moment de d\u00e9tente sensorielle en d\u00e9couvrant les secrets des plantes utilis\u00e9es dans les gammes de soins et parfums L&rsquo;OCCITANE, ainsi que des plantes aromatiques et m\u00e9dicinales typiquement m\u00e9diterran\u00e9ennes.<\/p>\n<h3>D\u00e9couvrez les secrets de l&rsquo;huile essentielle de lavande<\/h3>\n<p>En explorant les centaines d&rsquo;hectares de lavande, vous croiserez \u00e9galement diff\u00e9rentes distilleries et aurez l&rsquo;occasion de rencontrer des producteurs de lavande. Leur exp\u00e9rience et leurs connaissances se transmettent de g\u00e9n\u00e9ration en g\u00e9n\u00e9ration. Ils vous montreront comment faire de l&rsquo;huile essentielle de lavande, la plus pure et la plus recherch\u00e9e. Il ne reste qu&rsquo;une distillerie artisanale\u00a0 que vous pourrez bien s\u00fbr visiter ! Venez \u00e0 Valensole au milieu d&rsquo;une campagne magnifique et sauvage&#8230; c&rsquo;est sublime !<\/p>\n<h3>Que faire d&rsquo;autre ?<\/h3>\n<p>Aux alentours vous pourrez visiter le <a href=\"http:\/\/www.museeprehistoire.com\/accueil.html\" target=\"_blank\" rel=\"noopener\">Mus\u00e9e de Pr\u00e9histoire des Gorges du Verdon<\/a> \u00e0 Quinson ou la <a href=\"https:\/\/www.visitvar.fr\/fr\/var\/villes-villages\/saint-maximin-la-sainte-baume\/\" target=\"_blank\" rel=\"noopener\">Basilique Marie-Madeleine<\/a> \u00e0 Saint-Maximin-la-Sainte-Baume.<\/p>\n","protected":false},"excerpt":{"rendered":"<p>Valensole, un lieu pas comme les autres Le Plateau de Valensole, c\u00e9l\u00e8bre pour sa lavande et ses truffes, s&rsquo;\u00e9tend sur environ 800 km2 et est le plus grand territoire de France consacr\u00e9 \u00e0 la culture de la lavande. La p\u00e9riode de floraison de la mi-juin \u00e0 la mi-juillet est une explosion de couleurs et le [&hellip;]<\/p>\n","protected":false},"author":1,"featured_media":3257,"parent":147,"menu_order":0,"comment_status":"closed","ping_status":"closed","template":"","meta":[],"_links":{"self":[{"href":"https:\/\/www.varprovence-cruise.com\/fr\/wp-json\/wp\/v2\/pages\/2892"}],"collection":[{"href":"https:\/\/www.varprovence-cruise.com\/fr\/wp-json\/wp\/v2\/pages"}],"about":[{"href":"https:\/\/www.varprovence-cruise.com\/fr\/wp-json\/wp\/v2\/types\/page"}],"author":[{"embeddable":true,"href":"https:\/\/www.varprovence-cruise.com\/fr\/wp-json\/wp\/v2\/users\/1"}],"replies":[{"embeddable":true,"href":"https:\/\/www.varprovence-cruise.com\/fr\/wp-json\/wp\/v2\/comments?post=2892"}],"version-history":[{"count":7,"href":"https:\/\/www.varprovence-cruise.com\/fr\/wp-json\/wp\/v2\/pages\/2892\/revisions"}],"predecessor-version":[{"id":17751,"href":"https:\/\/www.varprovence-cruise.com\/fr\/wp-json\/wp\/v2\/pages\/2892\/revisions\/17751"}],"up":[{"embeddable":true,"href":"https:\/\/www.varprovence-cruise.com\/fr\/wp-json\/wp\/v2\/pages\/147"}],"wp:featuredmedia":[{"embeddable":true,"href":"https:\/\/www.varprovence-cruise.com\/fr\/wp-json\/wp\/v2\/media\/3257"}],"wp:attachment":[{"href":"https:\/\/www.varprovence-cruise.com\/fr\/wp-json\/wp\/v2\/media?parent=2892"}],"curies":[{"name":"wp","href":"https:\/\/api.w.org\/{rel}","templated":true}]}}