{"id":2158,"date":"2021-06-15T07:26:59","date_gmt":"2021-06-15T06:26:59","guid":{"rendered":"https:\/\/www.varprovence-cruise.com\/fr\/tourrettes-le-musee-a-ciel-ouvert"},"modified":"2022-05-04T12:02:37","modified_gmt":"2022-05-04T10:02:37","slug":"tourrettes-le-musee-a-ciel-ouvert","status":"publish","type":"page","link":"https:\/\/www.varprovence-cruise.com\/fr\/experience-var-provence\/idees-dexcursions\/tourrettes-le-musee-a-ciel-ouvert\/","title":{"rendered":"Tourrettes : Le mus\u00e9e \u00e0 ciel ouvert"},"content":{"rendered":"<h2>D\u00e9couvrir Tourrettes, le village perch\u00e9<\/h2>\n<p>Tourrettes, village pittoresque situ\u00e9 \u00e0 200m de Fayence (l&rsquo;un des 9 villages perch\u00e9s c\u00e9l\u00e8bres du Pays de Fayence) est construit sur une colline \u00e0 environ 20 km de la mer. Dans un incroyable d\u00e9dale de ruelles <span class=\"ILfuVd\">o\u00f9<\/span> l&rsquo;on pourrait presque encore entendre l&rsquo;\u00e9cho des sabots des mules, les maisons anciennes en pierre, les portes antiques et les porches rustiques ouvrent sur un monde merveilleux et magique. Vous pourrez d\u00e9couvrir <strong>des galeries d&rsquo;art, des ateliers et admirer plus de 80 peintures et sculptures en plein air, en vous promenant dans les rues du village.<\/strong><\/p>\n<h3>Caract\u00e9ristiques de Tourrettes<\/h3>\n<p><strong>\u00ab Le village au centre de la sc\u00e8ne \u00bb !<\/strong><\/p>\n<p><strong>Au c\u0153ur du village, cach\u00e9s derri\u00e8re des fa\u00e7ades, des portes et des volets uniques, des artistes ont utilis\u00e9 leur savoir-faire pour cr\u00e9er un ensemble de galeries insolites.<\/strong> Vous trouverez des paysages lumineux, des portraits espi\u00e8gles, des chats fac\u00e9tieux, des mosa\u00efques chatoyantes, des sculptures m\u00e9talliques, des portes aux reflets de bronze et aux effets d&rsquo;ombres, de lumi\u00e8re et de silhouettes. Du r\u00e9alisme au surr\u00e9alisme en passant par l&rsquo;abstrait, ils sauront vous ravir et vous charmer par leurs divers talents artistiques.<\/p>\n<p><img loading=\"lazy\" width=\"1600\" height=\"1067\" class=\"alignnone size-full wp-image-3502\" src=\"https:\/\/www.varprovence-cruise.com\/fr\/wp-content\/uploads\/sites\/2\/2020\/04\/tourrettes-coti-pays-de-fayence-droits-reserves-5.jpg\" alt=\"\" srcset=\"https:\/\/www.varprovence-cruise.com\/fr\/wp-content\/uploads\/sites\/2\/2020\/04\/tourrettes-coti-pays-de-fayence-droits-reserves-5.jpg 1600w, https:\/\/www.varprovence-cruise.com\/fr\/wp-content\/uploads\/sites\/2\/2020\/04\/tourrettes-coti-pays-de-fayence-droits-reserves-5-300x200.jpg 300w, https:\/\/www.varprovence-cruise.com\/fr\/wp-content\/uploads\/sites\/2\/2020\/04\/tourrettes-coti-pays-de-fayence-droits-reserves-5-768x512.jpg 768w, https:\/\/www.varprovence-cruise.com\/fr\/wp-content\/uploads\/sites\/2\/2020\/04\/tourrettes-coti-pays-de-fayence-droits-reserves-5-1024x683.jpg 1024w, https:\/\/www.varprovence-cruise.com\/fr\/wp-content\/uploads\/sites\/2\/2020\/04\/tourrettes-coti-pays-de-fayence-droits-reserves-5-767x511.jpg 767w, https:\/\/www.varprovence-cruise.com\/fr\/wp-content\/uploads\/sites\/2\/2020\/04\/tourrettes-coti-pays-de-fayence-droits-reserves-5-1023x682.jpg 1023w, https:\/\/www.varprovence-cruise.com\/fr\/wp-content\/uploads\/sites\/2\/2020\/04\/tourrettes-coti-pays-de-fayence-droits-reserves-5-180x120.jpg 180w, https:\/\/www.varprovence-cruise.com\/fr\/wp-content\/uploads\/sites\/2\/2020\/04\/tourrettes-coti-pays-de-fayence-droits-reserves-5-315x210.jpg 315w, https:\/\/www.varprovence-cruise.com\/fr\/wp-content\/uploads\/sites\/2\/2020\/04\/tourrettes-coti-pays-de-fayence-droits-reserves-5-380x253.jpg 380w, https:\/\/www.varprovence-cruise.com\/fr\/wp-content\/uploads\/sites\/2\/2020\/04\/tourrettes-coti-pays-de-fayence-droits-reserves-5-44x29.jpg 44w, https:\/\/www.varprovence-cruise.com\/fr\/wp-content\/uploads\/sites\/2\/2020\/04\/tourrettes-coti-pays-de-fayence-droits-reserves-5-80x53.jpg 80w, https:\/\/www.varprovence-cruise.com\/fr\/wp-content\/uploads\/sites\/2\/2020\/04\/tourrettes-coti-pays-de-fayence-droits-reserves-5-83x55.jpg 83w, https:\/\/www.varprovence-cruise.com\/fr\/wp-content\/uploads\/sites\/2\/2020\/04\/tourrettes-coti-pays-de-fayence-droits-reserves-5-165x110.jpg 165w, https:\/\/www.varprovence-cruise.com\/fr\/wp-content\/uploads\/sites\/2\/2020\/04\/tourrettes-coti-pays-de-fayence-droits-reserves-5-45x30.jpg 45w, https:\/\/www.varprovence-cruise.com\/fr\/wp-content\/uploads\/sites\/2\/2020\/04\/tourrettes-coti-pays-de-fayence-droits-reserves-5-90x60.jpg 90w, https:\/\/www.varprovence-cruise.com\/fr\/wp-content\/uploads\/sites\/2\/2020\/04\/tourrettes-coti-pays-de-fayence-droits-reserves-5-86x57.jpg 86w\" sizes=\"(max-width: 1600px) 100vw, 1600px\" \/><\/p>\n<h3>Que faire<\/h3>\n<ul>\n<li><strong>Visite du village proven\u00e7al<\/strong> : Visitez ce mus\u00e9e \u00e0 ciel ouvert o\u00f9 des artistes locaux exposent leurs sculptures, mosa\u00efques ou peintures sur fa\u00e7ades, portes et volets en d\u00e9ambulant dans l&rsquo;incroyable d\u00e9dale de rues charg\u00e9es d&rsquo;histoire et de l\u00e9gendes. Rencontrez ensuite les artisans dans leur atelier et rejoignez le point de vue le plus haut Place de l&rsquo;Horloge afin d&rsquo;admirer le panorama sur les massifs des Maures et de l&rsquo;Est\u00e9rel avec la M\u00e9diterran\u00e9e \u00e0 l&rsquo;horizon.<\/li>\n<li>A 15 minutes de Tourrettes, \u00e0 Seillans (autre village perch\u00e9 du Pays de Fayence, class\u00e9 parmi les plus beaux villages de France) se trouve le somptueux <strong>Domaine de Selves<\/strong> qui pourra accueillir vos groupes et organiser des d\u00e9gustations de vins et d&rsquo;huile d&rsquo;olive, des balades ou tournoi de p\u00e9tanque&#8230; (possibilit\u00e9 de parking pour les bus)<\/li>\n<\/ul>\n<ul>\n<li><strong>Pour en savoir plus<\/strong> : d\u00e9jeuner au village de Fayence et visiter son <strong>Ecomus\u00e9e agricole<\/strong>. Expos\u00e9 dans des b\u00e2timents remarquables (moulin \u00e0 farine du XIII\u1d49, huilerie du XVII\u1d49) et organis\u00e9 par fili\u00e8re : viticulture, \u00e9b\u00e9nisterie, parfumerie, bouchonnier, cordonnier, verrier, ol\u00e9iculture\u2026, vous pourrez d\u00e9couvrir ou red\u00e9couvrir les machines et outils agricoles ainsi que des objets de la vie quotidienne.<\/li>\n<\/ul>\n","protected":false},"excerpt":{"rendered":"<p>D\u00e9couvrir Tourrettes, le village perch\u00e9 Tourrettes, village pittoresque situ\u00e9 \u00e0 200m de Fayence (l&rsquo;un des 9 villages perch\u00e9s c\u00e9l\u00e8bres du Pays de Fayence) est construit sur une colline \u00e0 environ 20 km de la mer. Dans un incroyable d\u00e9dale de ruelles o\u00f9 l&rsquo;on pourrait presque encore entendre l&rsquo;\u00e9cho des sabots des mules, les maisons anciennes [&hellip;]<\/p>\n","protected":false},"author":1,"featured_media":3507,"parent":147,"menu_order":0,"comment_status":"closed","ping_status":"closed","template":"","meta":[],"_links":{"self":[{"href":"https:\/\/www.varprovence-cruise.com\/fr\/wp-json\/wp\/v2\/pages\/2158"}],"collection":[{"href":"https:\/\/www.varprovence-cruise.com\/fr\/wp-json\/wp\/v2\/pages"}],"about":[{"href":"https:\/\/www.varprovence-cruise.com\/fr\/wp-json\/wp\/v2\/types\/page"}],"author":[{"embeddable":true,"href":"https:\/\/www.varprovence-cruise.com\/fr\/wp-json\/wp\/v2\/users\/1"}],"replies":[{"embeddable":true,"href":"https:\/\/www.varprovence-cruise.com\/fr\/wp-json\/wp\/v2\/comments?post=2158"}],"version-history":[{"count":7,"href":"https:\/\/www.varprovence-cruise.com\/fr\/wp-json\/wp\/v2\/pages\/2158\/revisions"}],"predecessor-version":[{"id":17765,"href":"https:\/\/www.varprovence-cruise.com\/fr\/wp-json\/wp\/v2\/pages\/2158\/revisions\/17765"}],"up":[{"embeddable":true,"href":"https:\/\/www.varprovence-cruise.com\/fr\/wp-json\/wp\/v2\/pages\/147"}],"wp:featuredmedia":[{"embeddable":true,"href":"https:\/\/www.varprovence-cruise.com\/fr\/wp-json\/wp\/v2\/media\/3507"}],"wp:attachment":[{"href":"https:\/\/www.varprovence-cruise.com\/fr\/wp-json\/wp\/v2\/media?parent=2158"}],"curies":[{"name":"wp","href":"https:\/\/api.w.org\/{rel}","templated":true}]}}