{"id":2156,"date":"2021-06-15T07:26:59","date_gmt":"2021-06-15T06:26:59","guid":{"rendered":"https:\/\/www.varprovence-cruise.com\/fr\/the-sweet-tooth-craving-chocolate-tour-roquebrune-sur-argens"},"modified":"2022-05-01T23:50:42","modified_gmt":"2022-05-01T21:50:42","slug":"la-tournee-des-gourmets-des-amoureux-du-chocolat-roquebrune-sur-argens","status":"publish","type":"page","link":"https:\/\/www.varprovence-cruise.com\/fr\/experience-var-provence\/idees-dexcursions\/la-tournee-des-gourmets-des-amoureux-du-chocolat-roquebrune-sur-argens\/","title":{"rendered":"La tourn\u00e9e des gourmets &#038; des amoureux du chocolat : Roquebrune-sur-Argens"},"content":{"rendered":"<h2>D\u00e9couvrez le village de Roquebrune-sur-Argens<\/h2>\n<p>Tr\u00e9sor cach\u00e9 de la C\u00f4te d&rsquo;Azur, imaginez un village au charme d&rsquo;antan et \u00e0 l&rsquo;authenticit\u00e9 de la Provence. L&rsquo;ancien village m\u00e9di\u00e9val de Roquebrune-sur-Argens, domin\u00e9 par son \u00ab Rocher \u00bb, a conserv\u00e9 ses ruelles \u00e9troites, le Castrum et les petites places qui lui donnent un charme typiquement proven\u00e7al. Fl\u00e2nez dans le village et combinez votre visite avec la Maison du Patrimoine et la Maison du Chocolat et du Cacao.<\/p>\n<p><img loading=\"lazy\" class=\"wp-image-5695 aligncenter\" src=\"https:\/\/www.varprovence-cruise.com\/fr\/wp-content\/uploads\/sites\/2\/2020\/07\/chocolat-patisserie-cettier-roquebrune-sur-argens-cofficetourisme-roquebrune-sur-argens-chocolat-patisserie-cettier-e1594977786817.jpg\" alt=\"\" width=\"382\" height=\"331\" srcset=\"https:\/\/www.varprovence-cruise.com\/fr\/wp-content\/uploads\/sites\/2\/2020\/07\/chocolat-patisserie-cettier-roquebrune-sur-argens-cofficetourisme-roquebrune-sur-argens-chocolat-patisserie-cettier-e1594977786817.jpg 3430w, https:\/\/www.varprovence-cruise.com\/fr\/wp-content\/uploads\/sites\/2\/2020\/07\/chocolat-patisserie-cettier-roquebrune-sur-argens-cofficetourisme-roquebrune-sur-argens-chocolat-patisserie-cettier-e1594977786817-300x260.jpg 300w, https:\/\/www.varprovence-cruise.com\/fr\/wp-content\/uploads\/sites\/2\/2020\/07\/chocolat-patisserie-cettier-roquebrune-sur-argens-cofficetourisme-roquebrune-sur-argens-chocolat-patisserie-cettier-e1594977786817-768x665.jpg 768w, https:\/\/www.varprovence-cruise.com\/fr\/wp-content\/uploads\/sites\/2\/2020\/07\/chocolat-patisserie-cettier-roquebrune-sur-argens-cofficetourisme-roquebrune-sur-argens-chocolat-patisserie-cettier-e1594977786817-1024x887.jpg 1024w, https:\/\/www.varprovence-cruise.com\/fr\/wp-content\/uploads\/sites\/2\/2020\/07\/chocolat-patisserie-cettier-roquebrune-sur-argens-cofficetourisme-roquebrune-sur-argens-chocolat-patisserie-cettier-e1594977786817-767x665.jpg 767w, https:\/\/www.varprovence-cruise.com\/fr\/wp-content\/uploads\/sites\/2\/2020\/07\/chocolat-patisserie-cettier-roquebrune-sur-argens-cofficetourisme-roquebrune-sur-argens-chocolat-patisserie-cettier-e1594977786817-1023x886.jpg 1023w, https:\/\/www.varprovence-cruise.com\/fr\/wp-content\/uploads\/sites\/2\/2020\/07\/chocolat-patisserie-cettier-roquebrune-sur-argens-cofficetourisme-roquebrune-sur-argens-chocolat-patisserie-cettier-e1594977786817-1800x1560.jpg 1800w, https:\/\/www.varprovence-cruise.com\/fr\/wp-content\/uploads\/sites\/2\/2020\/07\/chocolat-patisserie-cettier-roquebrune-sur-argens-cofficetourisme-roquebrune-sur-argens-chocolat-patisserie-cettier-e1594977786817-180x156.jpg 180w, https:\/\/www.varprovence-cruise.com\/fr\/wp-content\/uploads\/sites\/2\/2020\/07\/chocolat-patisserie-cettier-roquebrune-sur-argens-cofficetourisme-roquebrune-sur-argens-chocolat-patisserie-cettier-e1594977786817-315x273.jpg 315w, https:\/\/www.varprovence-cruise.com\/fr\/wp-content\/uploads\/sites\/2\/2020\/07\/chocolat-patisserie-cettier-roquebrune-sur-argens-cofficetourisme-roquebrune-sur-argens-chocolat-patisserie-cettier-e1594977786817-380x329.jpg 380w, https:\/\/www.varprovence-cruise.com\/fr\/wp-content\/uploads\/sites\/2\/2020\/07\/chocolat-patisserie-cettier-roquebrune-sur-argens-cofficetourisme-roquebrune-sur-argens-chocolat-patisserie-cettier-e1594977786817-44x38.jpg 44w, https:\/\/www.varprovence-cruise.com\/fr\/wp-content\/uploads\/sites\/2\/2020\/07\/chocolat-patisserie-cettier-roquebrune-sur-argens-cofficetourisme-roquebrune-sur-argens-chocolat-patisserie-cettier-e1594977786817-80x69.jpg 80w, https:\/\/www.varprovence-cruise.com\/fr\/wp-content\/uploads\/sites\/2\/2020\/07\/chocolat-patisserie-cettier-roquebrune-sur-argens-cofficetourisme-roquebrune-sur-argens-chocolat-patisserie-cettier-e1594977786817-83x72.jpg 83w, https:\/\/www.varprovence-cruise.com\/fr\/wp-content\/uploads\/sites\/2\/2020\/07\/chocolat-patisserie-cettier-roquebrune-sur-argens-cofficetourisme-roquebrune-sur-argens-chocolat-patisserie-cettier-e1594977786817-165x143.jpg 165w, https:\/\/www.varprovence-cruise.com\/fr\/wp-content\/uploads\/sites\/2\/2020\/07\/chocolat-patisserie-cettier-roquebrune-sur-argens-cofficetourisme-roquebrune-sur-argens-chocolat-patisserie-cettier-e1594977786817-35x30.jpg 35w, https:\/\/www.varprovence-cruise.com\/fr\/wp-content\/uploads\/sites\/2\/2020\/07\/chocolat-patisserie-cettier-roquebrune-sur-argens-cofficetourisme-roquebrune-sur-argens-chocolat-patisserie-cettier-e1594977786817-69x60.jpg 69w, https:\/\/www.varprovence-cruise.com\/fr\/wp-content\/uploads\/sites\/2\/2020\/07\/chocolat-patisserie-cettier-roquebrune-sur-argens-cofficetourisme-roquebrune-sur-argens-chocolat-patisserie-cettier-e1594977786817-86x75.jpg 86w\" sizes=\"(max-width: 382px) 100vw, 382px\" \/><\/p>\n<p>Gastronomes avertis, amateurs de vins et amoureux de la nature\u2026 Roquebrune-sur-Argens est l&rsquo;endroit id\u00e9al pour savourer les d\u00e9licieux produits du terroir des fermes alentours ou faire du shopping dans les boutiques d&rsquo;art et d&rsquo;artisanat. Un arc-en-ciel de saveurs !<\/p>\n<p>Les rues sont un mus\u00e9e \u00e0 ciel ouvert. \u00c0 travers les ruelles \u00e9troites, les visiteurs d\u00e9couvrent l&rsquo;identit\u00e9 artistique de Roquebrune avec les diff\u00e9rentes galeries d&rsquo;art et les expositions organis\u00e9es dans une chapelle r\u00e9affect\u00e9e.<\/p>\n<h3>Points forts de Roquebrune sur Argens<\/h3>\n<p>Le village est entour\u00e9 de 7 vignobles, d&rsquo;huileries et de plusieurs apiculteurs\u2026 Roquebrune-sur-Argens et sa nature pr\u00e9serv\u00e9e sont les v\u00e9ritables atouts de cette destination \u00e0 la fronti\u00e8re entre la C\u00f4te d&rsquo;Azur et la Provence.<\/p>\n<p><img loading=\"lazy\" class=\"wp-image-5702 aligncenter\" src=\"https:\/\/www.varprovence-cruise.com\/fr\/wp-content\/uploads\/sites\/2\/2020\/07\/vollage-clocher-roquebrune-sur-argens-cofficetourisme-roquebrune-sur-argens-e1594977679332.jpg\" alt=\"\" width=\"359\" height=\"312\" srcset=\"https:\/\/www.varprovence-cruise.com\/fr\/wp-content\/uploads\/sites\/2\/2020\/07\/vollage-clocher-roquebrune-sur-argens-cofficetourisme-roquebrune-sur-argens-e1594977679332.jpg 3375w, https:\/\/www.varprovence-cruise.com\/fr\/wp-content\/uploads\/sites\/2\/2020\/07\/vollage-clocher-roquebrune-sur-argens-cofficetourisme-roquebrune-sur-argens-e1594977679332-300x261.jpg 300w, https:\/\/www.varprovence-cruise.com\/fr\/wp-content\/uploads\/sites\/2\/2020\/07\/vollage-clocher-roquebrune-sur-argens-cofficetourisme-roquebrune-sur-argens-e1594977679332-768x667.jpg 768w, https:\/\/www.varprovence-cruise.com\/fr\/wp-content\/uploads\/sites\/2\/2020\/07\/vollage-clocher-roquebrune-sur-argens-cofficetourisme-roquebrune-sur-argens-e1594977679332-1024x890.jpg 1024w, https:\/\/www.varprovence-cruise.com\/fr\/wp-content\/uploads\/sites\/2\/2020\/07\/vollage-clocher-roquebrune-sur-argens-cofficetourisme-roquebrune-sur-argens-e1594977679332-767x666.jpg 767w, https:\/\/www.varprovence-cruise.com\/fr\/wp-content\/uploads\/sites\/2\/2020\/07\/vollage-clocher-roquebrune-sur-argens-cofficetourisme-roquebrune-sur-argens-e1594977679332-1023x889.jpg 1023w, https:\/\/www.varprovence-cruise.com\/fr\/wp-content\/uploads\/sites\/2\/2020\/07\/vollage-clocher-roquebrune-sur-argens-cofficetourisme-roquebrune-sur-argens-e1594977679332-1800x1564.jpg 1800w, https:\/\/www.varprovence-cruise.com\/fr\/wp-content\/uploads\/sites\/2\/2020\/07\/vollage-clocher-roquebrune-sur-argens-cofficetourisme-roquebrune-sur-argens-e1594977679332-180x156.jpg 180w, https:\/\/www.varprovence-cruise.com\/fr\/wp-content\/uploads\/sites\/2\/2020\/07\/vollage-clocher-roquebrune-sur-argens-cofficetourisme-roquebrune-sur-argens-e1594977679332-315x274.jpg 315w, https:\/\/www.varprovence-cruise.com\/fr\/wp-content\/uploads\/sites\/2\/2020\/07\/vollage-clocher-roquebrune-sur-argens-cofficetourisme-roquebrune-sur-argens-e1594977679332-380x330.jpg 380w, https:\/\/www.varprovence-cruise.com\/fr\/wp-content\/uploads\/sites\/2\/2020\/07\/vollage-clocher-roquebrune-sur-argens-cofficetourisme-roquebrune-sur-argens-e1594977679332-44x38.jpg 44w, https:\/\/www.varprovence-cruise.com\/fr\/wp-content\/uploads\/sites\/2\/2020\/07\/vollage-clocher-roquebrune-sur-argens-cofficetourisme-roquebrune-sur-argens-e1594977679332-80x69.jpg 80w, https:\/\/www.varprovence-cruise.com\/fr\/wp-content\/uploads\/sites\/2\/2020\/07\/vollage-clocher-roquebrune-sur-argens-cofficetourisme-roquebrune-sur-argens-e1594977679332-83x72.jpg 83w, https:\/\/www.varprovence-cruise.com\/fr\/wp-content\/uploads\/sites\/2\/2020\/07\/vollage-clocher-roquebrune-sur-argens-cofficetourisme-roquebrune-sur-argens-e1594977679332-165x143.jpg 165w, https:\/\/www.varprovence-cruise.com\/fr\/wp-content\/uploads\/sites\/2\/2020\/07\/vollage-clocher-roquebrune-sur-argens-cofficetourisme-roquebrune-sur-argens-e1594977679332-35x30.jpg 35w, https:\/\/www.varprovence-cruise.com\/fr\/wp-content\/uploads\/sites\/2\/2020\/07\/vollage-clocher-roquebrune-sur-argens-cofficetourisme-roquebrune-sur-argens-e1594977679332-69x60.jpg 69w, https:\/\/www.varprovence-cruise.com\/fr\/wp-content\/uploads\/sites\/2\/2020\/07\/vollage-clocher-roquebrune-sur-argens-cofficetourisme-roquebrune-sur-argens-e1594977679332-86x75.jpg 86w\" sizes=\"(max-width: 359px) 100vw, 359px\" \/><\/p>\n<h3>Que faire ?<\/h3>\n<ul>\n<li>La visite guid\u00e9e\u00a0 dans le village proven\u00e7al :<\/li>\n<li>Visite guid\u00e9e du village m\u00e9di\u00e9val et proven\u00e7al avec d\u00e9gustation de produits du terroir \u00e0 la Maison du Terroir<\/li>\n<li>D\u00e9gustation de chocolats et de nougats dans trois chocolateries du village<\/li>\n<li>Visite du Mus\u00e9e du Chocolat et du Cacao<\/li>\n<li>Visite d&rsquo;une galerie d&rsquo;art au c\u0153ur du village<\/li>\n<\/ul>\n<p>Pour en savoir plus : <strong>D\u00e9jeuner et essayez une balade en Cano\u00eb-kayak de 2h au pied du \u00ab Rocher \u00bb de Roquebrune pour d\u00e9couvrir un magnifique petit lac.<\/strong><\/p>\n<p>Le Wine Tour : D\u00e9gustation de vins et Art de vivre \u00e0 la proven\u00e7ale :<\/p>\n<ul>\n<li>D\u00e9couvrez les vins, domaines et producteurs du terroir.<\/li>\n<li>Go\u00fbtez \u00e0 l&rsquo;art de vivre proven\u00e7al ! Une escapade fascinante pour les papilles des aventuriers et des \u00e9picuriens.<\/li>\n<li>Visite de 2 ou 3 caves des C\u00f4tes de Provence et d\u00e9couverte des chocolateries.<\/li>\n<\/ul>\n<p>Vous adorerez:<\/p>\n<ul>\n<li>\u00c0 la d\u00e9couverte des grands vins locaux (rouge, blanc et ros\u00e9)<\/li>\n<li>Rencontre avec d&rsquo;authentiques vignerons et producteurs de chocolat<\/li>\n<li>\u00catre guid\u00e9 par un professionnel passionn\u00e9e du vin<\/li>\n<\/ul>\n","protected":false},"excerpt":{"rendered":"<p>D\u00e9couvrez le village de Roquebrune-sur-Argens Tr\u00e9sor cach\u00e9 de la C\u00f4te d&rsquo;Azur, imaginez un village au charme d&rsquo;antan et \u00e0 l&rsquo;authenticit\u00e9 de la Provence. L&rsquo;ancien village m\u00e9di\u00e9val de Roquebrune-sur-Argens, domin\u00e9 par son \u00ab Rocher \u00bb, a conserv\u00e9 ses ruelles \u00e9troites, le Castrum et les petites places qui lui donnent un charme typiquement proven\u00e7al. Fl\u00e2nez dans le [&hellip;]<\/p>\n","protected":false},"author":1,"featured_media":3638,"parent":147,"menu_order":0,"comment_status":"closed","ping_status":"closed","template":"","meta":[],"_links":{"self":[{"href":"https:\/\/www.varprovence-cruise.com\/fr\/wp-json\/wp\/v2\/pages\/2156"}],"collection":[{"href":"https:\/\/www.varprovence-cruise.com\/fr\/wp-json\/wp\/v2\/pages"}],"about":[{"href":"https:\/\/www.varprovence-cruise.com\/fr\/wp-json\/wp\/v2\/types\/page"}],"author":[{"embeddable":true,"href":"https:\/\/www.varprovence-cruise.com\/fr\/wp-json\/wp\/v2\/users\/1"}],"replies":[{"embeddable":true,"href":"https:\/\/www.varprovence-cruise.com\/fr\/wp-json\/wp\/v2\/comments?post=2156"}],"version-history":[{"count":5,"href":"https:\/\/www.varprovence-cruise.com\/fr\/wp-json\/wp\/v2\/pages\/2156\/revisions"}],"predecessor-version":[{"id":17388,"href":"https:\/\/www.varprovence-cruise.com\/fr\/wp-json\/wp\/v2\/pages\/2156\/revisions\/17388"}],"up":[{"embeddable":true,"href":"https:\/\/www.varprovence-cruise.com\/fr\/wp-json\/wp\/v2\/pages\/147"}],"wp:featuredmedia":[{"embeddable":true,"href":"https:\/\/www.varprovence-cruise.com\/fr\/wp-json\/wp\/v2\/media\/3638"}],"wp:attachment":[{"href":"https:\/\/www.varprovence-cruise.com\/fr\/wp-json\/wp\/v2\/media?parent=2156"}],"curies":[{"name":"wp","href":"https:\/\/api.w.org\/{rel}","templated":true}]}}