{"id":2154,"date":"2021-06-15T07:26:59","date_gmt":"2021-06-15T06:26:59","guid":{"rendered":"https:\/\/www.varprovence-cruise.com\/fr\/the-cradle-of-the-cotes-de-provence-aoc-wine"},"modified":"2022-05-02T21:19:33","modified_gmt":"2022-05-02T19:19:33","slug":"le-berceau-du-vin-aoc-cotes-de-provence","status":"publish","type":"page","link":"https:\/\/www.varprovence-cruise.com\/fr\/experience-var-provence\/idees-dexcursions\/le-berceau-du-vin-aoc-cotes-de-provence\/","title":{"rendered":"Le berceau du vin AOC C\u00f4tes de Provence"},"content":{"rendered":"<h2>Le berceau du vin AOC C\u00f4tes de Provence<\/h2>\n<p>Visite du Ch\u00e2teau Font du Broc (domaine viticole) : si vous aimez les vieilles pierres et les savoir-faire traditionnels, plongez-vous dans cet authentique domaine viticole, et d\u00e9couvrez son impressionnante cave de 20 m\u00e8tres de profondeur : un chef-d&rsquo;\u0153uvre inspir\u00e9 de l&rsquo;architecture cistercienne !<\/p>\n<p>Arr\u00eat \u00e0 la <a href=\"https:\/\/www.varprovence-cruise.com\/fr\/experience-var-provence\/idees-dexcursions\/maison-des-vins-cotes-de-provence-incontournable-de-la-provence-varoise\/\" target=\"_blank\" rel=\"noopener\">Maison des Vins &#8211; C\u00f4tes de Provence<\/a> : vous y trouverez une \u0153noth\u00e8que de 800 vins C\u00f4tes-de-Provence, une boutique de produits du terroir et des cours d&rsquo;\u0153nologie et un restaurant.<\/p>\n<p>Fl\u00e2nez dans le centre-ville m\u00e9di\u00e9val (appel\u00e9 Quartier du Parage) des Arcs-sur-Argens, l\u00e0 o\u00f9 le temps semble s&rsquo;\u00eatre arr\u00eat\u00e9 ! Rues pav\u00e9es et \u00e9troites, fortification m\u00e9di\u00e9vale, donjon au sommet de la colline\u2026<\/p>\n<p><img loading=\"lazy\" width=\"4928\" height=\"3696\" class=\"alignnone size-full wp-image-4159\" src=\"https:\/\/www.varprovence-cruise.com\/fr\/wp-content\/uploads\/sites\/2\/2020\/05\/les-arcs-sur-argens-village-medieval-1-cvartourisme-olivier-simon.jpg\" alt=\"\" srcset=\"https:\/\/www.varprovence-cruise.com\/fr\/wp-content\/uploads\/sites\/2\/2020\/05\/les-arcs-sur-argens-village-medieval-1-cvartourisme-olivier-simon.jpg 4928w, https:\/\/www.varprovence-cruise.com\/fr\/wp-content\/uploads\/sites\/2\/2020\/05\/les-arcs-sur-argens-village-medieval-1-cvartourisme-olivier-simon-300x225.jpg 300w, https:\/\/www.varprovence-cruise.com\/fr\/wp-content\/uploads\/sites\/2\/2020\/05\/les-arcs-sur-argens-village-medieval-1-cvartourisme-olivier-simon-768x576.jpg 768w, https:\/\/www.varprovence-cruise.com\/fr\/wp-content\/uploads\/sites\/2\/2020\/05\/les-arcs-sur-argens-village-medieval-1-cvartourisme-olivier-simon-1024x768.jpg 1024w, https:\/\/www.varprovence-cruise.com\/fr\/wp-content\/uploads\/sites\/2\/2020\/05\/les-arcs-sur-argens-village-medieval-1-cvartourisme-olivier-simon-767x575.jpg 767w, https:\/\/www.varprovence-cruise.com\/fr\/wp-content\/uploads\/sites\/2\/2020\/05\/les-arcs-sur-argens-village-medieval-1-cvartourisme-olivier-simon-1023x767.jpg 1023w, https:\/\/www.varprovence-cruise.com\/fr\/wp-content\/uploads\/sites\/2\/2020\/05\/les-arcs-sur-argens-village-medieval-1-cvartourisme-olivier-simon-1800x1350.jpg 1800w, https:\/\/www.varprovence-cruise.com\/fr\/wp-content\/uploads\/sites\/2\/2020\/05\/les-arcs-sur-argens-village-medieval-1-cvartourisme-olivier-simon-180x135.jpg 180w, https:\/\/www.varprovence-cruise.com\/fr\/wp-content\/uploads\/sites\/2\/2020\/05\/les-arcs-sur-argens-village-medieval-1-cvartourisme-olivier-simon-315x236.jpg 315w, https:\/\/www.varprovence-cruise.com\/fr\/wp-content\/uploads\/sites\/2\/2020\/05\/les-arcs-sur-argens-village-medieval-1-cvartourisme-olivier-simon-380x285.jpg 380w, https:\/\/www.varprovence-cruise.com\/fr\/wp-content\/uploads\/sites\/2\/2020\/05\/les-arcs-sur-argens-village-medieval-1-cvartourisme-olivier-simon-44x33.jpg 44w, https:\/\/www.varprovence-cruise.com\/fr\/wp-content\/uploads\/sites\/2\/2020\/05\/les-arcs-sur-argens-village-medieval-1-cvartourisme-olivier-simon-80x60.jpg 80w, https:\/\/www.varprovence-cruise.com\/fr\/wp-content\/uploads\/sites\/2\/2020\/05\/les-arcs-sur-argens-village-medieval-1-cvartourisme-olivier-simon-83x62.jpg 83w, https:\/\/www.varprovence-cruise.com\/fr\/wp-content\/uploads\/sites\/2\/2020\/05\/les-arcs-sur-argens-village-medieval-1-cvartourisme-olivier-simon-165x124.jpg 165w, https:\/\/www.varprovence-cruise.com\/fr\/wp-content\/uploads\/sites\/2\/2020\/05\/les-arcs-sur-argens-village-medieval-1-cvartourisme-olivier-simon-40x30.jpg 40w, https:\/\/www.varprovence-cruise.com\/fr\/wp-content\/uploads\/sites\/2\/2020\/05\/les-arcs-sur-argens-village-medieval-1-cvartourisme-olivier-simon-86x65.jpg 86w\" sizes=\"(max-width: 4928px) 100vw, 4928px\" \/><\/p>\n","protected":false},"excerpt":{"rendered":"<p>Le berceau du vin AOC C\u00f4tes de Provence Visite du Ch\u00e2teau Font du Broc (domaine viticole) : si vous aimez les vieilles pierres et les savoir-faire traditionnels, plongez-vous dans cet authentique domaine viticole, et d\u00e9couvrez son impressionnante cave de 20 m\u00e8tres de profondeur : un chef-d&rsquo;\u0153uvre inspir\u00e9 de l&rsquo;architecture cistercienne ! Arr\u00eat \u00e0 la Maison [&hellip;]<\/p>\n","protected":false},"author":1,"featured_media":3653,"parent":147,"menu_order":0,"comment_status":"closed","ping_status":"closed","template":"","meta":[],"_links":{"self":[{"href":"https:\/\/www.varprovence-cruise.com\/fr\/wp-json\/wp\/v2\/pages\/2154"}],"collection":[{"href":"https:\/\/www.varprovence-cruise.com\/fr\/wp-json\/wp\/v2\/pages"}],"about":[{"href":"https:\/\/www.varprovence-cruise.com\/fr\/wp-json\/wp\/v2\/types\/page"}],"author":[{"embeddable":true,"href":"https:\/\/www.varprovence-cruise.com\/fr\/wp-json\/wp\/v2\/users\/1"}],"replies":[{"embeddable":true,"href":"https:\/\/www.varprovence-cruise.com\/fr\/wp-json\/wp\/v2\/comments?post=2154"}],"version-history":[{"count":9,"href":"https:\/\/www.varprovence-cruise.com\/fr\/wp-json\/wp\/v2\/pages\/2154\/revisions"}],"predecessor-version":[{"id":17674,"href":"https:\/\/www.varprovence-cruise.com\/fr\/wp-json\/wp\/v2\/pages\/2154\/revisions\/17674"}],"up":[{"embeddable":true,"href":"https:\/\/www.varprovence-cruise.com\/fr\/wp-json\/wp\/v2\/pages\/147"}],"wp:featuredmedia":[{"embeddable":true,"href":"https:\/\/www.varprovence-cruise.com\/fr\/wp-json\/wp\/v2\/media\/3653"}],"wp:attachment":[{"href":"https:\/\/www.varprovence-cruise.com\/fr\/wp-json\/wp\/v2\/media?parent=2154"}],"curies":[{"name":"wp","href":"https:\/\/api.w.org\/{rel}","templated":true}]}}