{"id":2152,"date":"2021-06-15T07:26:59","date_gmt":"2021-06-15T06:26:59","guid":{"rendered":"https:\/\/www.varprovence-cruise.com\/fr\/the-%e2%80%9ccabanon-des-vignes%e2%80%9d-the-cottage-of-vines"},"modified":"2022-05-01T22:47:54","modified_gmt":"2022-05-01T20:47:54","slug":"le-cabanon-des-vignes-le-chalet-des-vins","status":"publish","type":"page","link":"https:\/\/www.varprovence-cruise.com\/fr\/experience-var-provence\/idees-dexcursions\/le-cabanon-des-vignes-le-chalet-des-vins\/","title":{"rendered":"Le Cabanon des vignes : Le Chalet des vins"},"content":{"rendered":"<h2>Le Cabanon des vignes<\/h2>\n<p>D\u00e9couvrez le Cabanon des vignes avec un vigneron ou un apiculteur local ! Le Cabanon des vignes est un domaine de 3,4 hectares o\u00f9 vignes et oliviers se c\u00f4toient : c&rsquo;est l&rsquo;endroit id\u00e9al pour d\u00e9guster quelques produits du terroir et bien s\u00fbr, pour prendre un verre de vin de l&rsquo;AOC Bandol issu du vignoble.\u00a0 Jardiner dans le potager aromatique, au c\u00f4t\u00e9 d&rsquo;un \u00e2ne, de quelques ch\u00e8vres et d&rsquo;une truie est \u00e9galement possible !<\/p>\n<p>Puis, fl\u00e2nez dans le magnifique centre-ville de <a href=\"https:\/\/www.varprovence-cruise.com\/fr\/experience-var-provence\/idees-dexcursions\/sanary-sur-mer-incontournable-de-la-provence-varoise\/\" target=\"_blank\" rel=\"noopener\">Sanary-su-Mer<\/a> : march\u00e9 proven\u00e7al, commerces, port de p\u00eache traditionnel\u2026<\/p>\n","protected":false},"excerpt":{"rendered":"<p>Le Cabanon des vignes D\u00e9couvrez le Cabanon des vignes avec un vigneron ou un apiculteur local ! Le Cabanon des vignes est un domaine de 3,4 hectares o\u00f9 vignes et oliviers se c\u00f4toient : c&rsquo;est l&rsquo;endroit id\u00e9al pour d\u00e9guster quelques produits du terroir et bien s\u00fbr, pour prendre un verre de vin de l&rsquo;AOC Bandol [&hellip;]<\/p>\n","protected":false},"author":1,"featured_media":3582,"parent":147,"menu_order":0,"comment_status":"closed","ping_status":"closed","template":"","meta":[],"_links":{"self":[{"href":"https:\/\/www.varprovence-cruise.com\/fr\/wp-json\/wp\/v2\/pages\/2152"}],"collection":[{"href":"https:\/\/www.varprovence-cruise.com\/fr\/wp-json\/wp\/v2\/pages"}],"about":[{"href":"https:\/\/www.varprovence-cruise.com\/fr\/wp-json\/wp\/v2\/types\/page"}],"author":[{"embeddable":true,"href":"https:\/\/www.varprovence-cruise.com\/fr\/wp-json\/wp\/v2\/users\/1"}],"replies":[{"embeddable":true,"href":"https:\/\/www.varprovence-cruise.com\/fr\/wp-json\/wp\/v2\/comments?post=2152"}],"version-history":[{"count":5,"href":"https:\/\/www.varprovence-cruise.com\/fr\/wp-json\/wp\/v2\/pages\/2152\/revisions"}],"predecessor-version":[{"id":17370,"href":"https:\/\/www.varprovence-cruise.com\/fr\/wp-json\/wp\/v2\/pages\/2152\/revisions\/17370"}],"up":[{"embeddable":true,"href":"https:\/\/www.varprovence-cruise.com\/fr\/wp-json\/wp\/v2\/pages\/147"}],"wp:featuredmedia":[{"embeddable":true,"href":"https:\/\/www.varprovence-cruise.com\/fr\/wp-json\/wp\/v2\/media\/3582"}],"wp:attachment":[{"href":"https:\/\/www.varprovence-cruise.com\/fr\/wp-json\/wp\/v2\/media?parent=2152"}],"curies":[{"name":"wp","href":"https:\/\/api.w.org\/{rel}","templated":true}]}}