{"id":2150,"date":"2021-06-15T07:26:59","date_gmt":"2021-06-15T06:26:59","guid":{"rendered":"https:\/\/www.varprovence-cruise.com\/fr\/the-path-of-the-painters-le-lavandou"},"modified":"2022-05-02T00:15:18","modified_gmt":"2022-05-01T22:15:18","slug":"le-chemin-des-peintres-le-lavandou","status":"publish","type":"page","link":"https:\/\/www.varprovence-cruise.com\/fr\/experience-var-provence\/idees-dexcursions\/le-chemin-des-peintres-le-lavandou\/","title":{"rendered":"Le Chemin des peintres : Le Lavandou"},"content":{"rendered":"<h2>Le Chemin des peintres<\/h2>\n<p>Profitez d\u2019une balade en suivant les 2 km du Chemin des Peintres ! De nombreuses reproductions de tableaux jalonnent un beau sentier c\u00f4tier, et permettent aux visiteurs de d\u00e9couvrir 2 peintres n\u00e9o-impressionnistes embl\u00e9matiques ayant exerc\u00e9 au Lavandou : Henri-Edmond Cross et Th\u00e9o Van Rysselberghe.<\/p>\n<p>Sur le chemin, vous trouverez \u00e9galement la villa-atelier du c\u00e9l\u00e8bre peintre Th\u00e9o Van Rysselberghe. Les visiteurs pourront la visiter (\u00e9difice majeur t\u00e9moin de la culture et de l&rsquo;architecture du Lavandou) ainsi qu&rsquo;une galerie d&rsquo;art.<\/p>\n<p><img loading=\"lazy\" class=\"alignnone  wp-image-3419\" src=\"https:\/\/www.varprovence-cruise.com\/fr\/wp-content\/uploads\/sites\/2\/2017\/11\/chemin-des-peintres-cf.-brochot-otlavandou-6.jpg\" alt=\"\" width=\"1161\" height=\"777\" srcset=\"https:\/\/www.varprovence-cruise.com\/fr\/wp-content\/uploads\/sites\/2\/2017\/11\/chemin-des-peintres-cf.-brochot-otlavandou-6.jpg 3872w, https:\/\/www.varprovence-cruise.com\/fr\/wp-content\/uploads\/sites\/2\/2017\/11\/chemin-des-peintres-cf.-brochot-otlavandou-6-300x201.jpg 300w, https:\/\/www.varprovence-cruise.com\/fr\/wp-content\/uploads\/sites\/2\/2017\/11\/chemin-des-peintres-cf.-brochot-otlavandou-6-768x514.jpg 768w, https:\/\/www.varprovence-cruise.com\/fr\/wp-content\/uploads\/sites\/2\/2017\/11\/chemin-des-peintres-cf.-brochot-otlavandou-6-1024x685.jpg 1024w, https:\/\/www.varprovence-cruise.com\/fr\/wp-content\/uploads\/sites\/2\/2017\/11\/chemin-des-peintres-cf.-brochot-otlavandou-6-767x513.jpg 767w, https:\/\/www.varprovence-cruise.com\/fr\/wp-content\/uploads\/sites\/2\/2017\/11\/chemin-des-peintres-cf.-brochot-otlavandou-6-1023x685.jpg 1023w, https:\/\/www.varprovence-cruise.com\/fr\/wp-content\/uploads\/sites\/2\/2017\/11\/chemin-des-peintres-cf.-brochot-otlavandou-6-1800x1205.jpg 1800w, https:\/\/www.varprovence-cruise.com\/fr\/wp-content\/uploads\/sites\/2\/2017\/11\/chemin-des-peintres-cf.-brochot-otlavandou-6-180x120.jpg 180w, https:\/\/www.varprovence-cruise.com\/fr\/wp-content\/uploads\/sites\/2\/2017\/11\/chemin-des-peintres-cf.-brochot-otlavandou-6-315x211.jpg 315w, https:\/\/www.varprovence-cruise.com\/fr\/wp-content\/uploads\/sites\/2\/2017\/11\/chemin-des-peintres-cf.-brochot-otlavandou-6-380x254.jpg 380w, https:\/\/www.varprovence-cruise.com\/fr\/wp-content\/uploads\/sites\/2\/2017\/11\/chemin-des-peintres-cf.-brochot-otlavandou-6-44x29.jpg 44w, https:\/\/www.varprovence-cruise.com\/fr\/wp-content\/uploads\/sites\/2\/2017\/11\/chemin-des-peintres-cf.-brochot-otlavandou-6-80x54.jpg 80w, https:\/\/www.varprovence-cruise.com\/fr\/wp-content\/uploads\/sites\/2\/2017\/11\/chemin-des-peintres-cf.-brochot-otlavandou-6-83x56.jpg 83w, https:\/\/www.varprovence-cruise.com\/fr\/wp-content\/uploads\/sites\/2\/2017\/11\/chemin-des-peintres-cf.-brochot-otlavandou-6-165x110.jpg 165w, https:\/\/www.varprovence-cruise.com\/fr\/wp-content\/uploads\/sites\/2\/2017\/11\/chemin-des-peintres-cf.-brochot-otlavandou-6-45x30.jpg 45w, https:\/\/www.varprovence-cruise.com\/fr\/wp-content\/uploads\/sites\/2\/2017\/11\/chemin-des-peintres-cf.-brochot-otlavandou-6-90x60.jpg 90w, https:\/\/www.varprovence-cruise.com\/fr\/wp-content\/uploads\/sites\/2\/2017\/11\/chemin-des-peintres-cf.-brochot-otlavandou-6-86x58.jpg 86w\" sizes=\"(max-width: 1161px) 100vw, 1161px\" \/><\/p>\n<p>&nbsp;<\/p>\n","protected":false},"excerpt":{"rendered":"<p>Le Chemin des peintres Profitez d\u2019une balade en suivant les 2 km du Chemin des Peintres ! De nombreuses reproductions de tableaux jalonnent un beau sentier c\u00f4tier, et permettent aux visiteurs de d\u00e9couvrir 2 peintres n\u00e9o-impressionnistes embl\u00e9matiques ayant exerc\u00e9 au Lavandou : Henri-Edmond Cross et Th\u00e9o Van Rysselberghe. Sur le chemin, vous trouverez \u00e9galement la [&hellip;]<\/p>\n","protected":false},"author":1,"featured_media":3414,"parent":147,"menu_order":0,"comment_status":"closed","ping_status":"closed","template":"","meta":[],"_links":{"self":[{"href":"https:\/\/www.varprovence-cruise.com\/fr\/wp-json\/wp\/v2\/pages\/2150"}],"collection":[{"href":"https:\/\/www.varprovence-cruise.com\/fr\/wp-json\/wp\/v2\/pages"}],"about":[{"href":"https:\/\/www.varprovence-cruise.com\/fr\/wp-json\/wp\/v2\/types\/page"}],"author":[{"embeddable":true,"href":"https:\/\/www.varprovence-cruise.com\/fr\/wp-json\/wp\/v2\/users\/1"}],"replies":[{"embeddable":true,"href":"https:\/\/www.varprovence-cruise.com\/fr\/wp-json\/wp\/v2\/comments?post=2150"}],"version-history":[{"count":5,"href":"https:\/\/www.varprovence-cruise.com\/fr\/wp-json\/wp\/v2\/pages\/2150\/revisions"}],"predecessor-version":[{"id":17406,"href":"https:\/\/www.varprovence-cruise.com\/fr\/wp-json\/wp\/v2\/pages\/2150\/revisions\/17406"}],"up":[{"embeddable":true,"href":"https:\/\/www.varprovence-cruise.com\/fr\/wp-json\/wp\/v2\/pages\/147"}],"wp:featuredmedia":[{"embeddable":true,"href":"https:\/\/www.varprovence-cruise.com\/fr\/wp-json\/wp\/v2\/media\/3414"}],"wp:attachment":[{"href":"https:\/\/www.varprovence-cruise.com\/fr\/wp-json\/wp\/v2\/media?parent=2150"}],"curies":[{"name":"wp","href":"https:\/\/api.w.org\/{rel}","templated":true}]}}