{"id":2146,"date":"2021-06-15T07:26:59","date_gmt":"2021-06-15T06:26:59","guid":{"rendered":"https:\/\/www.varprovence-cruise.com\/fr\/discovery-of-le-lavandou-village"},"modified":"2022-05-04T10:57:13","modified_gmt":"2022-05-04T08:57:13","slug":"decouverte-du-village-du-lavandou","status":"publish","type":"page","link":"https:\/\/www.varprovence-cruise.com\/fr\/experience-var-provence\/idees-dexcursions\/decouverte-du-village-du-lavandou\/","title":{"rendered":"D\u00e9couverte du village du Lavandou"},"content":{"rendered":"<h2>Village du Lavandou<\/h2>\n<p>D\u00e9couvrez le c\u0153ur de ce village de mani\u00e8re ludique \u00e0 travers son Histoire, ses anciens tableaux, ses figures embl\u00e9matiques proven\u00e7ales et ses jardins m\u00e9diterran\u00e9ens ! Rencontrez les commer\u00e7ants et apprenez-en plus sur la p\u00eache et la culture du ch\u00eane-li\u00e8ge.<\/p>\n<p><img loading=\"lazy\" class=\"alignnone  wp-image-4470\" src=\"https:\/\/www.varprovence-cruise.com\/fr\/wp-content\/uploads\/sites\/2\/2017\/11\/village-lavandou-ruelle-lavandoucot-lavandoujpg.jpg\" alt=\"\" width=\"892\" height=\"594\" srcset=\"https:\/\/www.varprovence-cruise.com\/fr\/wp-content\/uploads\/sites\/2\/2017\/11\/village-lavandou-ruelle-lavandoucot-lavandoujpg.jpg 5184w, https:\/\/www.varprovence-cruise.com\/fr\/wp-content\/uploads\/sites\/2\/2017\/11\/village-lavandou-ruelle-lavandoucot-lavandoujpg-300x200.jpg 300w, https:\/\/www.varprovence-cruise.com\/fr\/wp-content\/uploads\/sites\/2\/2017\/11\/village-lavandou-ruelle-lavandoucot-lavandoujpg-768x512.jpg 768w, https:\/\/www.varprovence-cruise.com\/fr\/wp-content\/uploads\/sites\/2\/2017\/11\/village-lavandou-ruelle-lavandoucot-lavandoujpg-1024x683.jpg 1024w, https:\/\/www.varprovence-cruise.com\/fr\/wp-content\/uploads\/sites\/2\/2017\/11\/village-lavandou-ruelle-lavandoucot-lavandoujpg-767x511.jpg 767w, https:\/\/www.varprovence-cruise.com\/fr\/wp-content\/uploads\/sites\/2\/2017\/11\/village-lavandou-ruelle-lavandoucot-lavandoujpg-1023x682.jpg 1023w, https:\/\/www.varprovence-cruise.com\/fr\/wp-content\/uploads\/sites\/2\/2017\/11\/village-lavandou-ruelle-lavandoucot-lavandoujpg-1800x1200.jpg 1800w, https:\/\/www.varprovence-cruise.com\/fr\/wp-content\/uploads\/sites\/2\/2017\/11\/village-lavandou-ruelle-lavandoucot-lavandoujpg-180x120.jpg 180w, https:\/\/www.varprovence-cruise.com\/fr\/wp-content\/uploads\/sites\/2\/2017\/11\/village-lavandou-ruelle-lavandoucot-lavandoujpg-315x210.jpg 315w, https:\/\/www.varprovence-cruise.com\/fr\/wp-content\/uploads\/sites\/2\/2017\/11\/village-lavandou-ruelle-lavandoucot-lavandoujpg-380x253.jpg 380w, https:\/\/www.varprovence-cruise.com\/fr\/wp-content\/uploads\/sites\/2\/2017\/11\/village-lavandou-ruelle-lavandoucot-lavandoujpg-44x29.jpg 44w, https:\/\/www.varprovence-cruise.com\/fr\/wp-content\/uploads\/sites\/2\/2017\/11\/village-lavandou-ruelle-lavandoucot-lavandoujpg-80x53.jpg 80w, https:\/\/www.varprovence-cruise.com\/fr\/wp-content\/uploads\/sites\/2\/2017\/11\/village-lavandou-ruelle-lavandoucot-lavandoujpg-83x55.jpg 83w, https:\/\/www.varprovence-cruise.com\/fr\/wp-content\/uploads\/sites\/2\/2017\/11\/village-lavandou-ruelle-lavandoucot-lavandoujpg-165x110.jpg 165w, https:\/\/www.varprovence-cruise.com\/fr\/wp-content\/uploads\/sites\/2\/2017\/11\/village-lavandou-ruelle-lavandoucot-lavandoujpg-45x30.jpg 45w, https:\/\/www.varprovence-cruise.com\/fr\/wp-content\/uploads\/sites\/2\/2017\/11\/village-lavandou-ruelle-lavandoucot-lavandoujpg-90x60.jpg 90w, https:\/\/www.varprovence-cruise.com\/fr\/wp-content\/uploads\/sites\/2\/2017\/11\/village-lavandou-ruelle-lavandoucot-lavandoujpg-86x57.jpg 86w\" sizes=\"(max-width: 892px) 100vw, 892px\" \/><\/p>\n<p>Ensuite, direction le <a href=\"https:\/\/www.domainedelanglade.fr\/fr\/\" target=\"_blank\" rel=\"noopener\">Domaine de l&rsquo;Anglade<\/a>, un c\u00e9l\u00e8bre et magnifique domaine viticole ! Exp\u00e9rimentez les vendanges (en saison), comprenez le processus de vinification et participez \u00e0 des d\u00e9gustations.<\/p>\n","protected":false},"excerpt":{"rendered":"<p>Village du Lavandou D\u00e9couvrez le c\u0153ur de ce village de mani\u00e8re ludique \u00e0 travers son Histoire, ses anciens tableaux, ses figures embl\u00e9matiques proven\u00e7ales et ses jardins m\u00e9diterran\u00e9ens ! Rencontrez les commer\u00e7ants et apprenez-en plus sur la p\u00eache et la culture du ch\u00eane-li\u00e8ge. Ensuite, direction le Domaine de l&rsquo;Anglade, un c\u00e9l\u00e8bre et magnifique domaine viticole ! [&hellip;]<\/p>\n","protected":false},"author":1,"featured_media":3427,"parent":147,"menu_order":0,"comment_status":"closed","ping_status":"closed","template":"","meta":[],"_links":{"self":[{"href":"https:\/\/www.varprovence-cruise.com\/fr\/wp-json\/wp\/v2\/pages\/2146"}],"collection":[{"href":"https:\/\/www.varprovence-cruise.com\/fr\/wp-json\/wp\/v2\/pages"}],"about":[{"href":"https:\/\/www.varprovence-cruise.com\/fr\/wp-json\/wp\/v2\/types\/page"}],"author":[{"embeddable":true,"href":"https:\/\/www.varprovence-cruise.com\/fr\/wp-json\/wp\/v2\/users\/1"}],"replies":[{"embeddable":true,"href":"https:\/\/www.varprovence-cruise.com\/fr\/wp-json\/wp\/v2\/comments?post=2146"}],"version-history":[{"count":5,"href":"https:\/\/www.varprovence-cruise.com\/fr\/wp-json\/wp\/v2\/pages\/2146\/revisions"}],"predecessor-version":[{"id":17735,"href":"https:\/\/www.varprovence-cruise.com\/fr\/wp-json\/wp\/v2\/pages\/2146\/revisions\/17735"}],"up":[{"embeddable":true,"href":"https:\/\/www.varprovence-cruise.com\/fr\/wp-json\/wp\/v2\/pages\/147"}],"wp:featuredmedia":[{"embeddable":true,"href":"https:\/\/www.varprovence-cruise.com\/fr\/wp-json\/wp\/v2\/media\/3427"}],"wp:attachment":[{"href":"https:\/\/www.varprovence-cruise.com\/fr\/wp-json\/wp\/v2\/media?parent=2146"}],"curies":[{"name":"wp","href":"https:\/\/api.w.org\/{rel}","templated":true}]}}