{"id":2144,"date":"2021-06-15T07:26:59","date_gmt":"2021-06-15T06:26:59","guid":{"rendered":"https:\/\/www.varprovence-cruise.com\/fr\/experience-the-local-way-of-life-in-provence"},"modified":"2022-05-04T12:14:01","modified_gmt":"2022-05-04T10:14:01","slug":"vivez-lart-de-vivre-provencal","status":"publish","type":"page","link":"https:\/\/www.varprovence-cruise.com\/fr\/experience-var-provence\/idees-dexcursions\/vivez-lart-de-vivre-provencal\/","title":{"rendered":"Vivez l&rsquo;art de vivre proven\u00e7al"},"content":{"rendered":"<h2>Fl\u00e2ner sur le March\u00e9 proven\u00e7al et d\u00e9couvrez la p\u00e9tanque<\/h2>\n<p>Comme un local, rendez-vous au march\u00e9 proven\u00e7al et achetez des produits frais lors de votre balade p\u00e9destre dans l&rsquo;authentique quartier du Mourillon. Ensuite, d\u00e9gustez un verre de vin ros\u00e9, jouez au jeu le plus typique de Provence, la p\u00e9tanque, ou bronzez sur les plus belles plages de Toulon. \u00c0 votre retour, profitez de votre d\u00e9jeuner pr\u00e9par\u00e9 par le Chef avec vos produits achet\u00e9s au march\u00e9. \u00ab\u00a0Bon app\u00e9tit!\u00a0\u00bb<\/p>\n<p><img loading=\"lazy\" width=\"2000\" height=\"1333\" class=\"alignnone size-full wp-image-5587\" src=\"https:\/\/www.varprovence-cruise.com\/fr\/wp-content\/uploads\/sites\/2\/2017\/11\/toulon-marche-ccciv-ports.-3.jpg\" alt=\"\" srcset=\"https:\/\/www.varprovence-cruise.com\/fr\/wp-content\/uploads\/sites\/2\/2017\/11\/toulon-marche-ccciv-ports.-3.jpg 2000w, https:\/\/www.varprovence-cruise.com\/fr\/wp-content\/uploads\/sites\/2\/2017\/11\/toulon-marche-ccciv-ports.-3-300x200.jpg 300w, https:\/\/www.varprovence-cruise.com\/fr\/wp-content\/uploads\/sites\/2\/2017\/11\/toulon-marche-ccciv-ports.-3-768x512.jpg 768w, https:\/\/www.varprovence-cruise.com\/fr\/wp-content\/uploads\/sites\/2\/2017\/11\/toulon-marche-ccciv-ports.-3-1024x682.jpg 1024w, https:\/\/www.varprovence-cruise.com\/fr\/wp-content\/uploads\/sites\/2\/2017\/11\/toulon-marche-ccciv-ports.-3-767x511.jpg 767w, https:\/\/www.varprovence-cruise.com\/fr\/wp-content\/uploads\/sites\/2\/2017\/11\/toulon-marche-ccciv-ports.-3-1023x682.jpg 1023w, https:\/\/www.varprovence-cruise.com\/fr\/wp-content\/uploads\/sites\/2\/2017\/11\/toulon-marche-ccciv-ports.-3-1800x1200.jpg 1800w, https:\/\/www.varprovence-cruise.com\/fr\/wp-content\/uploads\/sites\/2\/2017\/11\/toulon-marche-ccciv-ports.-3-180x120.jpg 180w, https:\/\/www.varprovence-cruise.com\/fr\/wp-content\/uploads\/sites\/2\/2017\/11\/toulon-marche-ccciv-ports.-3-315x210.jpg 315w, https:\/\/www.varprovence-cruise.com\/fr\/wp-content\/uploads\/sites\/2\/2017\/11\/toulon-marche-ccciv-ports.-3-380x253.jpg 380w, https:\/\/www.varprovence-cruise.com\/fr\/wp-content\/uploads\/sites\/2\/2017\/11\/toulon-marche-ccciv-ports.-3-44x29.jpg 44w, https:\/\/www.varprovence-cruise.com\/fr\/wp-content\/uploads\/sites\/2\/2017\/11\/toulon-marche-ccciv-ports.-3-80x53.jpg 80w, https:\/\/www.varprovence-cruise.com\/fr\/wp-content\/uploads\/sites\/2\/2017\/11\/toulon-marche-ccciv-ports.-3-83x55.jpg 83w, https:\/\/www.varprovence-cruise.com\/fr\/wp-content\/uploads\/sites\/2\/2017\/11\/toulon-marche-ccciv-ports.-3-165x110.jpg 165w, https:\/\/www.varprovence-cruise.com\/fr\/wp-content\/uploads\/sites\/2\/2017\/11\/toulon-marche-ccciv-ports.-3-45x30.jpg 45w, https:\/\/www.varprovence-cruise.com\/fr\/wp-content\/uploads\/sites\/2\/2017\/11\/toulon-marche-ccciv-ports.-3-90x60.jpg 90w, https:\/\/www.varprovence-cruise.com\/fr\/wp-content\/uploads\/sites\/2\/2017\/11\/toulon-marche-ccciv-ports.-3-86x57.jpg 86w\" sizes=\"(max-width: 2000px) 100vw, 2000px\" \/><\/p>\n<h3>Devenez p\u00eacheur local ou \u2026 d\u00e9tendez-vous&#8230;tout simplement<\/h3>\n<ul>\n<li>\n<p>Depuis l&rsquo;<a href=\"https:\/\/hotel-corniche.com\/\" target=\"_blank\" rel=\"noopener\">H\u00f4tel la Corniche****<\/a>, rendez-vous dans le port le plus authentique de la rade de Toulon : Saint-Louis. Embarquez sur un bateau typiquement proven\u00e7al\u00a0 le \u00ab pointu \u00bb. Le temps d&rsquo;une demi-journ\u00e9e, profitez de la diversit\u00e9 des activit\u00e9s : p\u00eache, plong\u00e9e, farniente au soleil : d\u00e9tendez-vous !<\/p>\n<\/li>\n<\/ul>\n","protected":false},"excerpt":{"rendered":"<p>Fl\u00e2ner sur le March\u00e9 proven\u00e7al et d\u00e9couvrez la p\u00e9tanque Comme un local, rendez-vous au march\u00e9 proven\u00e7al et achetez des produits frais lors de votre balade p\u00e9destre dans l&rsquo;authentique quartier du Mourillon. Ensuite, d\u00e9gustez un verre de vin ros\u00e9, jouez au jeu le plus typique de Provence, la p\u00e9tanque, ou bronzez sur les plus belles plages [&hellip;]<\/p>\n","protected":false},"author":1,"featured_media":3993,"parent":147,"menu_order":0,"comment_status":"closed","ping_status":"closed","template":"","meta":[],"_links":{"self":[{"href":"https:\/\/www.varprovence-cruise.com\/fr\/wp-json\/wp\/v2\/pages\/2144"}],"collection":[{"href":"https:\/\/www.varprovence-cruise.com\/fr\/wp-json\/wp\/v2\/pages"}],"about":[{"href":"https:\/\/www.varprovence-cruise.com\/fr\/wp-json\/wp\/v2\/types\/page"}],"author":[{"embeddable":true,"href":"https:\/\/www.varprovence-cruise.com\/fr\/wp-json\/wp\/v2\/users\/1"}],"replies":[{"embeddable":true,"href":"https:\/\/www.varprovence-cruise.com\/fr\/wp-json\/wp\/v2\/comments?post=2144"}],"version-history":[{"count":6,"href":"https:\/\/www.varprovence-cruise.com\/fr\/wp-json\/wp\/v2\/pages\/2144\/revisions"}],"predecessor-version":[{"id":17767,"href":"https:\/\/www.varprovence-cruise.com\/fr\/wp-json\/wp\/v2\/pages\/2144\/revisions\/17767"}],"up":[{"embeddable":true,"href":"https:\/\/www.varprovence-cruise.com\/fr\/wp-json\/wp\/v2\/pages\/147"}],"wp:featuredmedia":[{"embeddable":true,"href":"https:\/\/www.varprovence-cruise.com\/fr\/wp-json\/wp\/v2\/media\/3993"}],"wp:attachment":[{"href":"https:\/\/www.varprovence-cruise.com\/fr\/wp-json\/wp\/v2\/media?parent=2144"}],"curies":[{"name":"wp","href":"https:\/\/api.w.org\/{rel}","templated":true}]}}