{"id":2142,"date":"2021-06-15T07:26:59","date_gmt":"2021-06-15T06:26:59","guid":{"rendered":"https:\/\/www.varprovence-cruise.com\/fr\/enjoy-french-food-drinks-in-a-different-way"},"modified":"2022-05-04T12:03:09","modified_gmt":"2022-05-04T10:03:09","slug":"savourez-la-cuisine-et-les-boissons-francaises-autrement","status":"publish","type":"page","link":"https:\/\/www.varprovence-cruise.com\/fr\/experience-var-provence\/idees-dexcursions\/savourez-la-cuisine-et-les-boissons-francaises-autrement\/","title":{"rendered":"Savourez la cuisine et les boissons fran\u00e7aises autrement"},"content":{"rendered":"<h3>D\u00e9gustez un Brunch \u00ab\u00a0Made in Provence\u00a0\u00bb &amp; D\u00e9couvrez les Secrets des vignobles<\/h3>\n<p>Envie de d\u00e9guster du vin et de faire une sieste sous un olivier au chant des cigales ?<\/p>\n<p>D\u00e9tendez-vous le temps d&rsquo;une demi-journ\u00e9e \u00e0 la d\u00e9couverte de tous les secrets de fabrication d&rsquo;un des meilleurs vignobles du Var. Ensuite, cuisinez comme un local et profitez d&rsquo;une pause d\u00e9jeuner pr\u00e9par\u00e9e uniquement avec des produits typiques du terroir.<\/p>\n<h3>Initiez-vous \u00e0 l&rsquo;art de la d\u00e9gustation des vins de Provence<\/h3>\n<p>Depuis l&rsquo;<a href=\"https:\/\/hotel-corniche.com\/\" target=\"_blank\" rel=\"noopener\">H\u00f4tel La Corniche****<\/a> et sa vue panoramique sur la mer, initiez-vous \u00e0 l&rsquo;art de la d\u00e9gustation avec 5 vignerons locaux. Une occasion d&rsquo;\u00e9changer sur la production du vin.<\/p>\n<p><em>Possibilit\u00e9 d&rsquo;exp\u00e9dition pour vos bouteilles de vin pr\u00e9f\u00e9r\u00e9es.<\/em><\/p>\n<h3>Coucher de soleil sur le rooftop<\/h3>\n<p>Quoi de mieux pour prendre un verre sur le rooftop \u00ab Les Voiles \u00bb et profiter du coucher de soleil ? Pour prolonger ce moment, vous pourrez d\u00eener avant de remonter \u00e0 bord.<\/p>\n","protected":false},"excerpt":{"rendered":"<p>D\u00e9gustez un Brunch \u00ab\u00a0Made in Provence\u00a0\u00bb &amp; D\u00e9couvrez les Secrets des vignobles Envie de d\u00e9guster du vin et de faire une sieste sous un olivier au chant des cigales ? D\u00e9tendez-vous le temps d&rsquo;une demi-journ\u00e9e \u00e0 la d\u00e9couverte de tous les secrets de fabrication d&rsquo;un des meilleurs vignobles du Var. Ensuite, cuisinez comme un local [&hellip;]<\/p>\n","protected":false},"author":1,"featured_media":0,"parent":147,"menu_order":0,"comment_status":"closed","ping_status":"closed","template":"","meta":[],"_links":{"self":[{"href":"https:\/\/www.varprovence-cruise.com\/fr\/wp-json\/wp\/v2\/pages\/2142"}],"collection":[{"href":"https:\/\/www.varprovence-cruise.com\/fr\/wp-json\/wp\/v2\/pages"}],"about":[{"href":"https:\/\/www.varprovence-cruise.com\/fr\/wp-json\/wp\/v2\/types\/page"}],"author":[{"embeddable":true,"href":"https:\/\/www.varprovence-cruise.com\/fr\/wp-json\/wp\/v2\/users\/1"}],"replies":[{"embeddable":true,"href":"https:\/\/www.varprovence-cruise.com\/fr\/wp-json\/wp\/v2\/comments?post=2142"}],"version-history":[{"count":4,"href":"https:\/\/www.varprovence-cruise.com\/fr\/wp-json\/wp\/v2\/pages\/2142\/revisions"}],"predecessor-version":[{"id":17763,"href":"https:\/\/www.varprovence-cruise.com\/fr\/wp-json\/wp\/v2\/pages\/2142\/revisions\/17763"}],"up":[{"embeddable":true,"href":"https:\/\/www.varprovence-cruise.com\/fr\/wp-json\/wp\/v2\/pages\/147"}],"wp:attachment":[{"href":"https:\/\/www.varprovence-cruise.com\/fr\/wp-json\/wp\/v2\/media?parent=2142"}],"curies":[{"name":"wp","href":"https:\/\/api.w.org\/{rel}","templated":true}]}}