{"id":2140,"date":"2021-06-15T07:26:59","date_gmt":"2021-06-15T06:26:59","guid":{"rendered":"https:\/\/www.varprovence-cruise.com\/fr\/adrenaline-lovers-f1-circuit"},"modified":"2022-05-02T00:05:11","modified_gmt":"2022-05-01T22:05:11","slug":"circuit-f1-pour-les-amateurs-dadrenaline","status":"publish","type":"page","link":"https:\/\/www.varprovence-cruise.com\/fr\/experience-var-provence\/idees-dexcursions\/circuit-f1-pour-les-amateurs-dadrenaline\/","title":{"rendered":"Circuit F1 pour les amateurs d&rsquo;adr\u00e9naline !"},"content":{"rendered":"<h3 style=\"text-align: left;\">Le Grand Prix de France de Formule 1 est de retour !<\/h3>\n<p>Au c\u0153ur des Alpilles varoises, la Formule 1 est de retour en France sur l&#8217;embl\u00e9matique Circuit Paul Ricard. Profitez de cet \u00e9v\u00e9nement mondialement connu ! Vous pourrez \u00e9galement profiter d&rsquo;un village proven\u00e7al dans la Fan Zone, d&rsquo;un concert et d&rsquo;une d\u00e9monstration a\u00e9rienne de la Patrouille de France. Uniquement disponible pendant la comp\u00e9tition.<\/p>\n<h3 style=\"text-align: left;\">Racetrack Days<\/h3>\n<p>Les Racetrack Days sont des journ\u00e9es de course priv\u00e9es d\u00e9di\u00e9es aux <i>Gentlemen Drivers<\/i>, aux propri\u00e9taires de GT, aux clubs et aux \u00e9quipes de comp\u00e9tition. Nous ferons en sorte que votre journ\u00e9e sur l&#8217;embl\u00e9matique Circuit Paul Ricard soit un v\u00e9ritable \u00e9v\u00e9nement : avec des partenaires constructeurs, des animations, des artistes et des GT \u00e0 louer. Des instructeurs qualifi\u00e9s sont disponibles pour vous aider \u00e0 tirer le meilleur parti de cette journ\u00e9e si sp\u00e9ciale! Disponible uniquement \u00e0 quelques dates.<\/p>\n<div class=\"sectionCTA\"><div class=\"strateCTA strateCTA-largeCTA100 wp-caption\"><p class=\"strateCTAThumbnail\"><a href=\"https:\/\/www.varprovence-cruise.com\/fr\/wp-content\/uploads\/sites\/2\/2020\/07\/circuit-paul-ricard-le-castellet-cvar-tourisme-john-walzl-2.jpg\" class=\"swipebox\" data-caption=\"\"><span style=\"background-image:url(https:\/\/www.varprovence-cruise.com\/fr\/wp-content\/uploads\/sites\/2\/2020\/07\/circuit-paul-ricard-le-castellet-cvar-tourisme-john-walzl-2.jpg);\"><\/span><\/a><\/p><\/div><\/div>\n<h3 style=\"text-align: left;\">Vivez une exp\u00e9rience passionnante \u00e0 l\u2019<i>Xtrem<\/i> Park!<\/h3>\n<p>Le <a href=\"https:\/\/www.varprovence-cruise.com\/fr\/experience-var-provence\/idees-dexcursions\/visite-du-circuit-paul-ricard-testez-le-circuit-de-course-automobile-le-plus-innovant-deurope\/\" target=\"_blank\" rel=\"noopener\">Circuit Paul Ricard <\/a>a r\u00e9cemment ouvert un parc d&rsquo;activit\u00e9s \u00e0 sensation pour petits et grands. En passant par des simulateurs de conduite aux circuits en Segway \u00e0 la vue a\u00e9rienne \u00e0 couper le souffle depuis la tyrolienne, les amateurs de sensations fortes peuvent vivre une exp\u00e9rience inoubliable. Les enfants pourront rebondir sur les trampolines g\u00e9ant ou sauter sur les grandes structures gonflables. Les karts sont \u00e0 la port\u00e9e de tous ! Si vous remportez la course, vous monterez sur le podium et recevrez un prix !<\/p>\n","protected":false},"excerpt":{"rendered":"<p>Le Grand Prix de France de Formule 1 est de retour ! Au c\u0153ur des Alpilles varoises, la Formule 1 est de retour en France sur l&#8217;embl\u00e9matique Circuit Paul Ricard. Profitez de cet \u00e9v\u00e9nement mondialement connu ! Vous pourrez \u00e9galement profiter d&rsquo;un village proven\u00e7al dans la Fan Zone, d&rsquo;un concert et d&rsquo;une d\u00e9monstration a\u00e9rienne de [&hellip;]<\/p>\n","protected":false},"author":1,"featured_media":5374,"parent":147,"menu_order":0,"comment_status":"closed","ping_status":"closed","template":"","meta":[],"_links":{"self":[{"href":"https:\/\/www.varprovence-cruise.com\/fr\/wp-json\/wp\/v2\/pages\/2140"}],"collection":[{"href":"https:\/\/www.varprovence-cruise.com\/fr\/wp-json\/wp\/v2\/pages"}],"about":[{"href":"https:\/\/www.varprovence-cruise.com\/fr\/wp-json\/wp\/v2\/types\/page"}],"author":[{"embeddable":true,"href":"https:\/\/www.varprovence-cruise.com\/fr\/wp-json\/wp\/v2\/users\/1"}],"replies":[{"embeddable":true,"href":"https:\/\/www.varprovence-cruise.com\/fr\/wp-json\/wp\/v2\/comments?post=2140"}],"version-history":[{"count":15,"href":"https:\/\/www.varprovence-cruise.com\/fr\/wp-json\/wp\/v2\/pages\/2140\/revisions"}],"predecessor-version":[{"id":17393,"href":"https:\/\/www.varprovence-cruise.com\/fr\/wp-json\/wp\/v2\/pages\/2140\/revisions\/17393"}],"up":[{"embeddable":true,"href":"https:\/\/www.varprovence-cruise.com\/fr\/wp-json\/wp\/v2\/pages\/147"}],"wp:featuredmedia":[{"embeddable":true,"href":"https:\/\/www.varprovence-cruise.com\/fr\/wp-json\/wp\/v2\/media\/5374"}],"wp:attachment":[{"href":"https:\/\/www.varprovence-cruise.com\/fr\/wp-json\/wp\/v2\/media?parent=2140"}],"curies":[{"name":"wp","href":"https:\/\/api.w.org\/{rel}","templated":true}]}}