{"id":2132,"date":"2021-06-15T07:26:59","date_gmt":"2021-06-15T06:26:59","guid":{"rendered":"https:\/\/www.varprovence-cruise.com\/fr\/have-a-taste-of-provence-fun-vip-tour-with-casino-joa"},"modified":"2022-05-04T11:42:09","modified_gmt":"2022-05-04T09:42:09","slug":"goutez-a-la-provence-visite-vip-avec-le-casino-joa","status":"publish","type":"page","link":"https:\/\/www.varprovence-cruise.com\/fr\/experience-var-provence\/idees-dexcursions\/goutez-a-la-provence-visite-vip-avec-le-casino-joa\/","title":{"rendered":"Go\u00fbtez \u00e0 la Provence : Visite VIP avec le Casino JOA"},"content":{"rendered":"<h2>D\u00e9couvrez le go\u00fbt unique de la Provence<\/h2>\n<h3>Ce qui est inclus dans cette visite<\/h3>\n<ul>\n<li>Visitez une savonnerie typique \u00e0 l&rsquo;huile d&rsquo;olive et d\u00e9couvrez sa m\u00e9thode traditionnelle de fabrication lors d&rsquo;un atelier.<\/li>\n<li>Go\u00fbtez et exp\u00e9rimentez la recette traditionnelle d&rsquo;un nougat (bonbon moelleux avec des fruits \u00e0 coque).<\/li>\n<li>Terminez votre visite VIP en d\u00e9gustant un repas typiquement proven\u00e7al avec une vue imprenable sur la rade de Toulon et le port militaire.<\/li>\n<li>Temps libre au Casino (passeport requis) &#8211; Le Casino JOA est \u00e0 15 min \u00e0 pied du terminal croisi\u00e8re de La-Seyne-sur-Mer<\/li>\n<li>Transport priv\u00e9 depuis votre bateau de croisi\u00e8re<\/li>\n<\/ul>\n<h3>QUE FAIRE:<\/h3>\n<ul>\n<li>Profitez de votre visite avec un transport priv\u00e9 et exclusif depuis votre bateau de croisi\u00e8re.<\/li>\n<li>D\u00e9couvrez et visitez les coulisses d&rsquo;une savonnerie, apprenez \u00e0 fabriquer les diff\u00e9rentes sortes de savons avec des produits naturels.<\/li>\n<li>Visitez la fabrique de nougat pour d\u00e9couvrir notre tradition proven\u00e7ale centenaire. D\u00e9couvrez la fabrication du nougat, produits historiquement attach\u00e9s \u00e0 la tradition de No\u00ebl des treize desserts proven\u00e7aux, m\u00e9lange d&rsquo;amandes et de miel qui ravit les papilles depuis 6 g\u00e9n\u00e9rations.<\/li>\n<li>Profitez d&rsquo;un d\u00e9jeuner proven\u00e7al avec vue sur la mer.<\/li>\n<li>Jouez au Casino JOA.<\/li>\n<\/ul>\n","protected":false},"excerpt":{"rendered":"<p>D\u00e9couvrez le go\u00fbt unique de la Provence Ce qui est inclus dans cette visite Visitez une savonnerie typique \u00e0 l&rsquo;huile d&rsquo;olive et d\u00e9couvrez sa m\u00e9thode traditionnelle de fabrication lors d&rsquo;un atelier. Go\u00fbtez et exp\u00e9rimentez la recette traditionnelle d&rsquo;un nougat (bonbon moelleux avec des fruits \u00e0 coque). Terminez votre visite VIP en d\u00e9gustant un repas typiquement [&hellip;]<\/p>\n","protected":false},"author":1,"featured_media":7024,"parent":147,"menu_order":0,"comment_status":"closed","ping_status":"closed","template":"","meta":[],"_links":{"self":[{"href":"https:\/\/www.varprovence-cruise.com\/fr\/wp-json\/wp\/v2\/pages\/2132"}],"collection":[{"href":"https:\/\/www.varprovence-cruise.com\/fr\/wp-json\/wp\/v2\/pages"}],"about":[{"href":"https:\/\/www.varprovence-cruise.com\/fr\/wp-json\/wp\/v2\/types\/page"}],"author":[{"embeddable":true,"href":"https:\/\/www.varprovence-cruise.com\/fr\/wp-json\/wp\/v2\/users\/1"}],"replies":[{"embeddable":true,"href":"https:\/\/www.varprovence-cruise.com\/fr\/wp-json\/wp\/v2\/comments?post=2132"}],"version-history":[{"count":8,"href":"https:\/\/www.varprovence-cruise.com\/fr\/wp-json\/wp\/v2\/pages\/2132\/revisions"}],"predecessor-version":[{"id":17750,"href":"https:\/\/www.varprovence-cruise.com\/fr\/wp-json\/wp\/v2\/pages\/2132\/revisions\/17750"}],"up":[{"embeddable":true,"href":"https:\/\/www.varprovence-cruise.com\/fr\/wp-json\/wp\/v2\/pages\/147"}],"wp:featuredmedia":[{"embeddable":true,"href":"https:\/\/www.varprovence-cruise.com\/fr\/wp-json\/wp\/v2\/media\/7024"}],"wp:attachment":[{"href":"https:\/\/www.varprovence-cruise.com\/fr\/wp-json\/wp\/v2\/media?parent=2132"}],"curies":[{"name":"wp","href":"https:\/\/api.w.org\/{rel}","templated":true}]}}