{"id":2125,"date":"2021-06-15T07:26:59","date_gmt":"2021-06-15T06:26:59","guid":{"rendered":"https:\/\/www.varprovence-cruise.com\/fr\/enjoy-golfing-at-the-dolce-fregate-provence-golf-resort-the-most-breathtaking-golf-course-in-europe"},"modified":"2022-04-30T15:12:03","modified_gmt":"2022-04-30T13:12:03","slug":"jouez-au-golf-au-fregate-golf-club","status":"publish","type":"page","link":"https:\/\/www.varprovence-cruise.com\/fr\/experience-var-provence\/idees-dexcursions\/jouez-au-golf-au-fregate-golf-club\/","title":{"rendered":"Jouez au golf au Fr\u00e9gate Golf Club"},"content":{"rendered":"<h2>Le Fr\u00e9gate Golf Club<\/h2>\n<p>Le Fr\u00e9gate Golf Club est reconnu comme l&rsquo;un des plus beaux parcours d&rsquo;Europe en raison de ses panoramas extraordinaires sur la mer M\u00e9diterran\u00e9e. Situ\u00e9 dans un environnement typiquement proven\u00e7al, entre vignes et oliviers, le resort dispose de 2 golfs : le \u00ab Fr\u00e9gate Par 72 \u00bb (18 trous, 6.210m) qui offre 15 points de vue sur la mer, et le \u00ab Fr\u00e9gate Par 29 \u00bb (9 trous, 1.700m) d\u00e9di\u00e9 aux d\u00e9butants.<\/p>\n<p>En plus des terrains de golf, le complexe est l&rsquo;endroit id\u00e9al pour se d\u00e9tendre. Les visiteurs peuvent profiter du spa, de la piscine ext\u00e9rieure (ouverte d&rsquo;avril \u00e0 d\u00e9cembre), ainsi que de 2 restaurants et bars. Pour les plus longs s\u00e9jours, l&rsquo;h\u00f4tel dispose de chambres et de suites.<\/p>\n<h3>Points forts du Fr\u00e9gate Golf Club<\/h3>\n<p>Les terrains de golf ont \u00e9t\u00e9 con\u00e7us par le c\u00e9l\u00e8bre architecte am\u00e9ricain sp\u00e9cialis\u00e9 dans le golf, Ronald Fream.<\/p>\n<p>\u00c0 partir du Resort, un sentier m\u00e8ne \u00e0 la \u00ab Calanque de la Gal\u00e8re \u00bb, une crique naturelle o\u00f9 les visiteurs peuvent se baigner dans des eaux cristallines.<\/p>\n<p><img loading=\"lazy\" class=\"alignnone  wp-image-3780\" src=\"https:\/\/www.varprovence-cruise.com\/fr\/wp-content\/uploads\/sites\/2\/2017\/11\/golf-saint-cyr-trou-1cot-saint-cyr-sur-mer-cmoirenc-4.jpg\" alt=\"\" width=\"1091\" height=\"764\" srcset=\"https:\/\/www.varprovence-cruise.com\/fr\/wp-content\/uploads\/sites\/2\/2017\/11\/golf-saint-cyr-trou-1cot-saint-cyr-sur-mer-cmoirenc-4.jpg 1000w, https:\/\/www.varprovence-cruise.com\/fr\/wp-content\/uploads\/sites\/2\/2017\/11\/golf-saint-cyr-trou-1cot-saint-cyr-sur-mer-cmoirenc-4-300x210.jpg 300w, https:\/\/www.varprovence-cruise.com\/fr\/wp-content\/uploads\/sites\/2\/2017\/11\/golf-saint-cyr-trou-1cot-saint-cyr-sur-mer-cmoirenc-4-768x538.jpg 768w, https:\/\/www.varprovence-cruise.com\/fr\/wp-content\/uploads\/sites\/2\/2017\/11\/golf-saint-cyr-trou-1cot-saint-cyr-sur-mer-cmoirenc-4-767x537.jpg 767w, https:\/\/www.varprovence-cruise.com\/fr\/wp-content\/uploads\/sites\/2\/2017\/11\/golf-saint-cyr-trou-1cot-saint-cyr-sur-mer-cmoirenc-4-180x126.jpg 180w, https:\/\/www.varprovence-cruise.com\/fr\/wp-content\/uploads\/sites\/2\/2017\/11\/golf-saint-cyr-trou-1cot-saint-cyr-sur-mer-cmoirenc-4-315x221.jpg 315w, https:\/\/www.varprovence-cruise.com\/fr\/wp-content\/uploads\/sites\/2\/2017\/11\/golf-saint-cyr-trou-1cot-saint-cyr-sur-mer-cmoirenc-4-380x266.jpg 380w, https:\/\/www.varprovence-cruise.com\/fr\/wp-content\/uploads\/sites\/2\/2017\/11\/golf-saint-cyr-trou-1cot-saint-cyr-sur-mer-cmoirenc-4-44x31.jpg 44w, https:\/\/www.varprovence-cruise.com\/fr\/wp-content\/uploads\/sites\/2\/2017\/11\/golf-saint-cyr-trou-1cot-saint-cyr-sur-mer-cmoirenc-4-80x56.jpg 80w, https:\/\/www.varprovence-cruise.com\/fr\/wp-content\/uploads\/sites\/2\/2017\/11\/golf-saint-cyr-trou-1cot-saint-cyr-sur-mer-cmoirenc-4-83x58.jpg 83w, https:\/\/www.varprovence-cruise.com\/fr\/wp-content\/uploads\/sites\/2\/2017\/11\/golf-saint-cyr-trou-1cot-saint-cyr-sur-mer-cmoirenc-4-165x116.jpg 165w, https:\/\/www.varprovence-cruise.com\/fr\/wp-content\/uploads\/sites\/2\/2017\/11\/golf-saint-cyr-trou-1cot-saint-cyr-sur-mer-cmoirenc-4-43x30.jpg 43w, https:\/\/www.varprovence-cruise.com\/fr\/wp-content\/uploads\/sites\/2\/2017\/11\/golf-saint-cyr-trou-1cot-saint-cyr-sur-mer-cmoirenc-4-86x60.jpg 86w\" sizes=\"(max-width: 1091px) 100vw, 1091px\" \/><\/p>\n<h3>QUE FAIRE:<\/h3>\n<ul>\n<li>Profitez d&rsquo;un des plus beaux golfs d&rsquo;Europe (18 ou 9 trous), ou d\u00e9tendez-vous \u00e0 la piscine et au spa.<\/li>\n<li>D\u00e9jeunez au restaurant ou prenez un verre au bar au sommet de l&rsquo;h\u00f4tel.<\/li>\n<li>Faites une partie de p\u00e9tanque autour d&rsquo;un ap\u00e9ritif, ou rendez-vous au \u00abDomaine de Fr\u00e9gate\u00bb pour une d\u00e9gustation de vins ou une cueillette de raisins \u00e0 5 min \u00e0 pied.<\/li>\n<li>Pour en savoir plus : la station est id\u00e9alement situ\u00e9e \u00e0 c\u00f4t\u00e9 de <a href=\"https:\/\/www.varprovence-cruise.com\/fr\/docks\/welcome-to-our-port\/sanary-sur-mer\/\">Sanary-sur-Mer<\/a>, <a href=\"https:\/\/www.varprovence-cruise.com\/fr\/docks\/welcome-to-our-port\/saint-cyr-sur-mer\/\">Saint-Cyr-sur-Mer<\/a> et <a href=\"https:\/\/www.varprovence-cruise.com\/fr\/docks\/welcome-to-our-port\/bandol\/\">Bandol<\/a>, 3 ports de p\u00eache typiques avec de belles promenades le long des marinas.<\/li>\n<\/ul>\n","protected":false},"excerpt":{"rendered":"<p>Le Fr\u00e9gate Golf Club Le Fr\u00e9gate Golf Club est reconnu comme l&rsquo;un des plus beaux parcours d&rsquo;Europe en raison de ses panoramas extraordinaires sur la mer M\u00e9diterran\u00e9e. Situ\u00e9 dans un environnement typiquement proven\u00e7al, entre vignes et oliviers, le resort dispose de 2 golfs : le \u00ab Fr\u00e9gate Par 72 \u00bb (18 trous, 6.210m) qui offre [&hellip;]<\/p>\n","protected":false},"author":1,"featured_media":3779,"parent":147,"menu_order":0,"comment_status":"closed","ping_status":"closed","template":"","meta":[],"_links":{"self":[{"href":"https:\/\/www.varprovence-cruise.com\/fr\/wp-json\/wp\/v2\/pages\/2125"}],"collection":[{"href":"https:\/\/www.varprovence-cruise.com\/fr\/wp-json\/wp\/v2\/pages"}],"about":[{"href":"https:\/\/www.varprovence-cruise.com\/fr\/wp-json\/wp\/v2\/types\/page"}],"author":[{"embeddable":true,"href":"https:\/\/www.varprovence-cruise.com\/fr\/wp-json\/wp\/v2\/users\/1"}],"replies":[{"embeddable":true,"href":"https:\/\/www.varprovence-cruise.com\/fr\/wp-json\/wp\/v2\/comments?post=2125"}],"version-history":[{"count":3,"href":"https:\/\/www.varprovence-cruise.com\/fr\/wp-json\/wp\/v2\/pages\/2125\/revisions"}],"predecessor-version":[{"id":17219,"href":"https:\/\/www.varprovence-cruise.com\/fr\/wp-json\/wp\/v2\/pages\/2125\/revisions\/17219"}],"up":[{"embeddable":true,"href":"https:\/\/www.varprovence-cruise.com\/fr\/wp-json\/wp\/v2\/pages\/147"}],"wp:featuredmedia":[{"embeddable":true,"href":"https:\/\/www.varprovence-cruise.com\/fr\/wp-json\/wp\/v2\/media\/3779"}],"wp:attachment":[{"href":"https:\/\/www.varprovence-cruise.com\/fr\/wp-json\/wp\/v2\/media?parent=2125"}],"curies":[{"name":"wp","href":"https:\/\/api.w.org\/{rel}","templated":true}]}}